{"id":974,"date":"2025-02-03T21:57:55","date_gmt":"2025-02-03T20:57:55","guid":{"rendered":"http:\/\/lebiopretaplanter.fr\/?page_id=974"},"modified":"2026-03-29T19:50:56","modified_gmt":"2026-03-29T17:50:56","slug":"oignon","status":"publish","type":"page","link":"http:\/\/lebiopretaplanter.fr\/index.php\/oignon\/","title":{"rendered":"Oignon"},"content":{"rendered":"\n<h2 class=\"wp-block-heading has-text-align-center\"><strong>Nos plants d&rsquo;oignons sont disponibles : de d\u00e9but mars \u00e0 fin octobre<\/strong><\/h2>\n\n\n\n<p>Famille : Alliac\u00e9es<br>Nom latin : <em>Allium cepa L.<\/em><br>Vari\u00e9t\u00e9s produites : blanc gladstone, blanc musona, cebette ishikura long white,  jaune des c\u00e9v\u00e8nnes,  jaune sturon, rosa lunga di firenze,  rouge de toulouges, rouge red baron, rouge tropea tonda.<\/p>\n\n\n\n<div class=\"wp-block-group is-content-justification-center is-nowrap is-layout-flex wp-container-core-group-is-layout-9193781b wp-block-group-is-layout-flex\">\n<figure class=\"wp-block-image aligncenter size-full is-resized wp-duotone-unset-1\"><img loading=\"lazy\" decoding=\"async\" width=\"606\" height=\"535\" src=\"http:\/\/lebiopretaplanter.fr\/wp-content\/uploads\/2025\/02\/oignon-blanc-GLADSTONE.jpg\" alt=\"\" class=\"wp-image-976\" style=\"width:290px;height:auto\" srcset=\"http:\/\/lebiopretaplanter.fr\/wp-content\/uploads\/2025\/02\/oignon-blanc-GLADSTONE.jpg 606w, http:\/\/lebiopretaplanter.fr\/wp-content\/uploads\/2025\/02\/oignon-blanc-GLADSTONE-300x265.jpg 300w\" sizes=\"auto, (max-width: 606px) 100vw, 606px\" \/><figcaption class=\"wp-element-caption\">oignon blanc gladstone<\/figcaption><\/figure>\n\n\n\n<figure class=\"wp-block-image aligncenter size-full is-resized wp-duotone-unset-2\"><img loading=\"lazy\" decoding=\"async\" width=\"604\" height=\"533\" src=\"http:\/\/lebiopretaplanter.fr\/wp-content\/uploads\/2025\/02\/oignon-blanc-tonda-musona.jpg\" alt=\"\" class=\"wp-image-977\" style=\"width:290px;height:auto\" srcset=\"http:\/\/lebiopretaplanter.fr\/wp-content\/uploads\/2025\/02\/oignon-blanc-tonda-musona.jpg 604w, http:\/\/lebiopretaplanter.fr\/wp-content\/uploads\/2025\/02\/oignon-blanc-tonda-musona-300x265.jpg 300w\" sizes=\"auto, (max-width: 604px) 100vw, 604px\" \/><figcaption class=\"wp-element-caption\">oignon blanc musona<\/figcaption><\/figure>\n\n\n\n<figure class=\"wp-block-image aligncenter size-full is-resized wp-duotone-unset-3\"><img loading=\"lazy\" decoding=\"async\" width=\"603\" height=\"534\" src=\"http:\/\/lebiopretaplanter.fr\/wp-content\/uploads\/2025\/02\/OIGNON-CEBETTE-ISHIKURA.jpg\" alt=\"\" class=\"wp-image-975\" style=\"width:290px;height:auto\" srcset=\"http:\/\/lebiopretaplanter.fr\/wp-content\/uploads\/2025\/02\/OIGNON-CEBETTE-ISHIKURA.jpg 603w, http:\/\/lebiopretaplanter.fr\/wp-content\/uploads\/2025\/02\/OIGNON-CEBETTE-ISHIKURA-300x266.jpg 300w\" sizes=\"auto, (max-width: 603px) 100vw, 603px\" \/><figcaption class=\"wp-element-caption\">oignon cebette ishikura long white<\/figcaption><\/figure>\n<\/div>\n\n\n\n<div class=\"wp-block-group is-content-justification-center is-nowrap is-layout-flex wp-container-core-group-is-layout-9193781b wp-block-group-is-layout-flex\">\n<figure class=\"wp-block-image aligncenter size-full is-resized wp-duotone-unset-4\"><img loading=\"lazy\" decoding=\"async\" width=\"604\" height=\"531\" src=\"http:\/\/lebiopretaplanter.fr\/wp-content\/uploads\/2025\/02\/oignon-jaune-des-cevennes.jpg\" alt=\"\" class=\"wp-image-978\" style=\"width:290px;height:auto\" srcset=\"http:\/\/lebiopretaplanter.fr\/wp-content\/uploads\/2025\/02\/oignon-jaune-des-cevennes.jpg 604w, http:\/\/lebiopretaplanter.fr\/wp-content\/uploads\/2025\/02\/oignon-jaune-des-cevennes-300x264.jpg 300w\" sizes=\"auto, (max-width: 604px) 100vw, 604px\" \/><figcaption class=\"wp-element-caption\">oignon jaune des c\u00e9v\u00e8nnes<\/figcaption><\/figure>\n\n\n\n<figure class=\"wp-block-image aligncenter size-full is-resized wp-duotone-unset-5\"><img loading=\"lazy\" decoding=\"async\" width=\"603\" height=\"535\" src=\"http:\/\/lebiopretaplanter.fr\/wp-content\/uploads\/2025\/02\/oignon-sturon.jpg\" alt=\"\" class=\"wp-image-979\" style=\"width:290px;height:auto\" srcset=\"http:\/\/lebiopretaplanter.fr\/wp-content\/uploads\/2025\/02\/oignon-sturon.jpg 603w, http:\/\/lebiopretaplanter.fr\/wp-content\/uploads\/2025\/02\/oignon-sturon-300x266.jpg 300w\" sizes=\"auto, (max-width: 603px) 100vw, 603px\" \/><figcaption class=\"wp-element-caption\">oignon jaune sturon<\/figcaption><\/figure>\n\n\n\n<figure class=\"wp-block-image aligncenter size-full is-resized wp-duotone-unset-6\"><img loading=\"lazy\" decoding=\"async\" width=\"604\" height=\"535\" src=\"http:\/\/lebiopretaplanter.fr\/wp-content\/uploads\/2025\/02\/oignon-rosa-lunga-di-firenze.jpg\" alt=\"\" class=\"wp-image-980\" style=\"width:290px;height:auto\" srcset=\"http:\/\/lebiopretaplanter.fr\/wp-content\/uploads\/2025\/02\/oignon-rosa-lunga-di-firenze.jpg 604w, http:\/\/lebiopretaplanter.fr\/wp-content\/uploads\/2025\/02\/oignon-rosa-lunga-di-firenze-300x266.jpg 300w\" sizes=\"auto, (max-width: 604px) 100vw, 604px\" \/><figcaption class=\"wp-element-caption\">oignon rosa lunga di firenze<\/figcaption><\/figure>\n<\/div>\n\n\n\n<div class=\"wp-block-group is-content-justification-center is-nowrap is-layout-flex wp-container-core-group-is-layout-9193781b wp-block-group-is-layout-flex\">\n<figure class=\"wp-block-image aligncenter size-full is-resized wp-duotone-unset-7\"><img loading=\"lazy\" decoding=\"async\" width=\"602\" height=\"532\" src=\"http:\/\/lebiopretaplanter.fr\/wp-content\/uploads\/2025\/02\/oignon-rouge-de-toulouges.jpg\" alt=\"\" class=\"wp-image-981\" style=\"width:290px;height:auto\" srcset=\"http:\/\/lebiopretaplanter.fr\/wp-content\/uploads\/2025\/02\/oignon-rouge-de-toulouges.jpg 602w, http:\/\/lebiopretaplanter.fr\/wp-content\/uploads\/2025\/02\/oignon-rouge-de-toulouges-300x265.jpg 300w\" sizes=\"auto, (max-width: 602px) 100vw, 602px\" \/><figcaption class=\"wp-element-caption\">oignon rouge de toulouges<\/figcaption><\/figure>\n\n\n\n<figure class=\"wp-block-image aligncenter size-full is-resized wp-duotone-unset-8\"><img loading=\"lazy\" decoding=\"async\" width=\"604\" height=\"534\" src=\"http:\/\/lebiopretaplanter.fr\/wp-content\/uploads\/2025\/02\/oignon-rouge-red-baron.jpg\" alt=\"\" class=\"wp-image-982\" style=\"width:290px;height:auto\" srcset=\"http:\/\/lebiopretaplanter.fr\/wp-content\/uploads\/2025\/02\/oignon-rouge-red-baron.jpg 604w, http:\/\/lebiopretaplanter.fr\/wp-content\/uploads\/2025\/02\/oignon-rouge-red-baron-300x265.jpg 300w\" sizes=\"auto, (max-width: 604px) 100vw, 604px\" \/><figcaption class=\"wp-element-caption\">oignon rouge red baron<\/figcaption><\/figure>\n\n\n\n<figure class=\"wp-block-image aligncenter size-full is-resized wp-duotone-unset-9\"><img loading=\"lazy\" decoding=\"async\" width=\"604\" height=\"533\" src=\"http:\/\/lebiopretaplanter.fr\/wp-content\/uploads\/2025\/02\/oignon-rouge-tropea-tonda.jpg\" alt=\"\" class=\"wp-image-983\" style=\"width:290px;height:auto\" srcset=\"http:\/\/lebiopretaplanter.fr\/wp-content\/uploads\/2025\/02\/oignon-rouge-tropea-tonda.jpg 604w, http:\/\/lebiopretaplanter.fr\/wp-content\/uploads\/2025\/02\/oignon-rouge-tropea-tonda-300x265.jpg 300w\" sizes=\"auto, (max-width: 604px) 100vw, 604px\" \/><figcaption class=\"wp-element-caption\">oignon rouge tropea tonda<\/figcaption><\/figure>\n<\/div>\n\n\n\n<div class=\"wp-block-group is-layout-constrained wp-block-group-is-layout-constrained\">\n<h1 class=\"wp-block-heading has-text-align-left has-primary-color has-background-background-color has-text-color has-background has-link-color wp-elements-4d787b837dabb200ba8e59f0ba6e38f7\" style=\"padding-top:var(--wp--preset--spacing--20);padding-right:var(--wp--preset--spacing--20);padding-bottom:var(--wp--preset--spacing--20);padding-left:var(--wp--preset--spacing--20)\">M\u00e9thode de culture des oignons :<\/h1>\n\n\n\n<p>\ud83c\udf31 <strong>Pr\u00e9sentation<\/strong> : L\u2019oignon est une <strong>plante bisannuelle<\/strong>, cultiv\u00e9e comme annuelle pour ses bulbes savoureux. Il existe de nombreuses vari\u00e9t\u00e9s \u00e0 chair blanche, jaune ou rouge, utilis\u00e9es crues en salade, cuites dans les plats ou conserv\u00e9es longtemps gr\u00e2ce \u00e0 leur bonne tenue.<\/p>\n\n\n\n<p>\u2600\ufe0f <strong>Exposition<\/strong> : L\u2019oignon pr\u00e9f\u00e8re une exposition ensoleill\u00e9e, au minimum 6 heures de soleil par jour, pour favoriser la formation de bulbes fermes.<\/p>\n\n\n\n<p>\ud83c\udf3f <strong>Sol<\/strong> : Il se d\u00e9veloppe dans un sol fertile, l\u00e9ger, bien drain\u00e9 et enrichi en mati\u00e8re organique. L\u2019apport de compost bien d\u00e9compos\u00e9 avant la plantation favorise des bulbes volumineux et sains.<\/p>\n\n\n\n<p>\ud83c\udf3e <strong>Plantation<\/strong> : Planter les plants en <strong>mini-mottes<\/strong> (1 \u00e0 3 brins par motte), <strong>sans les s\u00e9parer<\/strong>, tous les 15 cm environ. Espacer les rangs de 30 \u00e0 40 cm pour permettre un bon d\u00e9veloppement des bulbes. Enfoncer l\u00e9g\u00e8rement les plants pour que la motte soit en contact avec le sol.<\/p>\n\n\n\n<p>\ud83d\udca7 <strong>Arrosage<\/strong> : Maintenir le sol frais pendant la croissance, surtout en d\u00e9but de formation du bulbe, sans exc\u00e8s pour \u00e9viter le pourrissement.<\/p>\n\n\n\n<p>\ud83d\udee0\ufe0f <strong>Entretien<\/strong> :<\/p>\n\n\n\n<ul class=\"wp-block-list\">\n<li>Biner et d\u00e9sherber r\u00e9guli\u00e8rement autour des plants<\/li>\n\n\n\n<li>Apporter du compost si n\u00e9cessaire<\/li>\n\n\n\n<li>Surveiller l\u2019humidit\u00e9 du sol<\/li>\n\n\n\n<li>Retirer les feuilles ab\u00eem\u00e9es ou malades<\/li>\n<\/ul>\n\n\n\n<p>\u2702\ufe0f <strong>R\u00e9colte<\/strong> : R\u00e9colter lorsque les feuilles jaunissent et commencent \u00e0 se coucher. Sortir d\u00e9licatement les bulbes pour ne pas les ab\u00eemer et les faire s\u00e9cher quelques jours avant stockage. Pour les vari\u00e9t\u00e9s douces, ils peuvent \u00eatre consomm\u00e9es frais en cebette avec leurs fanes.<\/p>\n\n\n\n<p>\ud83c\udf31 <strong>\u00c0 consommer<\/strong> : Les oignons se consomment crus en salade, cuits dans les plats saut\u00e9s, soupes, gratins, sauces ou marinades. Ils se conservent plusieurs semaines dans un endroit frais et sec.<\/p>\n<\/div>\n","protected":false},"excerpt":{"rendered":"<p>Nos plants d&rsquo;oignons sont disponibles : de d\u00e9but mars \u00e0 fin octobre Famille : Alliac\u00e9esNom latin : Allium cepa L.Vari\u00e9t\u00e9s produites : blanc gladstone, blanc musona, cebette ishikura long white, jaune des c\u00e9v\u00e8nnes, jaune sturon, rosa lunga di firenze, rouge de toulouges, rouge red baron, rouge tropea tonda. M\u00e9thode de culture des oignons : \ud83c\udf31 [&hellip;]<\/p>\n","protected":false},"author":1,"featured_media":0,"parent":0,"menu_order":0,"comment_status":"closed","ping_status":"closed","template":"","meta":{"footnotes":""},"class_list":["post-974","page","type-page","status-publish","hentry"],"_links":{"self":[{"href":"http:\/\/lebiopretaplanter.fr\/index.php\/wp-json\/wp\/v2\/pages\/974","targetHints":{"allow":["GET"]}}],"collection":[{"href":"http:\/\/lebiopretaplanter.fr\/index.php\/wp-json\/wp\/v2\/pages"}],"about":[{"href":"http:\/\/lebiopretaplanter.fr\/index.php\/wp-json\/wp\/v2\/types\/page"}],"author":[{"embeddable":true,"href":"http:\/\/lebiopretaplanter.fr\/index.php\/wp-json\/wp\/v2\/users\/1"}],"replies":[{"embeddable":true,"href":"http:\/\/lebiopretaplanter.fr\/index.php\/wp-json\/wp\/v2\/comments?post=974"}],"version-history":[{"count":3,"href":"http:\/\/lebiopretaplanter.fr\/index.php\/wp-json\/wp\/v2\/pages\/974\/revisions"}],"predecessor-version":[{"id":1537,"href":"http:\/\/lebiopretaplanter.fr\/index.php\/wp-json\/wp\/v2\/pages\/974\/revisions\/1537"}],"wp:attachment":[{"href":"http:\/\/lebiopretaplanter.fr\/index.php\/wp-json\/wp\/v2\/media?parent=974"}],"curies":[{"name":"wp","href":"https:\/\/api.w.org\/{rel}","templated":true}]}}