{"id":952,"date":"2025-02-03T19:38:35","date_gmt":"2025-02-03T18:38:35","guid":{"rendered":"http:\/\/lebiopretaplanter.fr\/?page_id=952"},"modified":"2026-03-29T21:52:49","modified_gmt":"2026-03-29T19:52:49","slug":"betterave","status":"publish","type":"page","link":"http:\/\/lebiopretaplanter.fr\/index.php\/betterave\/","title":{"rendered":"Betterave"},"content":{"rendered":"\n<h2 class=\"wp-block-heading has-text-align-center\"><strong>Nos plants de betterave sont disponibles : de mi mai \u00e0 mi septembre<\/strong><\/h2>\n\n\n\n<p>Famille : Amaranthac\u00e9es<br>Nom latin : Beta vulgaris subsp. vulgaris<br>Vari\u00e9t\u00e9s produites : bolivar, chioggia, cylindra, golden.<\/p>\n\n\n\n<div class=\"wp-block-group is-content-justification-center is-nowrap is-layout-flex wp-container-core-group-is-layout-9193781b wp-block-group-is-layout-flex\">\n<figure class=\"wp-block-image aligncenter size-full is-resized wp-duotone-unset-1\"><img loading=\"lazy\" decoding=\"async\" width=\"606\" height=\"534\" src=\"http:\/\/lebiopretaplanter.fr\/wp-content\/uploads\/2025\/02\/betterave-bolivar.jpg\" alt=\"\" class=\"wp-image-953\" style=\"width:290px;height:auto\" srcset=\"http:\/\/lebiopretaplanter.fr\/wp-content\/uploads\/2025\/02\/betterave-bolivar.jpg 606w, http:\/\/lebiopretaplanter.fr\/wp-content\/uploads\/2025\/02\/betterave-bolivar-300x264.jpg 300w\" sizes=\"auto, (max-width: 606px) 100vw, 606px\" \/><figcaption class=\"wp-element-caption\">betterave bolivar<\/figcaption><\/figure>\n\n\n\n<figure class=\"wp-block-image aligncenter size-full is-resized wp-duotone-unset-2\"><img loading=\"lazy\" decoding=\"async\" width=\"604\" height=\"532\" src=\"http:\/\/lebiopretaplanter.fr\/wp-content\/uploads\/2025\/02\/betterave-chioggia.jpg\" alt=\"\" class=\"wp-image-954\" style=\"width:290px;height:auto\" srcset=\"http:\/\/lebiopretaplanter.fr\/wp-content\/uploads\/2025\/02\/betterave-chioggia.jpg 604w, http:\/\/lebiopretaplanter.fr\/wp-content\/uploads\/2025\/02\/betterave-chioggia-300x264.jpg 300w\" sizes=\"auto, (max-width: 604px) 100vw, 604px\" \/><figcaption class=\"wp-element-caption\">betterave chioggia<\/figcaption><\/figure>\n<\/div>\n\n\n\n<div class=\"wp-block-group is-content-justification-center is-nowrap is-layout-flex wp-container-core-group-is-layout-9193781b wp-block-group-is-layout-flex\">\n<figure class=\"wp-block-image aligncenter size-full is-resized wp-duotone-unset-3\"><img loading=\"lazy\" decoding=\"async\" width=\"603\" height=\"531\" src=\"http:\/\/lebiopretaplanter.fr\/wp-content\/uploads\/2025\/02\/betterave-cylindra.jpg\" alt=\"\" class=\"wp-image-955\" style=\"width:290px;height:auto\" srcset=\"http:\/\/lebiopretaplanter.fr\/wp-content\/uploads\/2025\/02\/betterave-cylindra.jpg 603w, http:\/\/lebiopretaplanter.fr\/wp-content\/uploads\/2025\/02\/betterave-cylindra-300x264.jpg 300w\" sizes=\"auto, (max-width: 603px) 100vw, 603px\" \/><figcaption class=\"wp-element-caption\">betterave cylindra<\/figcaption><\/figure>\n\n\n\n<figure class=\"wp-block-image aligncenter size-full is-resized wp-duotone-unset-4\"><img loading=\"lazy\" decoding=\"async\" width=\"604\" height=\"535\" src=\"http:\/\/lebiopretaplanter.fr\/wp-content\/uploads\/2025\/02\/betterave-golden.jpg\" alt=\"\" class=\"wp-image-956\" style=\"width:290px;height:auto\" srcset=\"http:\/\/lebiopretaplanter.fr\/wp-content\/uploads\/2025\/02\/betterave-golden.jpg 604w, http:\/\/lebiopretaplanter.fr\/wp-content\/uploads\/2025\/02\/betterave-golden-300x266.jpg 300w\" sizes=\"auto, (max-width: 604px) 100vw, 604px\" \/><figcaption class=\"wp-element-caption\">betterave golden<\/figcaption><\/figure>\n<\/div>\n\n\n\n<div class=\"wp-block-group is-layout-constrained wp-block-group-is-layout-constrained\">\n<p class=\"has-text-align-center\"><\/p>\n\n\n\n<h1 class=\"wp-block-heading has-text-align-left has-primary-color has-background-background-color has-text-color has-background has-link-color wp-elements-82cc306411c0cc21d5f580a895b36c4b\" style=\"padding-top:var(--wp--preset--spacing--20);padding-right:var(--wp--preset--spacing--20);padding-bottom:var(--wp--preset--spacing--20);padding-left:var(--wp--preset--spacing--20)\">M\u00e9thode de culture des betteraves :<\/h1>\n\n\n\n<p>\ud83c\udf31 <strong>Pr\u00e9sentation<\/strong> : La betterave est une <strong>plante bisannuelle<\/strong>, cultiv\u00e9e comme annuelle pour ses <strong>racines charnues et sucr\u00e9es<\/strong>, ainsi que pour ses <strong>feuilles comestibles<\/strong>. Les racines peuvent se consommer cuites ou crues, et les feuilles sont utilis\u00e9es comme l\u00e9gume vert.<\/p>\n\n\n\n<p>\u2600\ufe0f <strong>Exposition<\/strong> : Pr\u00e9f\u00e8re une <strong>exposition ensoleill\u00e9e<\/strong>, mais tol\u00e8re une l\u00e9g\u00e8re mi-ombre.<\/p>\n\n\n\n<p>\ud83c\udf3f <strong>Sol<\/strong> : Appr\u00e9cie un sol <strong>profond, fertile, bien drain\u00e9 et riche en mati\u00e8re organique<\/strong>. \u00c9viter les sols trop lourds ou argileux qui d\u00e9forment la racine. Un apport de compost \u00e0 la plantation favorise un bon d\u00e9veloppement.<\/p>\n\n\n\n<p>\ud83d\udca7 <strong>Arrosage<\/strong> : Maintenir le sol <strong>humide<\/strong>, surtout pendant la formation des racines, pour \u00e9viter qu\u2019elles deviennent dures ou fibreuses.<\/p>\n\n\n\n<p>\ud83d\udee0\ufe0f <strong>Entretien<\/strong> :<\/p>\n\n\n\n<ul class=\"wp-block-list\">\n<li>D\u00e9sherber et biner autour des plants pour faciliter l\u2019a\u00e9ration du sol.<\/li>\n\n\n\n<li>Retirer les feuilles ab\u00eem\u00e9es pour favoriser la croissance de la racine.<\/li>\n\n\n\n<li>Surveiller la mont\u00e9e \u00e0 graines si le plant est stress\u00e9 par la chaleur ou un manque d\u2019eau.<\/li>\n<\/ul>\n\n\n\n<p>\ud83c\udf3e <strong>Plantation<\/strong> : Espacer les plants de <strong>20 \u00e0 30 cm<\/strong>, selon la taille de la racine souhait\u00e9e.<\/p>\n\n\n\n<p>\u2702\ufe0f <strong>R\u00e9colte<\/strong> : R\u00e9colter lorsque les racines sont <strong>pleines et fermes<\/strong>, g\u00e9n\u00e9ralement apr\u00e8s 2 \u00e0 3 mois de culture. Les feuilles peuvent \u00eatre consomm\u00e9es en salade ou cuites comme des \u00e9pinards.<\/p>\n\n\n\n<p>\ud83c\udf31 <strong>\u00c0 consommer<\/strong> : Racines crues ou cuites, en salade, soupe, jus ou gratin ; feuilles en salade ou cuites.<\/p>\n<\/div>\n","protected":false},"excerpt":{"rendered":"<p>Nos plants de betterave sont disponibles : de mi mai \u00e0 mi septembre Famille : Amaranthac\u00e9esNom latin : Beta vulgaris subsp. vulgarisVari\u00e9t\u00e9s produites : bolivar, chioggia, cylindra, golden. M\u00e9thode de culture des betteraves : \ud83c\udf31 Pr\u00e9sentation : La betterave est une plante bisannuelle, cultiv\u00e9e comme annuelle pour ses racines charnues et sucr\u00e9es, ainsi que pour [&hellip;]<\/p>\n","protected":false},"author":1,"featured_media":0,"parent":0,"menu_order":0,"comment_status":"closed","ping_status":"closed","template":"","meta":{"footnotes":""},"class_list":["post-952","page","type-page","status-publish","hentry"],"_links":{"self":[{"href":"http:\/\/lebiopretaplanter.fr\/index.php\/wp-json\/wp\/v2\/pages\/952","targetHints":{"allow":["GET"]}}],"collection":[{"href":"http:\/\/lebiopretaplanter.fr\/index.php\/wp-json\/wp\/v2\/pages"}],"about":[{"href":"http:\/\/lebiopretaplanter.fr\/index.php\/wp-json\/wp\/v2\/types\/page"}],"author":[{"embeddable":true,"href":"http:\/\/lebiopretaplanter.fr\/index.php\/wp-json\/wp\/v2\/users\/1"}],"replies":[{"embeddable":true,"href":"http:\/\/lebiopretaplanter.fr\/index.php\/wp-json\/wp\/v2\/comments?post=952"}],"version-history":[{"count":2,"href":"http:\/\/lebiopretaplanter.fr\/index.php\/wp-json\/wp\/v2\/pages\/952\/revisions"}],"predecessor-version":[{"id":1594,"href":"http:\/\/lebiopretaplanter.fr\/index.php\/wp-json\/wp\/v2\/pages\/952\/revisions\/1594"}],"wp:attachment":[{"href":"http:\/\/lebiopretaplanter.fr\/index.php\/wp-json\/wp\/v2\/media?parent=952"}],"curies":[{"name":"wp","href":"https:\/\/api.w.org\/{rel}","templated":true}]}}