{"id":943,"date":"2025-02-03T19:24:55","date_gmt":"2025-02-03T18:24:55","guid":{"rendered":"http:\/\/lebiopretaplanter.fr\/?page_id=943"},"modified":"2026-03-29T20:09:52","modified_gmt":"2026-03-29T18:09:52","slug":"haricot-mangetout","status":"publish","type":"page","link":"http:\/\/lebiopretaplanter.fr\/index.php\/haricot-mangetout\/","title":{"rendered":"Haricot vert"},"content":{"rendered":"\n<h2 class=\"wp-block-heading has-text-align-center\"><strong>Nos plants d&rsquo;haricots sont disponibles : de mi mai \u00e0 mi juillet<\/strong><\/h2>\n\n\n\n<p>Famille : Fabac\u00e9es<br>Nom latin : <em>Phaseolus vulgaris&nbsp;<\/em>L.<br>Vari\u00e9t\u00e9s produites : emerite \u00e0 rames, pongo nain<\/p>\n\n\n\n<div class=\"wp-block-group is-content-justification-center is-nowrap is-layout-flex wp-container-core-group-is-layout-9193781b wp-block-group-is-layout-flex\">\n<figure class=\"wp-block-image aligncenter size-full is-resized wp-duotone-unset-1\"><img loading=\"lazy\" decoding=\"async\" width=\"604\" height=\"528\" src=\"http:\/\/lebiopretaplanter.fr\/wp-content\/uploads\/2025\/02\/haricot-emerite.jpg\" alt=\"\" class=\"wp-image-944\" style=\"width:290px;height:auto\" srcset=\"http:\/\/lebiopretaplanter.fr\/wp-content\/uploads\/2025\/02\/haricot-emerite.jpg 604w, http:\/\/lebiopretaplanter.fr\/wp-content\/uploads\/2025\/02\/haricot-emerite-300x262.jpg 300w\" sizes=\"auto, (max-width: 604px) 100vw, 604px\" \/><figcaption class=\"wp-element-caption\">haricot emerite, \u00e0 rames<\/figcaption><\/figure>\n\n\n\n<figure class=\"wp-block-image aligncenter size-full is-resized wp-duotone-unset-2\"><img loading=\"lazy\" decoding=\"async\" width=\"604\" height=\"535\" src=\"http:\/\/lebiopretaplanter.fr\/wp-content\/uploads\/2025\/02\/haricot-pongo.jpg\" alt=\"\" class=\"wp-image-946\" style=\"width:290px;height:auto\" srcset=\"http:\/\/lebiopretaplanter.fr\/wp-content\/uploads\/2025\/02\/haricot-pongo.jpg 604w, http:\/\/lebiopretaplanter.fr\/wp-content\/uploads\/2025\/02\/haricot-pongo-300x266.jpg 300w\" sizes=\"auto, (max-width: 604px) 100vw, 604px\" \/><figcaption class=\"wp-element-caption\">haricot pongo, nain<\/figcaption><\/figure>\n<\/div>\n\n\n\n<div class=\"wp-block-group is-layout-constrained wp-block-group-is-layout-constrained\">\n<h1 class=\"wp-block-heading has-text-align-left has-primary-color has-background-background-color has-text-color has-background has-link-color wp-elements-5f7f8d6e5dfd4b87803c355fb6fb13f5\" style=\"padding-top:var(--wp--preset--spacing--20);padding-right:var(--wp--preset--spacing--20);padding-bottom:var(--wp--preset--spacing--20);padding-left:var(--wp--preset--spacing--20)\">M\u00e9thode de culture des haricots verts :<\/h1>\n\n\n\n<p>\ud83c\udf31 <strong>Pr\u00e9sentation<\/strong> : Le haricot vert est une <strong>plante annuelle<\/strong>, cultiv\u00e9e pour ses gousses tendres et savoureuses. Les vari\u00e9t\u00e9s naines restent compactes tandis que les vari\u00e9t\u00e9s grimpantes n\u00e9cessitent un support. Les haricots verts se consomment frais, cuits \u00e0 la vapeur, saut\u00e9s ou en salade.<\/p>\n\n\n\n<p>\u2600\ufe0f <strong>Exposition<\/strong> : Les haricots verts pr\u00e9f\u00e8rent une exposition ensoleill\u00e9e pour une bonne croissance et une production optimale.<\/p>\n\n\n\n<p>\ud83c\udf3f <strong>Sol<\/strong> : Ils se d\u00e9veloppent dans un sol fertile, l\u00e9ger, bien drain\u00e9 et riche en mati\u00e8re organique. Un apport de compost bien d\u00e9compos\u00e9 avant plantation favorise la formation de gousses saines et abondantes.<\/p>\n\n\n\n<p>\ud83c\udf3e <strong>Plantation<\/strong> :<\/p>\n\n\n\n<ul class=\"wp-block-list\">\n<li><strong>Vari\u00e9t\u00e9s naines<\/strong> : planter les plants tous les 25 \u00e0 30 cm, avec 40 \u00e0 50 cm entre les rangs.<\/li>\n\n\n\n<li><strong>Vari\u00e9t\u00e9s grimpantes<\/strong> : planter les plants tous les 30 \u00e0 40 cm, avec 50 \u00e0 70 cm entre les rangs. Installer un tuteur, treillis ou tipi pour que les plants grimpants puissent s\u2019\u00e9taler.<\/li>\n<\/ul>\n\n\n\n<p>\ud83d\udca7 <strong>Arrosage<\/strong> : Maintenir le sol humide, surtout pendant la floraison et la formation des gousses, sans exc\u00e8s pour \u00e9viter la pourriture des racines.<\/p>\n\n\n\n<p>\ud83d\udee0\ufe0f <strong>Entretien<\/strong> :<\/p>\n\n\n\n<ul class=\"wp-block-list\">\n<li>Biner et d\u00e9sherber autour des plants<\/li>\n\n\n\n<li>Surveiller l\u2019humidit\u00e9 du sol<\/li>\n\n\n\n<li>Apporter du compost si n\u00e9cessaire<\/li>\n\n\n\n<li>Palisser les vari\u00e9t\u00e9s grimpantes pour soutenir les tiges charg\u00e9es de gousses<\/li>\n<\/ul>\n\n\n\n<p>\u2702\ufe0f <strong>R\u00e9colte<\/strong> : R\u00e9colter r\u00e9guli\u00e8rement les gousses lorsqu\u2019elles sont bien d\u00e9velopp\u00e9es mais encore tendres, pour prolonger la production. Couper les gousses avec un couteau ou les casser \u00e0 la main, sans arracher la plante.<\/p>\n\n\n\n<p>\ud83c\udf31 <strong>\u00c0 consommer<\/strong> : Les haricots verts se consomment frais \u00e0 la vapeur, saut\u00e9s, en gratin ou en salade. Leur go\u00fbt tendre et l\u00e9g\u00e8rement sucr\u00e9 s\u2019accorde avec de nombreuses pr\u00e9parations.<\/p>\n<\/div>\n","protected":false},"excerpt":{"rendered":"<p>Nos plants d&rsquo;haricots sont disponibles : de mi mai \u00e0 mi juillet Famille : Fabac\u00e9esNom latin : Phaseolus vulgaris&nbsp;L.Vari\u00e9t\u00e9s produites : emerite \u00e0 rames, pongo nain M\u00e9thode de culture des haricots verts : \ud83c\udf31 Pr\u00e9sentation : Le haricot vert est une plante annuelle, cultiv\u00e9e pour ses gousses tendres et savoureuses. Les vari\u00e9t\u00e9s naines restent compactes [&hellip;]<\/p>\n","protected":false},"author":1,"featured_media":0,"parent":0,"menu_order":0,"comment_status":"closed","ping_status":"closed","template":"","meta":{"footnotes":""},"class_list":["post-943","page","type-page","status-publish","hentry"],"_links":{"self":[{"href":"http:\/\/lebiopretaplanter.fr\/index.php\/wp-json\/wp\/v2\/pages\/943","targetHints":{"allow":["GET"]}}],"collection":[{"href":"http:\/\/lebiopretaplanter.fr\/index.php\/wp-json\/wp\/v2\/pages"}],"about":[{"href":"http:\/\/lebiopretaplanter.fr\/index.php\/wp-json\/wp\/v2\/types\/page"}],"author":[{"embeddable":true,"href":"http:\/\/lebiopretaplanter.fr\/index.php\/wp-json\/wp\/v2\/users\/1"}],"replies":[{"embeddable":true,"href":"http:\/\/lebiopretaplanter.fr\/index.php\/wp-json\/wp\/v2\/comments?post=943"}],"version-history":[{"count":6,"href":"http:\/\/lebiopretaplanter.fr\/index.php\/wp-json\/wp\/v2\/pages\/943\/revisions"}],"predecessor-version":[{"id":1549,"href":"http:\/\/lebiopretaplanter.fr\/index.php\/wp-json\/wp\/v2\/pages\/943\/revisions\/1549"}],"wp:attachment":[{"href":"http:\/\/lebiopretaplanter.fr\/index.php\/wp-json\/wp\/v2\/media?parent=943"}],"curies":[{"name":"wp","href":"https:\/\/api.w.org\/{rel}","templated":true}]}}