{"id":910,"date":"2025-02-02T21:34:10","date_gmt":"2025-02-02T20:34:10","guid":{"rendered":"http:\/\/lebiopretaplanter.fr\/?page_id=910"},"modified":"2026-03-29T19:48:12","modified_gmt":"2026-03-29T17:48:12","slug":"pasteque","status":"publish","type":"page","link":"http:\/\/lebiopretaplanter.fr\/index.php\/pasteque\/","title":{"rendered":"Past\u00e8que"},"content":{"rendered":"\n<h2 class=\"wp-block-heading has-text-align-center\"><strong>Nos plants de past\u00e8que sont disponibles : de d\u00e9but mai \u00e0 d\u00e9but<strong> juillet<\/strong><\/strong><\/h2>\n\n\n\n<p>Famille : Cucurbitac\u00e9es<br>Nom latin : Citrullus lanatus (Thunb.) Matsum et Naka\u00ef<br>Vari\u00e9t\u00e9s produites : \u00e0 confiture, early moon, sugar baby.<br><\/p>\n\n\n\n<div class=\"wp-block-group is-content-justification-center is-nowrap is-layout-flex wp-container-core-group-is-layout-9193781b wp-block-group-is-layout-flex\">\n<figure class=\"wp-block-image aligncenter size-full is-resized wp-duotone-unset-1\"><img loading=\"lazy\" decoding=\"async\" width=\"604\" height=\"531\" src=\"http:\/\/lebiopretaplanter.fr\/wp-content\/uploads\/2025\/02\/pasteque-a-confiture.jpg\" alt=\"\" class=\"wp-image-911\" style=\"width:290px;height:auto\" srcset=\"http:\/\/lebiopretaplanter.fr\/wp-content\/uploads\/2025\/02\/pasteque-a-confiture.jpg 604w, http:\/\/lebiopretaplanter.fr\/wp-content\/uploads\/2025\/02\/pasteque-a-confiture-300x264.jpg 300w\" sizes=\"auto, (max-width: 604px) 100vw, 604px\" \/><figcaption class=\"wp-element-caption\">past\u00e8que \u00e0 confiture<\/figcaption><\/figure>\n\n\n\n<figure class=\"wp-block-image aligncenter size-full is-resized wp-duotone-unset-2\"><img loading=\"lazy\" decoding=\"async\" width=\"602\" height=\"535\" src=\"http:\/\/lebiopretaplanter.fr\/wp-content\/uploads\/2025\/02\/pasteque-early-moon.jpg\" alt=\"\" class=\"wp-image-912\" style=\"width:290px;height:auto\" srcset=\"http:\/\/lebiopretaplanter.fr\/wp-content\/uploads\/2025\/02\/pasteque-early-moon.jpg 602w, http:\/\/lebiopretaplanter.fr\/wp-content\/uploads\/2025\/02\/pasteque-early-moon-300x267.jpg 300w\" sizes=\"auto, (max-width: 602px) 100vw, 602px\" \/><figcaption class=\"wp-element-caption\">past\u00e8que early moon<\/figcaption><\/figure>\n\n\n\n<figure class=\"wp-block-image aligncenter size-full is-resized wp-duotone-unset-3\"><img loading=\"lazy\" decoding=\"async\" width=\"604\" height=\"535\" src=\"http:\/\/lebiopretaplanter.fr\/wp-content\/uploads\/2025\/02\/pasteque-sugar-baby.jpg\" alt=\"\" class=\"wp-image-913\" style=\"width:290px;height:auto\" srcset=\"http:\/\/lebiopretaplanter.fr\/wp-content\/uploads\/2025\/02\/pasteque-sugar-baby.jpg 604w, http:\/\/lebiopretaplanter.fr\/wp-content\/uploads\/2025\/02\/pasteque-sugar-baby-300x266.jpg 300w\" sizes=\"auto, (max-width: 604px) 100vw, 604px\" \/><figcaption class=\"wp-element-caption\">past\u00e8que sugar baby<\/figcaption><\/figure>\n<\/div>\n\n\n\n<div class=\"wp-block-group is-layout-constrained wp-block-group-is-layout-constrained\">\n<h1 class=\"wp-block-heading has-text-align-left has-primary-color has-background-background-color has-text-color has-background has-link-color wp-elements-dc187fd1d01e66796cecef6993cbe06d\" style=\"padding-top:var(--wp--preset--spacing--20);padding-right:var(--wp--preset--spacing--20);padding-bottom:var(--wp--preset--spacing--20);padding-left:var(--wp--preset--spacing--20)\">M\u00e9thode de culture des past\u00e8ques :<\/h1>\n\n\n\n<p>\ud83c\udf31 <strong>Pr\u00e9sentation<\/strong> : La past\u00e8que est une <strong>plante annuelle<\/strong> de la famille des cucurbitac\u00e9es, appr\u00e9ci\u00e9e pour ses gros fruits juteux et sucr\u00e9s, riches en eau et parfaits pour les rafra\u00eechissements estivaux.<\/p>\n\n\n\n<p>\u2600\ufe0f <strong>Exposition<\/strong> : La past\u00e8que a besoin d\u2019une exposition tr\u00e8s ensoleill\u00e9e et chaude, avec au moins 6 \u00e0 8 heures de soleil par jour, prot\u00e9g\u00e9e du vent.<\/p>\n\n\n\n<p>\ud83c\udf3f <strong>Sol<\/strong> : Elle pr\u00e9f\u00e8re un sol riche en mati\u00e8re organique, l\u00e9ger, profond et bien drain\u00e9. L\u2019ajout de compost bien d\u00e9compos\u00e9 avant la plantation favorise une bonne croissance des plantes et une production de fruits g\u00e9n\u00e9reuse.<\/p>\n\n\n\n<p>\ud83c\udf3e <strong>Plantation<\/strong> : distance entre les plants : 80 \u00e0 100 cm, avec 1,5 m\u00e8tre entre les rangs pour permettre aux tiges rampantes de s\u2019\u00e9taler. Planter les plants en pleine terre ou sur buttes pour un bon drainage.<\/p>\n\n\n\n<p>\ud83d\udca7 <strong>Arrosage<\/strong> : Maintenir le sol humide, surtout pendant le d\u00e9veloppement des fruits, sans exc\u00e8s pour \u00e9viter les maladies racinaires. R\u00e9duire l\u00e9g\u00e8rement l\u2019arrosage \u00e0 maturit\u00e9 pour concentrer le sucre dans les fruits.<\/p>\n\n\n\n<p>\ud83d\udee0\ufe0f <strong>Entretien<\/strong> :<\/p>\n\n\n\n<ul class=\"wp-block-list\">\n<li>Biner et d\u00e9sherber autour des plants<\/li>\n\n\n\n<li>Apporter du compost ou un engrais \u00e9quilibr\u00e9 pendant la croissance<\/li>\n\n\n\n<li>Surveiller les fruits et enlever ceux ab\u00eem\u00e9s ou mal form\u00e9s<\/li>\n\n\n\n<li>Palisser ou guider les tiges si n\u00e9cessaire dans de petits espaces<\/li>\n<\/ul>\n\n\n\n<p>\u2702\ufe0f <strong>R\u00e9colte<\/strong> : R\u00e9colter lorsque le fruit est bien color\u00e9 et que la tige au niveau du fruit commence \u00e0 jaunir et se d\u00e9tacher facilement.<\/p>\n\n\n\n<p>\ud83c\udf31 <strong>\u00c0 consommer<\/strong> : La past\u00e8que se consomme fra\u00eeche, en tranches, salades de fruits, smoothies ou desserts. Sa chair juteuse et sucr\u00e9e est id\u00e9ale pour se rafra\u00eechir en \u00e9t\u00e9.<\/p>\n<\/div>\n","protected":false},"excerpt":{"rendered":"<p>Nos plants de past\u00e8que sont disponibles : de d\u00e9but mai \u00e0 d\u00e9but juillet Famille : Cucurbitac\u00e9esNom latin : Citrullus lanatus (Thunb.) Matsum et Naka\u00efVari\u00e9t\u00e9s produites : \u00e0 confiture, early moon, sugar baby. M\u00e9thode de culture des past\u00e8ques : \ud83c\udf31 Pr\u00e9sentation : La past\u00e8que est une plante annuelle de la famille des cucurbitac\u00e9es, appr\u00e9ci\u00e9e pour ses [&hellip;]<\/p>\n","protected":false},"author":1,"featured_media":0,"parent":0,"menu_order":0,"comment_status":"closed","ping_status":"closed","template":"","meta":{"footnotes":""},"class_list":["post-910","page","type-page","status-publish","hentry"],"_links":{"self":[{"href":"http:\/\/lebiopretaplanter.fr\/index.php\/wp-json\/wp\/v2\/pages\/910","targetHints":{"allow":["GET"]}}],"collection":[{"href":"http:\/\/lebiopretaplanter.fr\/index.php\/wp-json\/wp\/v2\/pages"}],"about":[{"href":"http:\/\/lebiopretaplanter.fr\/index.php\/wp-json\/wp\/v2\/types\/page"}],"author":[{"embeddable":true,"href":"http:\/\/lebiopretaplanter.fr\/index.php\/wp-json\/wp\/v2\/users\/1"}],"replies":[{"embeddable":true,"href":"http:\/\/lebiopretaplanter.fr\/index.php\/wp-json\/wp\/v2\/comments?post=910"}],"version-history":[{"count":2,"href":"http:\/\/lebiopretaplanter.fr\/index.php\/wp-json\/wp\/v2\/pages\/910\/revisions"}],"predecessor-version":[{"id":1535,"href":"http:\/\/lebiopretaplanter.fr\/index.php\/wp-json\/wp\/v2\/pages\/910\/revisions\/1535"}],"wp:attachment":[{"href":"http:\/\/lebiopretaplanter.fr\/index.php\/wp-json\/wp\/v2\/media?parent=910"}],"curies":[{"name":"wp","href":"https:\/\/api.w.org\/{rel}","templated":true}]}}