{"id":896,"date":"2025-02-02T21:29:41","date_gmt":"2025-02-02T20:29:41","guid":{"rendered":"http:\/\/lebiopretaplanter.fr\/?page_id=896"},"modified":"2026-03-29T20:53:52","modified_gmt":"2026-03-29T18:53:52","slug":"courge","status":"publish","type":"page","link":"http:\/\/lebiopretaplanter.fr\/index.php\/courge\/","title":{"rendered":"Courge"},"content":{"rendered":"\n<h2 class=\"wp-block-heading has-text-align-center\"><strong>Nos plants de courge sont disponibles : de mi avril <strong>\u00e0 fin juillet<\/strong><\/strong><\/h2>\n\n\n\n<p>Famille : Cucurbitac\u00e9es<br>Nom latin : <em>Cucurbita maxima<\/em> Duchesne, <em>Cucurbita moschata<\/em>&nbsp;Duchesne, Cucurbita pepo L.<br>Vari\u00e9t\u00e9s produites :<br>maxima : blue ballet, potimarron red kuri, potiron atlantic giant, potiron bleu de Hongrie, potiron rouge vif d&rsquo;Etempes<br>moschata : butternut, longue de Nice, musqu\u00e9e de Provence, nutterbutter<br>pepo : patidou sweet dumpling, spaghetti v\u00e9g\u00e9tal<\/p>\n\n\n\n<div class=\"wp-block-group is-content-justification-center is-nowrap is-layout-flex wp-container-core-group-is-layout-9193781b wp-block-group-is-layout-flex\">\n<figure class=\"wp-block-image aligncenter size-full is-resized wp-duotone-unset-1\"><img loading=\"lazy\" decoding=\"async\" width=\"604\" height=\"535\" src=\"http:\/\/lebiopretaplanter.fr\/wp-content\/uploads\/2025\/02\/courge-maxima-potimarron-blue-ballet.jpg\" alt=\"\" class=\"wp-image-897\" style=\"width:290px;height:auto\" srcset=\"http:\/\/lebiopretaplanter.fr\/wp-content\/uploads\/2025\/02\/courge-maxima-potimarron-blue-ballet.jpg 604w, http:\/\/lebiopretaplanter.fr\/wp-content\/uploads\/2025\/02\/courge-maxima-potimarron-blue-ballet-300x266.jpg 300w\" sizes=\"auto, (max-width: 604px) 100vw, 604px\" \/><figcaption class=\"wp-element-caption\">courge maxima blue ballet<\/figcaption><\/figure>\n\n\n\n<figure class=\"wp-block-image aligncenter size-full is-resized wp-duotone-unset-2\"><img loading=\"lazy\" decoding=\"async\" width=\"604\" height=\"535\" src=\"http:\/\/lebiopretaplanter.fr\/wp-content\/uploads\/2025\/02\/Courge-maxima-potimarron-red-kuri.jpg\" alt=\"\" class=\"wp-image-898\" style=\"width:290px;height:auto\" srcset=\"http:\/\/lebiopretaplanter.fr\/wp-content\/uploads\/2025\/02\/Courge-maxima-potimarron-red-kuri.jpg 604w, http:\/\/lebiopretaplanter.fr\/wp-content\/uploads\/2025\/02\/Courge-maxima-potimarron-red-kuri-300x266.jpg 300w\" sizes=\"auto, (max-width: 604px) 100vw, 604px\" \/><figcaption class=\"wp-element-caption\">Courge maxima potimarron red kuri<\/figcaption><\/figure>\n\n\n\n<figure class=\"wp-block-image aligncenter size-full is-resized wp-duotone-unset-3\"><img loading=\"lazy\" decoding=\"async\" width=\"602\" height=\"535\" src=\"http:\/\/lebiopretaplanter.fr\/wp-content\/uploads\/2025\/02\/courge-maxima-potiron-atlantic-giant.jpg\" alt=\"\" class=\"wp-image-899\" style=\"width:290px;height:auto\" srcset=\"http:\/\/lebiopretaplanter.fr\/wp-content\/uploads\/2025\/02\/courge-maxima-potiron-atlantic-giant.jpg 602w, http:\/\/lebiopretaplanter.fr\/wp-content\/uploads\/2025\/02\/courge-maxima-potiron-atlantic-giant-300x267.jpg 300w\" sizes=\"auto, (max-width: 602px) 100vw, 602px\" \/><figcaption class=\"wp-element-caption\">courge maxima potiron atlantic giant<\/figcaption><\/figure>\n<\/div>\n\n\n\n<div class=\"wp-block-group is-content-justification-center is-nowrap is-layout-flex wp-container-core-group-is-layout-9193781b wp-block-group-is-layout-flex\">\n<figure class=\"wp-block-image aligncenter size-full is-resized wp-duotone-unset-4\"><img loading=\"lazy\" decoding=\"async\" width=\"604\" height=\"533\" src=\"http:\/\/lebiopretaplanter.fr\/wp-content\/uploads\/2025\/02\/courge-maxima-potiron-bleu-de-Hongrie.jpg\" alt=\"\" class=\"wp-image-900\" style=\"width:290px;height:auto\" srcset=\"http:\/\/lebiopretaplanter.fr\/wp-content\/uploads\/2025\/02\/courge-maxima-potiron-bleu-de-Hongrie.jpg 604w, http:\/\/lebiopretaplanter.fr\/wp-content\/uploads\/2025\/02\/courge-maxima-potiron-bleu-de-Hongrie-300x265.jpg 300w\" sizes=\"auto, (max-width: 604px) 100vw, 604px\" \/><figcaption class=\"wp-element-caption\">courge maxima potiron bleu de Hongrie<\/figcaption><\/figure>\n\n\n\n<figure class=\"wp-block-image aligncenter size-full is-resized wp-duotone-unset-5\"><img loading=\"lazy\" decoding=\"async\" width=\"603\" height=\"529\" src=\"http:\/\/lebiopretaplanter.fr\/wp-content\/uploads\/2025\/02\/courge-maxima-potiron-rouge-vif-detampes.jpg\" alt=\"\" class=\"wp-image-901\" style=\"width:290px;height:auto\" srcset=\"http:\/\/lebiopretaplanter.fr\/wp-content\/uploads\/2025\/02\/courge-maxima-potiron-rouge-vif-detampes.jpg 603w, http:\/\/lebiopretaplanter.fr\/wp-content\/uploads\/2025\/02\/courge-maxima-potiron-rouge-vif-detampes-300x263.jpg 300w\" sizes=\"auto, (max-width: 603px) 100vw, 603px\" \/><figcaption class=\"wp-element-caption\">courge maxima potiron rouge vif d&rsquo;etampes<\/figcaption><\/figure>\n\n\n\n<figure class=\"wp-block-image aligncenter size-full is-resized wp-duotone-unset-6\"><img loading=\"lazy\" decoding=\"async\" width=\"604\" height=\"535\" src=\"http:\/\/lebiopretaplanter.fr\/wp-content\/uploads\/2025\/02\/Courge-moschata-butternut.jpg\" alt=\"\" class=\"wp-image-902\" style=\"width:290px;height:auto\" srcset=\"http:\/\/lebiopretaplanter.fr\/wp-content\/uploads\/2025\/02\/Courge-moschata-butternut.jpg 604w, http:\/\/lebiopretaplanter.fr\/wp-content\/uploads\/2025\/02\/Courge-moschata-butternut-300x266.jpg 300w\" sizes=\"auto, (max-width: 604px) 100vw, 604px\" \/><figcaption class=\"wp-element-caption\">Courge moschata butternut<\/figcaption><\/figure>\n<\/div>\n\n\n\n<div class=\"wp-block-group is-content-justification-center is-nowrap is-layout-flex wp-container-core-group-is-layout-9193781b wp-block-group-is-layout-flex\">\n<figure class=\"wp-block-image aligncenter size-full is-resized wp-duotone-unset-7\"><img loading=\"lazy\" decoding=\"async\" width=\"603\" height=\"535\" src=\"http:\/\/lebiopretaplanter.fr\/wp-content\/uploads\/2025\/02\/Courge-moschata-longue-de-nice.jpg\" alt=\"\" class=\"wp-image-903\" style=\"width:290px;height:auto\" srcset=\"http:\/\/lebiopretaplanter.fr\/wp-content\/uploads\/2025\/02\/Courge-moschata-longue-de-nice.jpg 603w, http:\/\/lebiopretaplanter.fr\/wp-content\/uploads\/2025\/02\/Courge-moschata-longue-de-nice-300x266.jpg 300w\" sizes=\"auto, (max-width: 603px) 100vw, 603px\" \/><figcaption class=\"wp-element-caption\">Courge moschata longue de nice<\/figcaption><\/figure>\n\n\n\n<figure class=\"wp-block-image aligncenter size-full is-resized wp-duotone-unset-8\"><img loading=\"lazy\" decoding=\"async\" width=\"604\" height=\"535\" src=\"http:\/\/lebiopretaplanter.fr\/wp-content\/uploads\/2025\/02\/Courge-moschata-musquee-de-provence.jpg\" alt=\"\" class=\"wp-image-904\" style=\"width:290px;height:auto\" srcset=\"http:\/\/lebiopretaplanter.fr\/wp-content\/uploads\/2025\/02\/Courge-moschata-musquee-de-provence.jpg 604w, http:\/\/lebiopretaplanter.fr\/wp-content\/uploads\/2025\/02\/Courge-moschata-musquee-de-provence-300x266.jpg 300w\" sizes=\"auto, (max-width: 604px) 100vw, 604px\" \/><figcaption class=\"wp-element-caption\">Courge moschata musqu\u00e9e de provence<\/figcaption><\/figure>\n\n\n\n<figure class=\"wp-block-image aligncenter size-full is-resized wp-duotone-unset-9\"><img loading=\"lazy\" decoding=\"async\" width=\"604\" height=\"535\" src=\"http:\/\/lebiopretaplanter.fr\/wp-content\/uploads\/2025\/02\/Courge-moschata-nutterbutternut.jpg\" alt=\"\" class=\"wp-image-905\" style=\"width:290px;height:auto\" srcset=\"http:\/\/lebiopretaplanter.fr\/wp-content\/uploads\/2025\/02\/Courge-moschata-nutterbutternut.jpg 604w, http:\/\/lebiopretaplanter.fr\/wp-content\/uploads\/2025\/02\/Courge-moschata-nutterbutternut-300x266.jpg 300w\" sizes=\"auto, (max-width: 604px) 100vw, 604px\" \/><figcaption class=\"wp-element-caption\">Courge moschata nutterbutternut<\/figcaption><\/figure>\n<\/div>\n\n\n\n<div class=\"wp-block-group is-content-justification-center is-nowrap is-layout-flex wp-container-core-group-is-layout-9193781b wp-block-group-is-layout-flex\">\n<figure class=\"wp-block-image aligncenter size-full is-resized wp-duotone-unset-10\"><img loading=\"lazy\" decoding=\"async\" width=\"603\" height=\"535\" src=\"http:\/\/lebiopretaplanter.fr\/wp-content\/uploads\/2025\/02\/Courge-pepo-patidou-sweet-dumpling.jpg\" alt=\"\" class=\"wp-image-906\" style=\"width:290px;height:auto\" srcset=\"http:\/\/lebiopretaplanter.fr\/wp-content\/uploads\/2025\/02\/Courge-pepo-patidou-sweet-dumpling.jpg 603w, http:\/\/lebiopretaplanter.fr\/wp-content\/uploads\/2025\/02\/Courge-pepo-patidou-sweet-dumpling-300x266.jpg 300w\" sizes=\"auto, (max-width: 603px) 100vw, 603px\" \/><figcaption class=\"wp-element-caption\">Courge pepo patidou sweet dumpling<\/figcaption><\/figure>\n\n\n\n<figure class=\"wp-block-image aligncenter size-full is-resized wp-duotone-unset-11\"><img loading=\"lazy\" decoding=\"async\" width=\"604\" height=\"535\" src=\"http:\/\/lebiopretaplanter.fr\/wp-content\/uploads\/2025\/02\/Courge-pepo-spaghetti-vegetal.jpg\" alt=\"\" class=\"wp-image-907\" style=\"width:290px;height:auto\" srcset=\"http:\/\/lebiopretaplanter.fr\/wp-content\/uploads\/2025\/02\/Courge-pepo-spaghetti-vegetal.jpg 604w, http:\/\/lebiopretaplanter.fr\/wp-content\/uploads\/2025\/02\/Courge-pepo-spaghetti-vegetal-300x266.jpg 300w\" sizes=\"auto, (max-width: 604px) 100vw, 604px\" \/><figcaption class=\"wp-element-caption\">Courge pepo spaghetti v\u00e9g\u00e9tal<\/figcaption><\/figure>\n<\/div>\n\n\n\n<div class=\"wp-block-group is-layout-constrained wp-block-group-is-layout-constrained\">\n<h1 class=\"wp-block-heading has-text-align-left has-primary-color has-background-background-color has-text-color has-background has-link-color wp-elements-67b03d5a9d7fc16fbd815a89f4697b8f\" style=\"padding-top:var(--wp--preset--spacing--20);padding-right:var(--wp--preset--spacing--20);padding-bottom:var(--wp--preset--spacing--20);padding-left:var(--wp--preset--spacing--20)\">M\u00e9thode de culture des courges :<\/h1>\n\n\n\n<p>\ud83c\udf31 <strong>Pr\u00e9sentation<\/strong> : La courge est une <strong>plante annuelle<\/strong> cultiv\u00e9e pour ses fruits vari\u00e9s (butternut, potimarron, spaghetti, etc.) riches en go\u00fbt et en nutriments. Elle se consomme cuite, en soupe, gratin, pur\u00e9e ou farcie.<\/p>\n\n\n\n<p>\u2600\ufe0f <strong>Exposition<\/strong> : La courge pr\u00e9f\u00e8re une exposition <strong>ensoleill\u00e9e<\/strong>, \u00e0 l\u2019abri du vent, pour favoriser le d\u00e9veloppement des fruits.<\/p>\n\n\n\n<p>\ud83c\udf3f <strong>Sol<\/strong> : Elle se d\u00e9veloppe dans un sol fertile, profond, l\u00e9ger et bien drain\u00e9, riche en mati\u00e8re organique. Un apport de compost ou de fumier bien d\u00e9compos\u00e9 avant plantation favorise une bonne croissance des tiges et des fruits volumineux.<\/p>\n\n\n\n<p>\ud83c\udf3e <strong>Plantation<\/strong> : Planter les plants en pleine terre, en espa\u00e7ant <strong>les plants de 80 \u00e0 100 cm<\/strong> et les rangs de 1,5 m\u00e8tre pour permettre aux tiges rampantes de s\u2019\u00e9taler.<\/p>\n\n\n\n<p>\ud83d\udca7 <strong>Arrosage<\/strong> : Maintenir le sol <strong>humide et frais<\/strong>, surtout pendant la croissance et la formation des fruits, sans exc\u00e8s pour \u00e9viter le pourrissement des racines.<\/p>\n\n\n\n<p>\ud83d\udee0\ufe0f <strong>Entretien<\/strong> :<\/p>\n\n\n\n<ul class=\"wp-block-list\">\n<li>Biner et d\u00e9sherber autour des plants<\/li>\n\n\n\n<li>Surveiller l\u2019humidit\u00e9 du sol<\/li>\n\n\n\n<li>Apporter du compost ou un engrais riche en potasse si n\u00e9cessaire<\/li>\n\n\n\n<li>Palisser ou guider les tiges si possible pour \u00e9viter les fruits au contact du sol<\/li>\n\n\n\n<li>Surveiller les fruits et retirer ceux ab\u00eem\u00e9s ou mal form\u00e9s<\/li>\n<\/ul>\n\n\n\n<p>\u2702\ufe0f <strong>R\u00e9colte<\/strong> : R\u00e9colter les courges lorsque la peau est dure et color\u00e9e, g\u00e9n\u00e9ralement \u00e0 maturit\u00e9 compl\u00e8te. Laisser s\u00e9cher les fruits \u00e0 l\u2019air libre quelques jours si besoin avant stockage.<\/p>\n\n\n\n<p>\ud83c\udf31 <strong>\u00c0 consommer<\/strong> : Les courges se consomment cuites en soupe, gratin, pur\u00e9e, r\u00f4ties ou farcies. Elles peuvent se conserver plusieurs mois dans un endroit sec et frais.<\/p>\n<\/div>\n","protected":false},"excerpt":{"rendered":"<p>Nos plants de courge sont disponibles : de mi avril \u00e0 fin juillet Famille : Cucurbitac\u00e9esNom latin : Cucurbita maxima Duchesne, Cucurbita moschata&nbsp;Duchesne, Cucurbita pepo L.Vari\u00e9t\u00e9s produites :maxima : blue ballet, potimarron red kuri, potiron atlantic giant, potiron bleu de Hongrie, potiron rouge vif d&rsquo;Etempesmoschata : butternut, longue de Nice, musqu\u00e9e de Provence, nutterbutterpepo : [&hellip;]<\/p>\n","protected":false},"author":1,"featured_media":0,"parent":0,"menu_order":0,"comment_status":"closed","ping_status":"closed","template":"","meta":{"footnotes":""},"class_list":["post-896","page","type-page","status-publish","hentry"],"_links":{"self":[{"href":"http:\/\/lebiopretaplanter.fr\/index.php\/wp-json\/wp\/v2\/pages\/896","targetHints":{"allow":["GET"]}}],"collection":[{"href":"http:\/\/lebiopretaplanter.fr\/index.php\/wp-json\/wp\/v2\/pages"}],"about":[{"href":"http:\/\/lebiopretaplanter.fr\/index.php\/wp-json\/wp\/v2\/types\/page"}],"author":[{"embeddable":true,"href":"http:\/\/lebiopretaplanter.fr\/index.php\/wp-json\/wp\/v2\/users\/1"}],"replies":[{"embeddable":true,"href":"http:\/\/lebiopretaplanter.fr\/index.php\/wp-json\/wp\/v2\/comments?post=896"}],"version-history":[{"count":4,"href":"http:\/\/lebiopretaplanter.fr\/index.php\/wp-json\/wp\/v2\/pages\/896\/revisions"}],"predecessor-version":[{"id":1564,"href":"http:\/\/lebiopretaplanter.fr\/index.php\/wp-json\/wp\/v2\/pages\/896\/revisions\/1564"}],"wp:attachment":[{"href":"http:\/\/lebiopretaplanter.fr\/index.php\/wp-json\/wp\/v2\/media?parent=896"}],"curies":[{"name":"wp","href":"https:\/\/api.w.org\/{rel}","templated":true}]}}