{"id":880,"date":"2025-02-02T21:08:51","date_gmt":"2025-02-02T20:08:51","guid":{"rendered":"http:\/\/lebiopretaplanter.fr\/?page_id=880"},"modified":"2026-03-29T19:47:28","modified_gmt":"2026-03-29T17:47:28","slug":"patisson","status":"publish","type":"page","link":"http:\/\/lebiopretaplanter.fr\/index.php\/patisson\/","title":{"rendered":"P\u00e2tisson"},"content":{"rendered":"\n<h2 class=\"wp-block-heading has-text-align-center\"><strong>Nos plants de p\u00e2tisson sont disponibles : de fin avril \u00e0 fin mai<\/strong><\/h2>\n\n\n\n<p>Famille : Cucurbitac\u00e9es<br>Nom latin : Cucurbita pepo var ovifera L. Alef<br>Vari\u00e9t\u00e9s produites : blanc.<\/p>\n\n\n\n<div class=\"wp-block-group is-content-justification-center is-nowrap is-layout-flex wp-container-core-group-is-layout-9193781b wp-block-group-is-layout-flex\">\n<figure class=\"wp-block-image aligncenter size-full is-resized wp-duotone-unset-1\"><img loading=\"lazy\" decoding=\"async\" width=\"606\" height=\"533\" src=\"http:\/\/lebiopretaplanter.fr\/wp-content\/uploads\/2025\/02\/patisson-blanc.jpg\" alt=\"\" class=\"wp-image-881\" style=\"width:290px;height:auto\" srcset=\"http:\/\/lebiopretaplanter.fr\/wp-content\/uploads\/2025\/02\/patisson-blanc.jpg 606w, http:\/\/lebiopretaplanter.fr\/wp-content\/uploads\/2025\/02\/patisson-blanc-300x264.jpg 300w\" sizes=\"auto, (max-width: 606px) 100vw, 606px\" \/><figcaption class=\"wp-element-caption\">p\u00e2tisson blanc<\/figcaption><\/figure>\n<\/div>\n\n\n\n<div class=\"wp-block-group is-layout-constrained wp-block-group-is-layout-constrained\">\n<h1 class=\"wp-block-heading has-text-align-left has-primary-color has-background-background-color has-text-color has-background has-link-color wp-elements-cd3eb245771d667b938e7a137bf2a066\" style=\"padding-top:var(--wp--preset--spacing--20);padding-right:var(--wp--preset--spacing--20);padding-bottom:var(--wp--preset--spacing--20);padding-left:var(--wp--preset--spacing--20)\">M\u00e9thode de culture des p\u00e2tissons :<\/h1>\n\n\n\n<p>\ud83c\udf31 <strong>Pr\u00e9sentation<\/strong> : Le p\u00e2tisson est une <strong>plante annuelle<\/strong> de la famille des courges, appr\u00e9ci\u00e9e pour ses fruits blancs ou cr\u00e8me en forme de soucoupe. Sa chair fine et d\u00e9licate se consomme cuite, en gratin, farcie, saut\u00e9e ou en soupe.<\/p>\n\n\n\n<p>\u2600\ufe0f <strong>Exposition<\/strong> : Le p\u00e2tisson pr\u00e9f\u00e8re une exposition tr\u00e8s ensoleill\u00e9e, avec au moins 6 heures de soleil par jour, \u00e0 l\u2019abri des vents forts.<\/p>\n\n\n\n<p>\ud83c\udf3f <strong>Sol<\/strong> : Il appr\u00e9cie un sol riche en mati\u00e8re organique, l\u00e9ger et bien drain\u00e9. Un apport de compost bien d\u00e9compos\u00e9 avant la plantation favorise une croissance vigoureuse et une bonne production de fruits.<\/p>\n\n\n\n<p>\ud83c\udf3e <strong>Plantation<\/strong> : distance entre les plants : 70 \u00e0 80 cm, avec 1 m\u00e8tre entre les rangs pour permettre aux plantes de s\u2019\u00e9taler. Planter les plants en pleine terre ou en bac, en espa\u00e7ant suffisamment pour le d\u00e9veloppement des feuilles et des fruits.<\/p>\n\n\n\n<p>\ud83d\udca7 <strong>Arrosage<\/strong> : Maintenir le sol humide sans exc\u00e8s, surtout pendant la formation des fruits. Un arrosage r\u00e9gulier favorise des fruits tendres et une production continue.<\/p>\n\n\n\n<p>\ud83d\udee0\ufe0f <strong>Entretien<\/strong> :<\/p>\n\n\n\n<ul class=\"wp-block-list\">\n<li>Biner et d\u00e9sherber autour des plants<\/li>\n\n\n\n<li>Surveiller l\u2019humidit\u00e9 du sol<\/li>\n\n\n\n<li>Apporter du compost si n\u00e9cessaire<\/li>\n\n\n\n<li>Supprimer les feuilles ou fruits malades<\/li>\n<\/ul>\n\n\n\n<p>\u2702\ufe0f <strong>R\u00e9colte<\/strong> : R\u00e9colter les p\u00e2tissons lorsque les fruits sont encore jeunes et tendres, avant que la peau ne durcisse. Cueillir r\u00e9guli\u00e8rement pour prolonger la production.<\/p>\n\n\n\n<p>\ud83c\udf31 <strong>\u00c0 consommer<\/strong> : Les p\u00e2tissons se d\u00e9gustent cuits \u00e0 la vapeur, saut\u00e9s, farcis, en gratin ou en soupe. Leur saveur douce et fine se marie \u00e0 de nombreuses pr\u00e9parations.<\/p>\n<\/div>\n","protected":false},"excerpt":{"rendered":"<p>Nos plants de p\u00e2tisson sont disponibles : de fin avril \u00e0 fin mai Famille : Cucurbitac\u00e9esNom latin : Cucurbita pepo var ovifera L. AlefVari\u00e9t\u00e9s produites : blanc. M\u00e9thode de culture des p\u00e2tissons : \ud83c\udf31 Pr\u00e9sentation : Le p\u00e2tisson est une plante annuelle de la famille des courges, appr\u00e9ci\u00e9e pour ses fruits blancs ou cr\u00e8me en [&hellip;]<\/p>\n","protected":false},"author":1,"featured_media":0,"parent":0,"menu_order":0,"comment_status":"closed","ping_status":"closed","template":"","meta":{"footnotes":""},"class_list":["post-880","page","type-page","status-publish","hentry"],"_links":{"self":[{"href":"http:\/\/lebiopretaplanter.fr\/index.php\/wp-json\/wp\/v2\/pages\/880","targetHints":{"allow":["GET"]}}],"collection":[{"href":"http:\/\/lebiopretaplanter.fr\/index.php\/wp-json\/wp\/v2\/pages"}],"about":[{"href":"http:\/\/lebiopretaplanter.fr\/index.php\/wp-json\/wp\/v2\/types\/page"}],"author":[{"embeddable":true,"href":"http:\/\/lebiopretaplanter.fr\/index.php\/wp-json\/wp\/v2\/users\/1"}],"replies":[{"embeddable":true,"href":"http:\/\/lebiopretaplanter.fr\/index.php\/wp-json\/wp\/v2\/comments?post=880"}],"version-history":[{"count":2,"href":"http:\/\/lebiopretaplanter.fr\/index.php\/wp-json\/wp\/v2\/pages\/880\/revisions"}],"predecessor-version":[{"id":1534,"href":"http:\/\/lebiopretaplanter.fr\/index.php\/wp-json\/wp\/v2\/pages\/880\/revisions\/1534"}],"wp:attachment":[{"href":"http:\/\/lebiopretaplanter.fr\/index.php\/wp-json\/wp\/v2\/media?parent=880"}],"curies":[{"name":"wp","href":"https:\/\/api.w.org\/{rel}","templated":true}]}}