{"id":869,"date":"2025-02-02T20:09:06","date_gmt":"2025-02-02T19:09:06","guid":{"rendered":"http:\/\/lebiopretaplanter.fr\/?page_id=869"},"modified":"2026-03-29T20:52:29","modified_gmt":"2026-03-29T18:52:29","slug":"courgette","status":"publish","type":"page","link":"http:\/\/lebiopretaplanter.fr\/index.php\/courgette\/","title":{"rendered":"Courgette"},"content":{"rendered":"\n<h2 class=\"wp-block-heading has-text-align-center\"><strong>Nos plants de courgette sont disponibles : de fin mars \u00e0 mi ao\u00fbt<\/strong><\/h2>\n\n\n\n<p>Famille : Cucurbitac\u00e9es<br>Nom latin : Cucurbita pepo L.<br>Vari\u00e9t\u00e9s produites : black beauty, blanche d&rsquo;Egypte, raihneau gold, ronde de Nice, verte d&rsquo;Italie (cocozelle), zuboda.<\/p>\n\n\n\n<div class=\"wp-block-group is-content-justification-center is-nowrap is-layout-flex wp-container-core-group-is-layout-9193781b wp-block-group-is-layout-flex\">\n<figure class=\"wp-block-image aligncenter size-full is-resized wp-duotone-unset-1\"><img loading=\"lazy\" decoding=\"async\" width=\"604\" height=\"530\" src=\"http:\/\/lebiopretaplanter.fr\/wp-content\/uploads\/2025\/02\/courgette-verte-des-maraichers.jpg\" alt=\"\" class=\"wp-image-873\" style=\"width:290px;height:auto\" srcset=\"http:\/\/lebiopretaplanter.fr\/wp-content\/uploads\/2025\/02\/courgette-verte-des-maraichers.jpg 604w, http:\/\/lebiopretaplanter.fr\/wp-content\/uploads\/2025\/02\/courgette-verte-des-maraichers-300x263.jpg 300w\" sizes=\"auto, (max-width: 604px) 100vw, 604px\" \/><figcaption class=\"wp-element-caption\">courgette black beauty<\/figcaption><\/figure>\n\n\n\n<figure class=\"wp-block-image aligncenter size-full is-resized wp-duotone-unset-2\"><img loading=\"lazy\" decoding=\"async\" width=\"604\" height=\"533\" src=\"http:\/\/lebiopretaplanter.fr\/wp-content\/uploads\/2025\/02\/courgette-blanche-de-trieste.jpg\" alt=\"\" class=\"wp-image-870\" style=\"width:290px;height:auto\" srcset=\"http:\/\/lebiopretaplanter.fr\/wp-content\/uploads\/2025\/02\/courgette-blanche-de-trieste.jpg 604w, http:\/\/lebiopretaplanter.fr\/wp-content\/uploads\/2025\/02\/courgette-blanche-de-trieste-300x265.jpg 300w\" sizes=\"auto, (max-width: 604px) 100vw, 604px\" \/><figcaption class=\"wp-element-caption\">courgette blanche d&rsquo;Egypte<\/figcaption><\/figure>\n\n\n\n<figure class=\"wp-block-image aligncenter size-full is-resized wp-duotone-unset-3\"><img loading=\"lazy\" decoding=\"async\" width=\"606\" height=\"534\" src=\"http:\/\/lebiopretaplanter.fr\/wp-content\/uploads\/2025\/02\/courgette-gold-rush.jpg\" alt=\"\" class=\"wp-image-871\" style=\"width:290px;height:auto\" srcset=\"http:\/\/lebiopretaplanter.fr\/wp-content\/uploads\/2025\/02\/courgette-gold-rush.jpg 606w, http:\/\/lebiopretaplanter.fr\/wp-content\/uploads\/2025\/02\/courgette-gold-rush-300x264.jpg 300w\" sizes=\"auto, (max-width: 606px) 100vw, 606px\" \/><figcaption class=\"wp-element-caption\">courgette raihneau gold<\/figcaption><\/figure>\n<\/div>\n\n\n\n<div class=\"wp-block-group is-content-justification-center is-nowrap is-layout-flex wp-container-core-group-is-layout-9193781b wp-block-group-is-layout-flex\">\n<figure class=\"wp-block-image aligncenter size-full is-resized wp-duotone-unset-4\"><img loading=\"lazy\" decoding=\"async\" width=\"602\" height=\"532\" src=\"http:\/\/lebiopretaplanter.fr\/wp-content\/uploads\/2025\/02\/courgette-ronde-de-nice.jpg\" alt=\"\" class=\"wp-image-872\" style=\"width:290px;height:auto\" srcset=\"http:\/\/lebiopretaplanter.fr\/wp-content\/uploads\/2025\/02\/courgette-ronde-de-nice.jpg 602w, http:\/\/lebiopretaplanter.fr\/wp-content\/uploads\/2025\/02\/courgette-ronde-de-nice-300x265.jpg 300w\" sizes=\"auto, (max-width: 602px) 100vw, 602px\" \/><figcaption class=\"wp-element-caption\">courgette ronde de nice<\/figcaption><\/figure>\n\n\n\n<figure class=\"wp-block-image aligncenter size-full is-resized wp-duotone-unset-5\"><img loading=\"lazy\" decoding=\"async\" width=\"602\" height=\"534\" src=\"http:\/\/lebiopretaplanter.fr\/wp-content\/uploads\/2025\/02\/courgette-verte-ditalie.jpg\" alt=\"\" class=\"wp-image-874\" style=\"width:290px;height:auto\" srcset=\"http:\/\/lebiopretaplanter.fr\/wp-content\/uploads\/2025\/02\/courgette-verte-ditalie.jpg 602w, http:\/\/lebiopretaplanter.fr\/wp-content\/uploads\/2025\/02\/courgette-verte-ditalie-300x266.jpg 300w\" sizes=\"auto, (max-width: 602px) 100vw, 602px\" \/><figcaption class=\"wp-element-caption\">courgette verte d&rsquo;italie<\/figcaption><\/figure>\n\n\n\n<figure class=\"wp-block-image aligncenter size-full is-resized wp-duotone-unset-6\"><img loading=\"lazy\" decoding=\"async\" width=\"602\" height=\"533\" src=\"http:\/\/lebiopretaplanter.fr\/wp-content\/uploads\/2025\/02\/courgette-zuboda.jpg\" alt=\"\" class=\"wp-image-875\" style=\"width:290px;height:auto\" srcset=\"http:\/\/lebiopretaplanter.fr\/wp-content\/uploads\/2025\/02\/courgette-zuboda.jpg 602w, http:\/\/lebiopretaplanter.fr\/wp-content\/uploads\/2025\/02\/courgette-zuboda-300x266.jpg 300w\" sizes=\"auto, (max-width: 602px) 100vw, 602px\" \/><figcaption class=\"wp-element-caption\">courgette zuboda<\/figcaption><\/figure>\n<\/div>\n\n\n\n<div class=\"wp-block-group is-layout-constrained wp-block-group-is-layout-constrained\">\n<h1 class=\"wp-block-heading has-text-align-left has-primary-color has-background-background-color has-text-color has-background has-link-color wp-elements-13490deb56990ab63ab6066ae5a34caf\" style=\"padding-top:var(--wp--preset--spacing--20);padding-right:var(--wp--preset--spacing--20);padding-bottom:var(--wp--preset--spacing--20);padding-left:var(--wp--preset--spacing--20)\">M\u00e9thode de culture des courgettes :<\/h1>\n<\/div>\n\n\n\n<p>\ud83c\udf31 <strong>Pr\u00e9sentation<\/strong> : La courgette est une <strong>plante annuelle<\/strong>, tr\u00e8s productive, cultiv\u00e9e pour ses fruits tendres et savoureux. Elle se consomme crue, cuite, en gratin, soupe, ratatouille ou farcie.<\/p>\n\n\n\n<p>\u2600\ufe0f <strong>Exposition<\/strong> : La courgette pr\u00e9f\u00e8re une exposition <strong>ensoleill\u00e9e<\/strong>, \u00e0 l\u2019abri du vent, pour une production optimale de fruits.<\/p>\n\n\n\n<p>\ud83c\udf3f <strong>Sol<\/strong> : Elle se d\u00e9veloppe dans un sol fertile, l\u00e9ger, riche en mati\u00e8re organique et bien drain\u00e9. L\u2019apport de compost ou de fumier bien d\u00e9compos\u00e9 avant la plantation favorise une croissance rapide et des fruits volumineux.<\/p>\n\n\n\n<p>\ud83c\udf3e <strong>Plantation<\/strong> : Planter les plants en pleine terre ou en jardini\u00e8re, en espa\u00e7ant <strong>les plants de 80 \u00e0 100 cm<\/strong> et les rangs de 1 \u00e0 1,2 m\u00e8tre pour permettre l\u2019\u00e9talement des tiges.<\/p>\n\n\n\n<p>\ud83d\udca7 <strong>Arrosage<\/strong> : Maintenir le sol <strong>humide et frais<\/strong>, surtout pendant la formation des fruits, sans exc\u00e8s pour \u00e9viter le pourrissement.<\/p>\n\n\n\n<p>\ud83d\udee0\ufe0f <strong>Entretien<\/strong> :<\/p>\n\n\n\n<ul class=\"wp-block-list\">\n<li>Biner et d\u00e9sherber autour des plants<\/li>\n\n\n\n<li>Surveiller l\u2019humidit\u00e9 du sol<\/li>\n\n\n\n<li>Apporter du compost ou un engrais riche en potasse si n\u00e9cessaire<\/li>\n\n\n\n<li>Surveiller les fruits et retirer ceux ab\u00eem\u00e9s ou trop gros pour stimuler la production<\/li>\n<\/ul>\n\n\n\n<p>\ud83c\udf31 <strong>Pollinisation manuelle<\/strong> :<\/p>\n\n\n\n<p>Les courgettes peuvent manquer de fruits si les pollinisateurs naturels (abeilles, bourdons, insectes) sont en trop faible quantit\u00e9 ou si les conditions m\u00e9t\u00e9orologiques sont d\u00e9favorables, notamment lors des fortes chaleurs.<\/p>\n\n\n\n<p>Pour maximiser la production, il est possible de <strong>polliniser manuellement<\/strong> :<\/p>\n\n\n\n<ol class=\"wp-block-list\">\n<li><strong>Identifier les fleurs m\u00e2les et femelles<\/strong> :\n<ul class=\"wp-block-list\">\n<li>Les <strong>fleurs m\u00e2les<\/strong> portent uniquement le pollen et sont sur une tige fine.<\/li>\n\n\n\n<li>Les <strong>fleurs femelles<\/strong> portent d\u00e9j\u00e0 un petit fruit \u00e0 la base de la fleur.<\/li>\n<\/ul>\n<\/li>\n\n\n\n<li><strong>Transfert du pollen<\/strong> :\n<ul class=\"wp-block-list\">\n<li>Pr\u00e9lever le pollen d\u2019une fleur m\u00e2le \u00e0 l\u2019aide d\u2019un petit pinceau, d\u2019un coton-tige ou en secouant doucement la fleur m\u00e2le.<\/li>\n\n\n\n<li>Appliquer ce pollen sur le stigmate de la fleur femelle (la partie collante au centre de la fleur).<\/li>\n<\/ul>\n<\/li>\n\n\n\n<li><strong>R\u00e9p\u00e9ter si n\u00e9cessaire<\/strong> :\n<ul class=\"wp-block-list\">\n<li>Faire la pollinisation manuelle tous les 2 \u00e0 3 jours pendant la p\u00e9riode de floraison pour assurer une bonne fructification.<\/li>\n<\/ul>\n<\/li>\n<\/ol>\n\n\n\n<p>\ud83d\udca1 <strong>Astuce<\/strong> : La pollinisation est plus efficace le matin, quand les fleurs sont tout juste ouvertes et que le pollen est frais.<\/p>\n\n\n\n<p>\u2702\ufe0f <strong>R\u00e9colte<\/strong> : R\u00e9colter les courgettes lorsqu\u2019elles sont jeunes et tendres, g\u00e9n\u00e9ralement de 15 \u00e0 25 cm selon la vari\u00e9t\u00e9, pour prolonger la production.<\/p>\n\n\n\n<p>\ud83c\udf31 <strong>\u00c0 consommer<\/strong> : Les courgettes se consomment crues en salade, r\u00e2p\u00e9es, ou cuites \u00e0 la vapeur, saut\u00e9es, farcies, en gratin ou en soupe. Leur go\u00fbt doux et polyvalent s\u2019adapte \u00e0 de nombreuses pr\u00e9parations culinaires.<\/p>\n","protected":false},"excerpt":{"rendered":"<p>Nos plants de courgette sont disponibles : de fin mars \u00e0 mi ao\u00fbt Famille : Cucurbitac\u00e9esNom latin : Cucurbita pepo L.Vari\u00e9t\u00e9s produites : black beauty, blanche d&rsquo;Egypte, raihneau gold, ronde de Nice, verte d&rsquo;Italie (cocozelle), zuboda. M\u00e9thode de culture des courgettes : \ud83c\udf31 Pr\u00e9sentation : La courgette est une plante annuelle, tr\u00e8s productive, cultiv\u00e9e pour [&hellip;]<\/p>\n","protected":false},"author":1,"featured_media":0,"parent":0,"menu_order":0,"comment_status":"closed","ping_status":"closed","template":"","meta":{"footnotes":""},"class_list":["post-869","page","type-page","status-publish","hentry"],"_links":{"self":[{"href":"http:\/\/lebiopretaplanter.fr\/index.php\/wp-json\/wp\/v2\/pages\/869","targetHints":{"allow":["GET"]}}],"collection":[{"href":"http:\/\/lebiopretaplanter.fr\/index.php\/wp-json\/wp\/v2\/pages"}],"about":[{"href":"http:\/\/lebiopretaplanter.fr\/index.php\/wp-json\/wp\/v2\/types\/page"}],"author":[{"embeddable":true,"href":"http:\/\/lebiopretaplanter.fr\/index.php\/wp-json\/wp\/v2\/users\/1"}],"replies":[{"embeddable":true,"href":"http:\/\/lebiopretaplanter.fr\/index.php\/wp-json\/wp\/v2\/comments?post=869"}],"version-history":[{"count":5,"href":"http:\/\/lebiopretaplanter.fr\/index.php\/wp-json\/wp\/v2\/pages\/869\/revisions"}],"predecessor-version":[{"id":1562,"href":"http:\/\/lebiopretaplanter.fr\/index.php\/wp-json\/wp\/v2\/pages\/869\/revisions\/1562"}],"wp:attachment":[{"href":"http:\/\/lebiopretaplanter.fr\/index.php\/wp-json\/wp\/v2\/media?parent=869"}],"curies":[{"name":"wp","href":"https:\/\/api.w.org\/{rel}","templated":true}]}}