{"id":822,"date":"2025-02-01T22:00:16","date_gmt":"2025-02-01T21:00:16","guid":{"rendered":"http:\/\/lebiopretaplanter.fr\/?page_id=822"},"modified":"2026-03-29T19:37:54","modified_gmt":"2026-03-29T17:37:54","slug":"poivron","status":"publish","type":"page","link":"http:\/\/lebiopretaplanter.fr\/index.php\/poivron\/","title":{"rendered":"Poivron"},"content":{"rendered":"\n<h2 class=\"wp-block-heading has-text-align-center\"><strong>Nos plants de poivron<\/strong><strong> sont disponibles : de d\u00e9but avril \u00e0 d\u00e9but juillet<\/strong><\/h2>\n\n\n\n<p>Famille : Solanac\u00e9es<br>Nom latin : Capsicum annuum L.<br>Vari\u00e9t\u00e9s produites : california wonder orange, caviar calabrais, chocolat, corno di toro rosso, corno di tore giallo, long des landes, quadrato d&rsquo;astri giallo, quadrato d&rsquo;astri rosse, quatro, violetta.<\/p>\n\n\n\n<div class=\"wp-block-group is-content-justification-center is-nowrap is-layout-flex wp-container-core-group-is-layout-9193781b wp-block-group-is-layout-flex\">\n<figure class=\"wp-block-image aligncenter size-full is-resized wp-duotone-unset-1\"><img loading=\"lazy\" decoding=\"async\" width=\"604\" height=\"532\" src=\"http:\/\/lebiopretaplanter.fr\/wp-content\/uploads\/2025\/02\/poivron-california-wonder-orange.jpg\" alt=\"\" class=\"wp-image-828\" style=\"width:290px;height:auto\" srcset=\"http:\/\/lebiopretaplanter.fr\/wp-content\/uploads\/2025\/02\/poivron-california-wonder-orange.jpg 604w, http:\/\/lebiopretaplanter.fr\/wp-content\/uploads\/2025\/02\/poivron-california-wonder-orange-300x264.jpg 300w\" sizes=\"auto, (max-width: 604px) 100vw, 604px\" \/><figcaption class=\"wp-element-caption\">poivron california wonder orange<\/figcaption><\/figure>\n\n\n\n<figure class=\"wp-block-image aligncenter size-full is-resized wp-duotone-unset-2\"><img loading=\"lazy\" decoding=\"async\" width=\"606\" height=\"535\" src=\"http:\/\/lebiopretaplanter.fr\/wp-content\/uploads\/2025\/02\/poivron-caviar-calabrais.jpg\" alt=\"\" class=\"wp-image-829\" style=\"width:290px;height:auto\" srcset=\"http:\/\/lebiopretaplanter.fr\/wp-content\/uploads\/2025\/02\/poivron-caviar-calabrais.jpg 606w, http:\/\/lebiopretaplanter.fr\/wp-content\/uploads\/2025\/02\/poivron-caviar-calabrais-300x265.jpg 300w\" sizes=\"auto, (max-width: 606px) 100vw, 606px\" \/><figcaption class=\"wp-element-caption\">poivron caviar calabrais<\/figcaption><\/figure>\n\n\n\n<figure class=\"wp-block-image aligncenter size-full is-resized wp-duotone-unset-3\"><img loading=\"lazy\" decoding=\"async\" width=\"602\" height=\"532\" src=\"http:\/\/lebiopretaplanter.fr\/wp-content\/uploads\/2025\/02\/poivron-chocolat.jpg\" alt=\"\" class=\"wp-image-830\" style=\"width:290px;height:auto\" srcset=\"http:\/\/lebiopretaplanter.fr\/wp-content\/uploads\/2025\/02\/poivron-chocolat.jpg 602w, http:\/\/lebiopretaplanter.fr\/wp-content\/uploads\/2025\/02\/poivron-chocolat-300x265.jpg 300w\" sizes=\"auto, (max-width: 602px) 100vw, 602px\" \/><figcaption class=\"wp-element-caption\">poivron chocolat<\/figcaption><\/figure>\n<\/div>\n\n\n\n<div class=\"wp-block-group is-content-justification-center is-nowrap is-layout-flex wp-container-core-group-is-layout-9193781b wp-block-group-is-layout-flex\">\n<figure class=\"wp-block-image aligncenter size-full is-resized wp-duotone-unset-4\"><img loading=\"lazy\" decoding=\"async\" width=\"606\" height=\"535\" src=\"http:\/\/lebiopretaplanter.fr\/wp-content\/uploads\/2025\/02\/poivron-corno-di-toro-rouge.jpg\" alt=\"\" class=\"wp-image-831\" style=\"width:290px;height:auto\" srcset=\"http:\/\/lebiopretaplanter.fr\/wp-content\/uploads\/2025\/02\/poivron-corno-di-toro-rouge.jpg 606w, http:\/\/lebiopretaplanter.fr\/wp-content\/uploads\/2025\/02\/poivron-corno-di-toro-rouge-300x265.jpg 300w\" sizes=\"auto, (max-width: 606px) 100vw, 606px\" \/><figcaption class=\"wp-element-caption\">poivron corno di toro rosso<\/figcaption><\/figure>\n\n\n\n<figure class=\"wp-block-image aligncenter size-full is-resized wp-duotone-unset-5\"><img loading=\"lazy\" decoding=\"async\" width=\"604\" height=\"534\" src=\"http:\/\/lebiopretaplanter.fr\/wp-content\/uploads\/2025\/02\/poivron-corno-di-toto-giallo.jpg\" alt=\"\" class=\"wp-image-832\" style=\"width:290px;height:auto\" srcset=\"http:\/\/lebiopretaplanter.fr\/wp-content\/uploads\/2025\/02\/poivron-corno-di-toto-giallo.jpg 604w, http:\/\/lebiopretaplanter.fr\/wp-content\/uploads\/2025\/02\/poivron-corno-di-toto-giallo-300x265.jpg 300w\" sizes=\"auto, (max-width: 604px) 100vw, 604px\" \/><figcaption class=\"wp-element-caption\">poivron corno di toto giallo<\/figcaption><\/figure>\n\n\n\n<figure class=\"wp-block-image aligncenter size-full is-resized wp-duotone-unset-6\"><img loading=\"lazy\" decoding=\"async\" width=\"603\" height=\"534\" src=\"http:\/\/lebiopretaplanter.fr\/wp-content\/uploads\/2025\/02\/poivron-long-des-landes.jpg\" alt=\"\" class=\"wp-image-833\" style=\"width:290px;height:auto\" srcset=\"http:\/\/lebiopretaplanter.fr\/wp-content\/uploads\/2025\/02\/poivron-long-des-landes.jpg 603w, http:\/\/lebiopretaplanter.fr\/wp-content\/uploads\/2025\/02\/poivron-long-des-landes-300x266.jpg 300w\" sizes=\"auto, (max-width: 603px) 100vw, 603px\" \/><figcaption class=\"wp-element-caption\">poivron long des landes<\/figcaption><\/figure>\n<\/div>\n\n\n\n<div class=\"wp-block-group is-content-justification-center is-nowrap is-layout-flex wp-container-core-group-is-layout-9193781b wp-block-group-is-layout-flex\">\n<figure class=\"wp-block-image aligncenter size-full is-resized wp-duotone-unset-7\"><img loading=\"lazy\" decoding=\"async\" width=\"604\" height=\"533\" src=\"http:\/\/lebiopretaplanter.fr\/wp-content\/uploads\/2025\/02\/poivron-quadrato-dastri-giallo.jpg\" alt=\"\" class=\"wp-image-834\" style=\"width:290px;height:auto\" srcset=\"http:\/\/lebiopretaplanter.fr\/wp-content\/uploads\/2025\/02\/poivron-quadrato-dastri-giallo.jpg 604w, http:\/\/lebiopretaplanter.fr\/wp-content\/uploads\/2025\/02\/poivron-quadrato-dastri-giallo-300x265.jpg 300w\" sizes=\"auto, (max-width: 604px) 100vw, 604px\" \/><figcaption class=\"wp-element-caption\">poivron quadrato d&rsquo;astri giallo<\/figcaption><\/figure>\n\n\n\n<figure class=\"wp-block-image aligncenter size-full is-resized wp-duotone-unset-8\"><img loading=\"lazy\" decoding=\"async\" width=\"605\" height=\"533\" src=\"http:\/\/lebiopretaplanter.fr\/wp-content\/uploads\/2025\/02\/poivron-vert-1.png\" alt=\"\" class=\"wp-image-837\" style=\"width:290px;height:auto\" srcset=\"http:\/\/lebiopretaplanter.fr\/wp-content\/uploads\/2025\/02\/poivron-vert-1.png 605w, http:\/\/lebiopretaplanter.fr\/wp-content\/uploads\/2025\/02\/poivron-vert-1-300x264.png 300w\" sizes=\"auto, (max-width: 605px) 100vw, 605px\" \/><figcaption class=\"wp-element-caption\">poivron quadrato d&rsquo;astri rosso<\/figcaption><\/figure>\n\n\n\n<figure class=\"wp-block-image aligncenter size-full is-resized wp-duotone-unset-9\"><img loading=\"lazy\" decoding=\"async\" width=\"604\" height=\"534\" src=\"http:\/\/lebiopretaplanter.fr\/wp-content\/uploads\/2025\/02\/poivron-quatro.jpg\" alt=\"\" class=\"wp-image-835\" style=\"width:290px;height:auto\" srcset=\"http:\/\/lebiopretaplanter.fr\/wp-content\/uploads\/2025\/02\/poivron-quatro.jpg 604w, http:\/\/lebiopretaplanter.fr\/wp-content\/uploads\/2025\/02\/poivron-quatro-300x265.jpg 300w\" sizes=\"auto, (max-width: 604px) 100vw, 604px\" \/><figcaption class=\"wp-element-caption\">poivron quatro<\/figcaption><\/figure>\n<\/div>\n\n\n\n<figure class=\"wp-block-image aligncenter size-full is-resized wp-duotone-unset-10\"><img loading=\"lazy\" decoding=\"async\" width=\"602\" height=\"534\" src=\"http:\/\/lebiopretaplanter.fr\/wp-content\/uploads\/2025\/02\/poivron-violetta.jpg\" alt=\"\" class=\"wp-image-838\" style=\"width:290px;height:auto\" srcset=\"http:\/\/lebiopretaplanter.fr\/wp-content\/uploads\/2025\/02\/poivron-violetta.jpg 602w, http:\/\/lebiopretaplanter.fr\/wp-content\/uploads\/2025\/02\/poivron-violetta-300x266.jpg 300w\" sizes=\"auto, (max-width: 602px) 100vw, 602px\" \/><figcaption class=\"wp-element-caption\">poivron violetta<\/figcaption><\/figure>\n\n\n\n<div class=\"wp-block-group is-layout-constrained wp-block-group-is-layout-constrained\">\n<h1 class=\"wp-block-heading has-text-align-left has-primary-color has-background-background-color has-text-color has-background has-link-color wp-elements-436da16d200fa8faf80081a72efa1d65\" style=\"padding-top:var(--wp--preset--spacing--20);padding-right:var(--wp--preset--spacing--20);padding-bottom:var(--wp--preset--spacing--20);padding-left:var(--wp--preset--spacing--20)\">M\u00e9thode de culture des poivrons :<\/h1>\n\n\n\n<p>\ud83c\udf31 <strong>Pr\u00e9sentation<\/strong> : Le poivron est une plante potag\u00e8re qui produit des fruits color\u00e9s, doux et croquants. Ses fruits, verts, rouges, jaunes ou oranges selon les vari\u00e9t\u00e9s, se consomment crus ou cuits et apportent saveur et couleur \u00e0 de nombreux plats.<\/p>\n\n\n\n<p>\u2600\ufe0f <strong>Exposition<\/strong> : Le poivron a besoin d\u2019une exposition tr\u00e8s ensoleill\u00e9e et prot\u00e9g\u00e9e du vent, avec au moins 6 \u00e0 8 heures de soleil par jour.<\/p>\n\n\n\n<p>\ud83c\udf3f <strong>Sol<\/strong> : Le poivron pr\u00e9f\u00e8re un sol fertile, riche en mati\u00e8re organique, l\u00e9ger et bien drain\u00e9. Un apport de compost bien d\u00e9compos\u00e9 avant la plantation favorise une bonne croissance et une production abondante.<\/p>\n\n\n\n<p>\ud83c\udf3e <strong>Plantation<\/strong> : distance entre les plants : 40 \u00e0 50 cm, avec 60 cm entre les rangs. Planter les plants en pleine terre ou en pot, en enterrant l\u00e9g\u00e8rement la tige pour renforcer le syst\u00e8me racinaire.<\/p>\n\n\n\n<p>\ud83d\udca7 <strong>Arrosage<\/strong> : Maintenir le sol frais, surtout pendant le d\u00e9veloppement des fruits, sans exc\u00e8s d\u2019eau pour \u00e9viter les maladies et le pourrissement des racines.<\/p>\n\n\n\n<p>\ud83d\udee0\ufe0f <strong>Entretien<\/strong> :<\/p>\n\n\n\n<ul class=\"wp-block-list\">\n<li>Tuteurer ou palisser les plants pour soutenir les fruits<\/li>\n\n\n\n<li>Biner et d\u00e9sherber autour des plants<\/li>\n\n\n\n<li>Apporter du compost ou un engrais riche en potasse pendant la croissance<\/li>\n\n\n\n<li>Surveiller l\u2019humidit\u00e9 du sol et retirer les feuilles malades si n\u00e9cessaire<\/li>\n<\/ul>\n\n\n\n<p>\u2702\ufe0f <strong>R\u00e9colte<\/strong> : R\u00e9colter les poivrons lorsqu\u2019ils ont atteint leur couleur d\u00e9finitive et leur taille optimale. Cueillir r\u00e9guli\u00e8rement pour stimuler la production de nouveaux fruits. Ils peuvent aussi \u00eatre r\u00e9colt\u00e9s verts, ils seront alors d\u00e9pourvus de sucres.<\/p>\n\n\n\n<p>\ud83c\udf31 <strong>\u00c0 consommer<\/strong> : Les poivrons se d\u00e9gustent crus en salade ou en garniture, et cuits dans les saut\u00e9s, ratatouilles, farcis ou grill\u00e9s.<\/p>\n\n\n\n<p><\/p>\n<\/div>\n","protected":false},"excerpt":{"rendered":"<p>Nos plants de poivron sont disponibles : de d\u00e9but avril \u00e0 d\u00e9but juillet Famille : Solanac\u00e9esNom latin : Capsicum annuum L.Vari\u00e9t\u00e9s produites : california wonder orange, caviar calabrais, chocolat, corno di toro rosso, corno di tore giallo, long des landes, quadrato d&rsquo;astri giallo, quadrato d&rsquo;astri rosse, quatro, violetta. M\u00e9thode de culture des poivrons : \ud83c\udf31 [&hellip;]<\/p>\n","protected":false},"author":1,"featured_media":0,"parent":0,"menu_order":0,"comment_status":"closed","ping_status":"closed","template":"","meta":{"footnotes":""},"class_list":["post-822","page","type-page","status-publish","hentry"],"_links":{"self":[{"href":"http:\/\/lebiopretaplanter.fr\/index.php\/wp-json\/wp\/v2\/pages\/822","targetHints":{"allow":["GET"]}}],"collection":[{"href":"http:\/\/lebiopretaplanter.fr\/index.php\/wp-json\/wp\/v2\/pages"}],"about":[{"href":"http:\/\/lebiopretaplanter.fr\/index.php\/wp-json\/wp\/v2\/types\/page"}],"author":[{"embeddable":true,"href":"http:\/\/lebiopretaplanter.fr\/index.php\/wp-json\/wp\/v2\/users\/1"}],"replies":[{"embeddable":true,"href":"http:\/\/lebiopretaplanter.fr\/index.php\/wp-json\/wp\/v2\/comments?post=822"}],"version-history":[{"count":6,"href":"http:\/\/lebiopretaplanter.fr\/index.php\/wp-json\/wp\/v2\/pages\/822\/revisions"}],"predecessor-version":[{"id":1526,"href":"http:\/\/lebiopretaplanter.fr\/index.php\/wp-json\/wp\/v2\/pages\/822\/revisions\/1526"}],"wp:attachment":[{"href":"http:\/\/lebiopretaplanter.fr\/index.php\/wp-json\/wp\/v2\/media?parent=822"}],"curies":[{"name":"wp","href":"https:\/\/api.w.org\/{rel}","templated":true}]}}