{"id":806,"date":"2025-02-01T21:49:25","date_gmt":"2025-02-01T20:49:25","guid":{"rendered":"http:\/\/lebiopretaplanter.fr\/?page_id=806"},"modified":"2026-03-29T21:58:56","modified_gmt":"2026-03-29T19:58:56","slug":"aubergine","status":"publish","type":"page","link":"http:\/\/lebiopretaplanter.fr\/index.php\/aubergine\/","title":{"rendered":"Aubergine"},"content":{"rendered":"\n<h2 class=\"wp-block-heading has-text-align-center\"><strong>Nos plants d<\/strong>&lsquo;<strong>aubergine sont disponibles : de d\u00e9but avril <strong>\u00e0 d\u00e9but juillet<\/strong><\/strong><\/h2>\n\n\n\n<p>Famille : Solanac\u00e9es<br>Nom latin : <em>Solanum melongena<\/em>&nbsp;L.<br>Vari\u00e9t\u00e9s produites : black beauty, de barbentane, dourga, japanese pickling, striped togo, tsakoniki, violette de toulouse, ronde de florence.<\/p>\n\n\n\n<div class=\"wp-block-group is-content-justification-center is-nowrap is-layout-flex wp-container-core-group-is-layout-9193781b wp-block-group-is-layout-flex\">\n<figure class=\"wp-block-image aligncenter size-full is-resized wp-duotone-unset-1\"><img loading=\"lazy\" decoding=\"async\" width=\"604\" height=\"532\" src=\"http:\/\/lebiopretaplanter.fr\/wp-content\/uploads\/2025\/02\/black-beauty.jpg\" alt=\"\" class=\"wp-image-808\" style=\"width:290px;height:auto\" srcset=\"http:\/\/lebiopretaplanter.fr\/wp-content\/uploads\/2025\/02\/black-beauty.jpg 604w, http:\/\/lebiopretaplanter.fr\/wp-content\/uploads\/2025\/02\/black-beauty-300x264.jpg 300w\" sizes=\"auto, (max-width: 604px) 100vw, 604px\" \/><figcaption class=\"wp-element-caption\">aubergine black beauty<\/figcaption><\/figure>\n\n\n\n<figure class=\"wp-block-image aligncenter size-full is-resized wp-duotone-unset-2\"><img loading=\"lazy\" decoding=\"async\" width=\"606\" height=\"534\" src=\"http:\/\/lebiopretaplanter.fr\/wp-content\/uploads\/2025\/02\/de-barbentane.jpg\" alt=\"\" class=\"wp-image-809\" style=\"width:290px;height:auto\" srcset=\"http:\/\/lebiopretaplanter.fr\/wp-content\/uploads\/2025\/02\/de-barbentane.jpg 606w, http:\/\/lebiopretaplanter.fr\/wp-content\/uploads\/2025\/02\/de-barbentane-300x264.jpg 300w\" sizes=\"auto, (max-width: 606px) 100vw, 606px\" \/><figcaption class=\"wp-element-caption\">aubergine de barbentane<\/figcaption><\/figure>\n\n\n\n<figure class=\"wp-block-image aligncenter size-full is-resized wp-duotone-unset-3\"><img loading=\"lazy\" decoding=\"async\" width=\"601\" height=\"531\" src=\"http:\/\/lebiopretaplanter.fr\/wp-content\/uploads\/2025\/02\/DOURGA.jpg\" alt=\"\" class=\"wp-image-811\" style=\"width:290px;height:auto\" srcset=\"http:\/\/lebiopretaplanter.fr\/wp-content\/uploads\/2025\/02\/DOURGA.jpg 601w, http:\/\/lebiopretaplanter.fr\/wp-content\/uploads\/2025\/02\/DOURGA-300x265.jpg 300w\" sizes=\"auto, (max-width: 601px) 100vw, 601px\" \/><figcaption class=\"wp-element-caption\">aubergine dourga<\/figcaption><\/figure>\n<\/div>\n\n\n\n<div class=\"wp-block-group is-content-justification-center is-nowrap is-layout-flex wp-container-core-group-is-layout-9193781b wp-block-group-is-layout-flex\">\n<figure class=\"wp-block-image aligncenter size-full is-resized wp-duotone-unset-4\"><img loading=\"lazy\" decoding=\"async\" width=\"604\" height=\"535\" src=\"http:\/\/lebiopretaplanter.fr\/wp-content\/uploads\/2025\/02\/Japanese-pickling.png\" alt=\"\" class=\"wp-image-812\" style=\"width:290px;height:auto\" srcset=\"http:\/\/lebiopretaplanter.fr\/wp-content\/uploads\/2025\/02\/Japanese-pickling.png 604w, http:\/\/lebiopretaplanter.fr\/wp-content\/uploads\/2025\/02\/Japanese-pickling-300x266.png 300w\" sizes=\"auto, (max-width: 604px) 100vw, 604px\" \/><figcaption class=\"wp-element-caption\">aubergine japanese pickling<\/figcaption><\/figure>\n\n\n\n<figure class=\"wp-block-image aligncenter size-full is-resized wp-duotone-unset-5\"><img loading=\"lazy\" decoding=\"async\" width=\"604\" height=\"532\" src=\"http:\/\/lebiopretaplanter.fr\/wp-content\/uploads\/2025\/02\/striped-togo.jpg\" alt=\"\" class=\"wp-image-814\" style=\"width:290px;height:auto\" srcset=\"http:\/\/lebiopretaplanter.fr\/wp-content\/uploads\/2025\/02\/striped-togo.jpg 604w, http:\/\/lebiopretaplanter.fr\/wp-content\/uploads\/2025\/02\/striped-togo-300x264.jpg 300w\" sizes=\"auto, (max-width: 604px) 100vw, 604px\" \/><figcaption class=\"wp-element-caption\">aubergine striped togo<\/figcaption><\/figure>\n\n\n\n<figure class=\"wp-block-image aligncenter size-full is-resized wp-duotone-unset-6\"><img loading=\"lazy\" decoding=\"async\" width=\"602\" height=\"533\" src=\"http:\/\/lebiopretaplanter.fr\/wp-content\/uploads\/2025\/02\/tsakoniki.jpg\" alt=\"\" class=\"wp-image-816\" style=\"width:290px;height:auto\" srcset=\"http:\/\/lebiopretaplanter.fr\/wp-content\/uploads\/2025\/02\/tsakoniki.jpg 602w, http:\/\/lebiopretaplanter.fr\/wp-content\/uploads\/2025\/02\/tsakoniki-300x266.jpg 300w\" sizes=\"auto, (max-width: 602px) 100vw, 602px\" \/><figcaption class=\"wp-element-caption\">aubergine tsakoniki<\/figcaption><\/figure>\n<\/div>\n\n\n\n<div class=\"wp-block-group is-content-justification-center is-nowrap is-layout-flex wp-container-core-group-is-layout-9193781b wp-block-group-is-layout-flex\">\n<figure class=\"wp-block-image aligncenter size-full is-resized wp-duotone-unset-7\"><img loading=\"lazy\" decoding=\"async\" width=\"601\" height=\"534\" src=\"http:\/\/lebiopretaplanter.fr\/wp-content\/uploads\/2025\/02\/violette-de-toulouse.jpg\" alt=\"\" class=\"wp-image-817\" style=\"width:290px;height:auto\" srcset=\"http:\/\/lebiopretaplanter.fr\/wp-content\/uploads\/2025\/02\/violette-de-toulouse.jpg 601w, http:\/\/lebiopretaplanter.fr\/wp-content\/uploads\/2025\/02\/violette-de-toulouse-300x267.jpg 300w\" sizes=\"auto, (max-width: 601px) 100vw, 601px\" \/><figcaption class=\"wp-element-caption\">aubergine violette de Toulouse<\/figcaption><\/figure>\n\n\n\n<figure class=\"wp-block-image aligncenter size-full is-resized wp-duotone-unset-8\"><img loading=\"lazy\" decoding=\"async\" width=\"602\" height=\"531\" src=\"http:\/\/lebiopretaplanter.fr\/wp-content\/uploads\/2025\/02\/VIOLETTE-FLORENCE.jpg\" alt=\"\" class=\"wp-image-818\" style=\"width:290px;height:auto\" srcset=\"http:\/\/lebiopretaplanter.fr\/wp-content\/uploads\/2025\/02\/VIOLETTE-FLORENCE.jpg 602w, http:\/\/lebiopretaplanter.fr\/wp-content\/uploads\/2025\/02\/VIOLETTE-FLORENCE-300x265.jpg 300w\" sizes=\"auto, (max-width: 602px) 100vw, 602px\" \/><figcaption class=\"wp-element-caption\">aubergine ronde de florence<\/figcaption><\/figure>\n<\/div>\n\n\n\n<div class=\"wp-block-group is-layout-constrained wp-block-group-is-layout-constrained\">\n<h1 class=\"wp-block-heading has-text-align-left has-primary-color has-background-background-color has-text-color has-background has-link-color wp-elements-cd11f537ed7473278ed706074f2a5fba\" style=\"padding-top:var(--wp--preset--spacing--20);padding-right:var(--wp--preset--spacing--20);padding-bottom:var(--wp--preset--spacing--20);padding-left:var(--wp--preset--spacing--20)\">M\u00e9thode de culture des aubergines :<\/h1>\n\n\n\n<p>\ud83c\udf31 <strong>Pr\u00e9sentation<\/strong> : L\u2019aubergine est une <strong>plante annuelle<\/strong> cultiv\u00e9e pour ses <strong>fruits charnus et savoureux<\/strong>, tr\u00e8s utilis\u00e9s dans la cuisine m\u00e9diterran\u00e9enne et asiatique. Ses fruits peuvent varier en forme et couleur selon les vari\u00e9t\u00e9s (allong\u00e9s, ronds, violets, blancs ou ray\u00e9s).<\/p>\n\n\n\n<p>\u2600\ufe0f <strong>Exposition<\/strong> : Pr\u00e9f\u00e8re une <strong>exposition tr\u00e8s ensoleill\u00e9e<\/strong>, au minimum 6 \u00e0 8 heures de soleil par jour, pour favoriser la floraison et la formation des fruits.<\/p>\n\n\n\n<p>\ud83c\udf3f <strong>Sol<\/strong> : Appr\u00e9cie un sol <strong>fertile, l\u00e9ger, riche en mati\u00e8re organique et bien drain\u00e9<\/strong>. Un apport de compost ou de fumier compost\u00e9 avant la plantation favorise la croissance.<\/p>\n\n\n\n<p>\ud83d\udca7 <strong>Arrosage<\/strong> : Arroser <strong>r\u00e9guli\u00e8rement et profond\u00e9ment<\/strong>, surtout en p\u00e9riode de fructification. \u00c9viter de mouiller le feuillage pour limiter les maladies.<\/p>\n\n\n\n<p>\ud83d\udee0\ufe0f <strong>Entretien<\/strong> :<\/p>\n\n\n\n<ul class=\"wp-block-list\">\n<li><strong>Tuteurer les plants<\/strong> pour soutenir les fruits lourds.<\/li>\n\n\n\n<li>Retirer les feuilles ab\u00eem\u00e9es pour am\u00e9liorer la circulation de l\u2019air.<\/li>\n\n\n\n<li>Supprimer les fleurs et fruits avort\u00e9s pour stimuler le d\u00e9veloppement des autres fruits.<\/li>\n\n\n\n<li>Plante sensible au froid\u202f: attendre que les temp\u00e9ratures nocturnes soient sup\u00e9rieures \u00e0 12\u202f\u00b0C avant de planter en ext\u00e9rieur.<\/li>\n<\/ul>\n\n\n\n<p>\ud83c\udf3e <strong>Plantation<\/strong> : Espacer les plants de <strong>50 \u00e0 60 cm<\/strong>, selon la vari\u00e9t\u00e9 et la vigueur.<\/p>\n\n\n\n<p>\u2702\ufe0f <strong>R\u00e9colte<\/strong> : R\u00e9colter les fruits <strong>lorsqu\u2019ils sont bien d\u00e9velopp\u00e9s, fermes et brillants<\/strong>, avant qu\u2019ils ne deviennent trop gros ou amers. La r\u00e9colte r\u00e9guli\u00e8re stimule la production.<\/p>\n\n\n\n<p>\ud83c\udf31 <strong>\u00c0 consommer<\/strong> : Grill\u00e9, r\u00f4ti, en ratatouille, farci, en caviar d\u2019aubergine ou dans les plats mijot\u00e9s.<\/p>\n<\/div>\n","protected":false},"excerpt":{"rendered":"<p>Nos plants d&lsquo;aubergine sont disponibles : de d\u00e9but avril \u00e0 d\u00e9but juillet Famille : Solanac\u00e9esNom latin : Solanum melongena&nbsp;L.Vari\u00e9t\u00e9s produites : black beauty, de barbentane, dourga, japanese pickling, striped togo, tsakoniki, violette de toulouse, ronde de florence. M\u00e9thode de culture des aubergines : \ud83c\udf31 Pr\u00e9sentation : L\u2019aubergine est une plante annuelle cultiv\u00e9e pour ses fruits [&hellip;]<\/p>\n","protected":false},"author":1,"featured_media":0,"parent":0,"menu_order":0,"comment_status":"closed","ping_status":"closed","template":"","meta":{"footnotes":""},"class_list":["post-806","page","type-page","status-publish","hentry"],"_links":{"self":[{"href":"http:\/\/lebiopretaplanter.fr\/index.php\/wp-json\/wp\/v2\/pages\/806","targetHints":{"allow":["GET"]}}],"collection":[{"href":"http:\/\/lebiopretaplanter.fr\/index.php\/wp-json\/wp\/v2\/pages"}],"about":[{"href":"http:\/\/lebiopretaplanter.fr\/index.php\/wp-json\/wp\/v2\/types\/page"}],"author":[{"embeddable":true,"href":"http:\/\/lebiopretaplanter.fr\/index.php\/wp-json\/wp\/v2\/users\/1"}],"replies":[{"embeddable":true,"href":"http:\/\/lebiopretaplanter.fr\/index.php\/wp-json\/wp\/v2\/comments?post=806"}],"version-history":[{"count":7,"href":"http:\/\/lebiopretaplanter.fr\/index.php\/wp-json\/wp\/v2\/pages\/806\/revisions"}],"predecessor-version":[{"id":1599,"href":"http:\/\/lebiopretaplanter.fr\/index.php\/wp-json\/wp\/v2\/pages\/806\/revisions\/1599"}],"wp:attachment":[{"href":"http:\/\/lebiopretaplanter.fr\/index.php\/wp-json\/wp\/v2\/media?parent=806"}],"curies":[{"name":"wp","href":"https:\/\/api.w.org\/{rel}","templated":true}]}}