{"id":748,"date":"2025-01-06T19:46:11","date_gmt":"2025-01-06T18:46:11","guid":{"rendered":"http:\/\/lebiopretaplanter.fr\/?page_id=748"},"modified":"2026-03-29T19:53:17","modified_gmt":"2026-03-29T17:53:17","slug":"mizuna","status":"publish","type":"page","link":"http:\/\/lebiopretaplanter.fr\/index.php\/mizuna\/","title":{"rendered":"Mizuna"},"content":{"rendered":"\n<h2 class=\"wp-block-heading has-text-align-center\"><strong>Nos plants de mizuna sont disponibles : de d\u00e9but mars \u00e0 d\u00e9but juin et de mi ao\u00fbt \u00e0 fin octobre<\/strong><\/h2>\n\n\n\n<p>Famille : Brassicac\u00e9es<br>Noms latin : <em>Brassica rapa var. japonica, Brassica juncea var.rugosa<\/em><br>Origine : Japon<br>Vari\u00e9t\u00e9s produites : golden frills, rouge, verte<\/p>\n\n\n\n<div class=\"wp-block-group is-content-justification-center is-nowrap is-layout-flex wp-container-core-group-is-layout-9193781b wp-block-group-is-layout-flex\">\n<figure class=\"wp-block-image aligncenter size-full is-resized wp-duotone-unset-1\"><img loading=\"lazy\" decoding=\"async\" width=\"603\" height=\"532\" src=\"http:\/\/lebiopretaplanter.fr\/wp-content\/uploads\/2025\/03\/salade-moutarde-frisee.jpg\" alt=\"\" class=\"wp-image-1186\" style=\"width:290px;height:auto\" srcset=\"http:\/\/lebiopretaplanter.fr\/wp-content\/uploads\/2025\/03\/salade-moutarde-frisee.jpg 603w, http:\/\/lebiopretaplanter.fr\/wp-content\/uploads\/2025\/03\/salade-moutarde-frisee-300x265.jpg 300w\" sizes=\"auto, (max-width: 603px) 100vw, 603px\" \/><figcaption class=\"wp-element-caption\">Golden frills (pique fort)<\/figcaption><\/figure>\n\n\n\n<figure class=\"wp-block-image aligncenter size-full is-resized wp-duotone-unset-2\"><img loading=\"lazy\" decoding=\"async\" width=\"604\" height=\"534\" src=\"http:\/\/lebiopretaplanter.fr\/wp-content\/uploads\/2025\/01\/salade-mizuna-r1.jpg\" alt=\"\" class=\"wp-image-749\" style=\"width:290px;height:auto\" srcset=\"http:\/\/lebiopretaplanter.fr\/wp-content\/uploads\/2025\/01\/salade-mizuna-r1.jpg 604w, http:\/\/lebiopretaplanter.fr\/wp-content\/uploads\/2025\/01\/salade-mizuna-r1-300x265.jpg 300w\" sizes=\"auto, (max-width: 604px) 100vw, 604px\" \/><figcaption class=\"wp-element-caption\">Mizuna rouge (pique mod\u00e9r\u00e9ment)<\/figcaption><\/figure>\n\n\n\n<figure class=\"wp-block-image aligncenter size-full is-resized wp-duotone-unset-3\"><img loading=\"lazy\" decoding=\"async\" width=\"604\" height=\"532\" src=\"http:\/\/lebiopretaplanter.fr\/wp-content\/uploads\/2025\/01\/salade-mizuna-vert.jpg\" alt=\"\" class=\"wp-image-750\" style=\"width:290px;height:auto\" srcset=\"http:\/\/lebiopretaplanter.fr\/wp-content\/uploads\/2025\/01\/salade-mizuna-vert.jpg 604w, http:\/\/lebiopretaplanter.fr\/wp-content\/uploads\/2025\/01\/salade-mizuna-vert-300x264.jpg 300w\" sizes=\"auto, (max-width: 604px) 100vw, 604px\" \/><figcaption class=\"wp-element-caption\">Mizuna verte (ne pique pas)<\/figcaption><\/figure>\n<\/div>\n\n\n\n<div class=\"wp-block-group is-layout-constrained wp-block-group-is-layout-constrained\">\n<h1 class=\"wp-block-heading has-text-align-center has-primary-color has-background-background-color has-text-color has-background has-link-color wp-elements-8a450fbc89feb0e39d1528ee660a72d2\" style=\"padding-top:var(--wp--preset--spacing--20);padding-right:var(--wp--preset--spacing--20);padding-bottom:var(--wp--preset--spacing--20);padding-left:var(--wp--preset--spacing--20)\">Cultiv\u00e9es au Japon depuis des si\u00e8cles<\/h1>\n\n\n\n<p class=\"has-text-align-center\">Feuillages aux saveurs \u00e9pic\u00e9s, les mizunas sont utilis\u00e9es dans les salades, les soupes ou les plats saut\u00e9s.<\/p>\n\n\n\n<h1 class=\"wp-block-heading has-text-align-left has-primary-color has-background-background-color has-text-color has-background has-link-color wp-elements-e8cea5769d2d81d637c0cb2657ee1136\" style=\"padding-top:var(--wp--preset--spacing--20);padding-right:var(--wp--preset--spacing--20);padding-bottom:var(--wp--preset--spacing--20);padding-left:var(--wp--preset--spacing--20)\">M\u00e9thode de culture des mizuna :<\/h1>\n\n\n\n<p>\ud83c\udf31 <strong>Pr\u00e9sentation<\/strong> : La mizuna est une <strong>plante annuelle<\/strong>, vari\u00e9t\u00e9 de moutarde japonaise aux feuilles fines et dentel\u00e9es. Elle est appr\u00e9ci\u00e9e pour sa saveur douce et l\u00e9g\u00e8rement poivr\u00e9e, id\u00e9ale en salade ou cuite comme les \u00e9pinards.<\/p>\n\n\n\n<p>\u2600\ufe0f <strong>Exposition<\/strong> : La mizuna pr\u00e9f\u00e8re une exposition ensoleill\u00e9e \u00e0 mi-ombrag\u00e9e, surtout pendant les p\u00e9riodes chaudes pour \u00e9viter la mont\u00e9e en graines rapide.<\/p>\n\n\n\n<p>\ud83c\udf3f <strong>Sol<\/strong> : Elle se d\u00e9veloppe dans un sol fertile, frais et bien drain\u00e9. L\u2019ajout de compost bien d\u00e9compos\u00e9 avant la plantation favorise une croissance rapide et des feuilles tendres.<\/p>\n\n\n\n<p>\ud83c\udf3e <strong>Plantation<\/strong> : Planter les plants en pleine terre ou en pot, en espa\u00e7ant les plants de 15 \u00e0 20 cm pour permettre un bon d\u00e9veloppement des feuilles et \u00e9viter l\u2019encombrement.<\/p>\n\n\n\n<p>\ud83d\udca7 <strong>Arrosage<\/strong> : Maintenir le sol humide sans exc\u00e8s pour favoriser une croissance r\u00e9guli\u00e8re et \u00e9viter le go\u00fbt amer des feuilles.<\/p>\n\n\n\n<p>\ud83d\udee0\ufe0f <strong>Entretien<\/strong> :<\/p>\n\n\n\n<ul class=\"wp-block-list\">\n<li>Biner et d\u00e9sherber r\u00e9guli\u00e8rement<\/li>\n\n\n\n<li>Surveiller l\u2019humidit\u00e9 du sol<\/li>\n\n\n\n<li>Apporter du compost si n\u00e9cessaire<\/li>\n\n\n\n<li>Retirer les feuilles ab\u00eem\u00e9es pour prolonger la production<\/li>\n<\/ul>\n\n\n\n<p>\u2702\ufe0f <strong>R\u00e9colte<\/strong> : R\u00e9colter les feuilles d\u00e8s qu\u2019elles sont bien d\u00e9velopp\u00e9es, en pr\u00e9levant les feuilles ext\u00e9rieures pour permettre au c\u0153ur de continuer \u00e0 cro\u00eetre.<\/p>\n\n\n\n<p>\ud83c\udf31 <strong>\u00c0 consommer<\/strong> : La mizuna se consomme crue en salade ou cuite dans les saut\u00e9s, soupes et plats asiatiques. Son go\u00fbt doux et l\u00e9g\u00e8rement poivr\u00e9 s\u2019accorde avec de nombreuses pr\u00e9parations.<\/p>\n<\/div>\n","protected":false},"excerpt":{"rendered":"<p>Nos plants de mizuna sont disponibles : de d\u00e9but mars \u00e0 d\u00e9but juin et de mi ao\u00fbt \u00e0 fin octobre Famille : Brassicac\u00e9esNoms latin : Brassica rapa var. japonica, Brassica juncea var.rugosaOrigine : JaponVari\u00e9t\u00e9s produites : golden frills, rouge, verte Cultiv\u00e9es au Japon depuis des si\u00e8cles Feuillages aux saveurs \u00e9pic\u00e9s, les mizunas sont utilis\u00e9es dans [&hellip;]<\/p>\n","protected":false},"author":1,"featured_media":0,"parent":0,"menu_order":0,"comment_status":"closed","ping_status":"closed","template":"","meta":{"footnotes":""},"class_list":["post-748","page","type-page","status-publish","hentry"],"_links":{"self":[{"href":"http:\/\/lebiopretaplanter.fr\/index.php\/wp-json\/wp\/v2\/pages\/748","targetHints":{"allow":["GET"]}}],"collection":[{"href":"http:\/\/lebiopretaplanter.fr\/index.php\/wp-json\/wp\/v2\/pages"}],"about":[{"href":"http:\/\/lebiopretaplanter.fr\/index.php\/wp-json\/wp\/v2\/types\/page"}],"author":[{"embeddable":true,"href":"http:\/\/lebiopretaplanter.fr\/index.php\/wp-json\/wp\/v2\/users\/1"}],"replies":[{"embeddable":true,"href":"http:\/\/lebiopretaplanter.fr\/index.php\/wp-json\/wp\/v2\/comments?post=748"}],"version-history":[{"count":9,"href":"http:\/\/lebiopretaplanter.fr\/index.php\/wp-json\/wp\/v2\/pages\/748\/revisions"}],"predecessor-version":[{"id":1539,"href":"http:\/\/lebiopretaplanter.fr\/index.php\/wp-json\/wp\/v2\/pages\/748\/revisions\/1539"}],"wp:attachment":[{"href":"http:\/\/lebiopretaplanter.fr\/index.php\/wp-json\/wp\/v2\/media?parent=748"}],"curies":[{"name":"wp","href":"https:\/\/api.w.org\/{rel}","templated":true}]}}