{"id":554,"date":"2024-12-20T17:18:40","date_gmt":"2024-12-20T16:18:40","guid":{"rendered":"http:\/\/lebiopretaplanter.fr\/?page_id=554"},"modified":"2026-03-29T19:26:26","modified_gmt":"2026-03-29T17:26:26","slug":"tetragone-epinard-de-nouvelle-zelande","status":"publish","type":"page","link":"http:\/\/lebiopretaplanter.fr\/index.php\/tetragone-epinard-de-nouvelle-zelande\/","title":{"rendered":"T\u00e9tragone, \u00c9pinard de Nouvelle-Z\u00e9lande"},"content":{"rendered":"\n<h2 class=\"wp-block-heading has-text-align-center\"><strong>Nos plants de t\u00e9tragone sont disponibles : de d\u00e9but mai \u00e0 fin juillet<\/strong><\/h2>\n\n\n\n<div class=\"wp-block-group is-layout-constrained wp-block-group-is-layout-constrained\">\n<div class=\"wp-block-group is-layout-constrained wp-block-group-is-layout-constrained\">\n<div class=\"wp-block-columns are-vertically-aligned-center has-background-background-color has-background is-layout-flex wp-container-core-columns-is-layout-28f84493 wp-block-columns-is-layout-flex\">\n<div class=\"wp-block-column is-vertically-aligned-center is-layout-flow wp-block-column-is-layout-flow\" style=\"flex-basis:50%\">\n<div class=\"wp-block-group is-layout-constrained wp-block-group-is-layout-constrained\">\n<div class=\"wp-block-group is-layout-constrained wp-block-group-is-layout-constrained\">\n<div class=\"wp-block-columns is-layout-flex wp-container-core-columns-is-layout-28f84493 wp-block-columns-is-layout-flex\">\n<div class=\"wp-block-column is-layout-flow wp-block-column-is-layout-flow\" style=\"flex-basis:100%\">\n<p style=\"border-style:none;border-width:0px\">Famille : Aizoac\u00e9es<br>Nom latin : Tetragonia tetragonioides (Pall.) Kunteze<br>Origine : Nouvelle-Z\u00e9lande<br>Vari\u00e9t\u00e9s produites : t\u00e9tragone cornue<\/p>\n<\/div>\n<\/div>\n<\/div>\n<\/div>\n<\/div>\n\n\n\n<div class=\"wp-block-column is-vertically-aligned-center is-layout-flow wp-block-column-is-layout-flow\" style=\"flex-basis:50%\">\n<figure class=\"wp-block-image aligncenter size-full is-resized wp-duotone-unset-1\" style=\"margin-right:0;margin-left:0\"><img loading=\"lazy\" decoding=\"async\" width=\"606\" height=\"533\" src=\"http:\/\/lebiopretaplanter.fr\/wp-content\/uploads\/2024\/12\/tetragone.jpg\" alt=\"\" class=\"wp-image-555\" style=\"width:291px;height:auto\" srcset=\"http:\/\/lebiopretaplanter.fr\/wp-content\/uploads\/2024\/12\/tetragone.jpg 606w, http:\/\/lebiopretaplanter.fr\/wp-content\/uploads\/2024\/12\/tetragone-300x264.jpg 300w\" sizes=\"auto, (max-width: 606px) 100vw, 606px\" \/><figcaption class=\"wp-element-caption\">T\u00e9tragone, \u00e9pinard de Nouvelle-Z\u00e9lande<\/figcaption><\/figure>\n<\/div>\n<\/div>\n<\/div>\n<\/div>\n\n\n\n<h1 class=\"wp-block-heading has-text-align-center has-primary-color has-background-background-color has-text-color has-background has-link-color wp-elements-725c4fb6ba5ffa3fb07ed9b64c84239a\" style=\"padding-top:var(--wp--preset--spacing--20);padding-right:var(--wp--preset--spacing--20);padding-bottom:var(--wp--preset--spacing--20);padding-left:var(--wp--preset--spacing--20)\">Se consomme comme les \u00e9pinards<\/h1>\n\n\n\n<p class=\"has-text-align-center\">Les jeunes feuilles de t\u00e9tragone se d\u00e9gustent crues en salade, ou cuites comme les \u00e9pinards dans des saut\u00e9s, soupes ou quiches. Leur saveur douce et l\u00e9g\u00e8rement croquante se pr\u00eate \u00e0 de nombreuses pr\u00e9parations.<\/p>\n\n\n\n<h1 class=\"wp-block-heading has-text-align-left has-primary-color has-background-background-color has-text-color has-background has-link-color wp-elements-7278c909d87be9931104cae412873eaa\" style=\"padding-top:var(--wp--preset--spacing--20);padding-right:var(--wp--preset--spacing--20);padding-bottom:var(--wp--preset--spacing--20);padding-left:var(--wp--preset--spacing--20)\">M\u00e9thode de culture de la T\u00e9tragone :<\/h1>\n\n\n\n<p class=\"has-text-align-left\">\ud83c\udf31 <strong>Pr\u00e9sentation<\/strong> : La t\u00e9tragone est une plante annuelle ou vivace selon le climat, appr\u00e9ci\u00e9e pour ses feuilles tendres et l\u00e9g\u00e8rement croquantes, id\u00e9ales en salade ou cuites comme les \u00e9pinards.<\/p>\n\n\n\n<p>\u2600\ufe0f <strong>Exposition<\/strong> : La t\u00e9tragone pr\u00e9f\u00e8re une exposition ensoleill\u00e9e \u00e0 mi-ombrag\u00e9e, surtout dans les r\u00e9gions chaudes.<\/p>\n\n\n\n<p>\ud83c\udf3f <strong>Sol<\/strong> : La t\u00e9tragone appr\u00e9cie un sol fertile, l\u00e9ger, bien drain\u00e9 et riche en mati\u00e8re organique. Un apport de compost bien d\u00e9compos\u00e9 avant la plantation favorise une croissance vigoureuse. Elle tol\u00e8re les sols un peu secs, mais un exc\u00e8s d\u2019humidit\u00e9 peut provoquer des maladies fongiques.<\/p>\n\n\n\n<p>\ud83c\udf3e <strong>Plantation<\/strong> : distance entre les plants : 25 \u00e0 35 cm. Planter directement les plants en pleine terre ou en pot, en veillant \u00e0 bien espacer pour permettre le d\u00e9veloppement des feuilles.<\/p>\n\n\n\n<p>\ud83d\udca7 <strong>Arrosage<\/strong> : Maintenir le sol frais, sans exc\u00e8s d\u2019eau. Arroser r\u00e9guli\u00e8rement, surtout par temps sec.<\/p>\n\n\n\n<p>\ud83d\udee0\ufe0f <strong>Entretien<\/strong> :<\/p>\n\n\n\n<ul class=\"wp-block-list\">\n<li>Biner et d\u00e9sherber r\u00e9guli\u00e8rement<\/li>\n\n\n\n<li>Surveiller l\u2019humidit\u00e9 du sol<\/li>\n\n\n\n<li>Apporter du compost si n\u00e9cessaire<\/li>\n<\/ul>\n\n\n\n<p>\u2702\ufe0f <strong>R\u00e9colte<\/strong> : R\u00e9colter les feuilles au fur et \u00e0 mesure de leur d\u00e9veloppement. Pr\u00e9lever les feuilles ext\u00e9rieures permet de prolonger la production tout au long de la saison.<\/p>\n","protected":false},"excerpt":{"rendered":"<p>Nos plants de t\u00e9tragone sont disponibles : de d\u00e9but mai \u00e0 fin juillet Famille : Aizoac\u00e9esNom latin : Tetragonia tetragonioides (Pall.) KuntezeOrigine : Nouvelle-Z\u00e9landeVari\u00e9t\u00e9s produites : t\u00e9tragone cornue Se consomme comme les \u00e9pinards Les jeunes feuilles de t\u00e9tragone se d\u00e9gustent crues en salade, ou cuites comme les \u00e9pinards dans des saut\u00e9s, soupes ou quiches. Leur [&hellip;]<\/p>\n","protected":false},"author":1,"featured_media":0,"parent":0,"menu_order":0,"comment_status":"closed","ping_status":"closed","template":"","meta":{"footnotes":""},"class_list":["post-554","page","type-page","status-publish","hentry"],"_links":{"self":[{"href":"http:\/\/lebiopretaplanter.fr\/index.php\/wp-json\/wp\/v2\/pages\/554","targetHints":{"allow":["GET"]}}],"collection":[{"href":"http:\/\/lebiopretaplanter.fr\/index.php\/wp-json\/wp\/v2\/pages"}],"about":[{"href":"http:\/\/lebiopretaplanter.fr\/index.php\/wp-json\/wp\/v2\/types\/page"}],"author":[{"embeddable":true,"href":"http:\/\/lebiopretaplanter.fr\/index.php\/wp-json\/wp\/v2\/users\/1"}],"replies":[{"embeddable":true,"href":"http:\/\/lebiopretaplanter.fr\/index.php\/wp-json\/wp\/v2\/comments?post=554"}],"version-history":[{"count":6,"href":"http:\/\/lebiopretaplanter.fr\/index.php\/wp-json\/wp\/v2\/pages\/554\/revisions"}],"predecessor-version":[{"id":1515,"href":"http:\/\/lebiopretaplanter.fr\/index.php\/wp-json\/wp\/v2\/pages\/554\/revisions\/1515"}],"wp:attachment":[{"href":"http:\/\/lebiopretaplanter.fr\/index.php\/wp-json\/wp\/v2\/media?parent=554"}],"curies":[{"name":"wp","href":"https:\/\/api.w.org\/{rel}","templated":true}]}}