{"id":498,"date":"2024-12-20T15:10:22","date_gmt":"2024-12-20T14:10:22","guid":{"rendered":"http:\/\/lebiopretaplanter.fr\/?page_id=498"},"modified":"2026-03-29T21:11:06","modified_gmt":"2026-03-29T19:11:06","slug":"chou-fourrager","status":"publish","type":"page","link":"http:\/\/lebiopretaplanter.fr\/index.php\/chou-fourrager\/","title":{"rendered":"Chou Fourrager"},"content":{"rendered":"\n<h2 class=\"wp-block-heading has-text-align-center\"><strong>Nos plants de chou fourrager sont disponibles : de fin avril \u00e0 fin octobre<\/strong><\/h2>\n\n\n\n<div class=\"wp-block-group is-layout-constrained wp-block-group-is-layout-constrained\">\n<div class=\"wp-block-group is-layout-constrained wp-block-group-is-layout-constrained\">\n<div class=\"wp-block-columns are-vertically-aligned-center has-background-background-color has-background is-layout-flex wp-container-core-columns-is-layout-28f84493 wp-block-columns-is-layout-flex\">\n<div class=\"wp-block-column is-vertically-aligned-center is-layout-flow wp-block-column-is-layout-flow\" style=\"flex-basis:50%\">\n<div class=\"wp-block-group is-layout-constrained wp-block-group-is-layout-constrained\">\n<div class=\"wp-block-group is-layout-constrained wp-block-group-is-layout-constrained\">\n<div class=\"wp-block-columns is-layout-flex wp-container-core-columns-is-layout-28f84493 wp-block-columns-is-layout-flex\">\n<div class=\"wp-block-column is-layout-flow wp-block-column-is-layout-flow\" style=\"flex-basis:100%\">\n<p style=\"border-style:none;border-width:0px\">Famille : Brassicac\u00e9es<br>Nom latin : <em><em>Brassica oleracea var. viridis<\/em><\/em> L.<br>Vari\u00e9t\u00e9s produites : Cavalier<\/p>\n\n\n\n<p>Cultiv\u00e9 pour les nourrir la basse cours. Tr\u00e8s bon rendement.<\/p>\n<\/div>\n<\/div>\n<\/div>\n<\/div>\n<\/div>\n\n\n\n<div class=\"wp-block-column is-vertically-aligned-center is-layout-flow wp-block-column-is-layout-flow\" style=\"flex-basis:50%\">\n<figure class=\"wp-block-image aligncenter size-full is-resized wp-duotone-unset-1\" style=\"margin-right:0;margin-left:0\"><img loading=\"lazy\" decoding=\"async\" width=\"602\" height=\"535\" src=\"http:\/\/lebiopretaplanter.fr\/wp-content\/uploads\/2024\/12\/chou-fourrager-cavalier.jpg\" alt=\"\" class=\"wp-image-499\" style=\"width:291px;height:auto\" srcset=\"http:\/\/lebiopretaplanter.fr\/wp-content\/uploads\/2024\/12\/chou-fourrager-cavalier.jpg 602w, http:\/\/lebiopretaplanter.fr\/wp-content\/uploads\/2024\/12\/chou-fourrager-cavalier-300x267.jpg 300w\" sizes=\"auto, (max-width: 602px) 100vw, 602px\" \/><figcaption class=\"wp-element-caption\">Chou Fourrager Cavalier<\/figcaption><\/figure>\n<\/div>\n<\/div>\n<\/div>\n<\/div>\n\n\n\n<h1 class=\"wp-block-heading has-text-align-left has-primary-color has-background-background-color has-text-color has-background has-link-color wp-elements-6f7ca845ff17a2259a0ffdb0e3b3369c\" style=\"padding-top:var(--wp--preset--spacing--20);padding-right:var(--wp--preset--spacing--20);padding-bottom:var(--wp--preset--spacing--20);padding-left:var(--wp--preset--spacing--20)\">M\u00e9thode de culture des choux fourragers :<\/h1>\n\n\n\n<p class=\"has-text-align-left\"><strong>Chou fourrager<\/strong><\/p>\n\n\n\n<p>\ud83c\udf31 <strong>Pr\u00e9sentation<\/strong> : Le chou fourrager est une <strong>plante bisannuelle<\/strong>, cultiv\u00e9e principalement comme annuelle pour ses <strong>feuilles abondantes et nutritives<\/strong>, destin\u00e9es \u00e0 l\u2019alimentation animale. Il peut aussi servir pour le compostage ou comme plante de couverture.<\/p>\n\n\n\n<p>\u2600\ufe0f <strong>Exposition<\/strong> : Pr\u00e9f\u00e8re une exposition <strong>ensoleill\u00e9e<\/strong>, mais tol\u00e8re une l\u00e9g\u00e8re mi-ombre.<\/p>\n\n\n\n<p>\ud83c\udf3f <strong>Sol<\/strong> : N\u2019appr\u00e9cie pas les sols acides ni pauvres et craint les carences en <strong>Bore<\/strong>. Pr\u00e9voir un sol fertile, profond, bien drain\u00e9, avec <strong>apport de compost<\/strong> lors de la plantation.<\/p>\n\n\n\n<p>\ud83d\udca7 <strong>Arrosage<\/strong> : Maintenir le sol <strong>humide<\/strong>, surtout en p\u00e9riode s\u00e8che ou de forte croissance.<\/p>\n\n\n\n<p>\ud83d\udee0\ufe0f <strong>Entretien<\/strong> :<\/p>\n\n\n\n<ul class=\"wp-block-list\">\n<li>Surveiller les <strong>altises<\/strong> et <strong>pi\u00e9rides<\/strong> ; une protection sous <strong>filet anti-insecte<\/strong> est possible si n\u00e9cessaire.<\/li>\n\n\n\n<li>Retirer les feuilles ab\u00eem\u00e9es pour favoriser une croissance saine.<\/li>\n\n\n\n<li>Attention aux fortes chaleurs, qui peuvent provoquer une mont\u00e9e rapide \u00e0 graines.<\/li>\n<\/ul>\n\n\n\n<p>\ud83c\udf3e <strong>Plantation<\/strong> : Espacer les plants de <strong>60 cm<\/strong>, afin de laisser suffisamment de place pour le d\u00e9veloppement des feuilles volumineuses.<\/p>\n\n\n\n<p>\u2702\ufe0f <strong>R\u00e9colte<\/strong> : R\u00e9colter les feuilles progressivement, lorsque celles-ci sont <strong>bien d\u00e9velopp\u00e9es et tendres<\/strong>, pour favoriser la croissance continue.<\/p>\n\n\n\n<p>\ud83c\udf31 <strong>\u00c0 consommer \/ usage<\/strong> : Feuilles destin\u00e9es principalement \u00e0 l\u2019alimentation animale, mais peuvent \u00e9galement \u00eatre compost\u00e9es ou utilis\u00e9es comme couverture v\u00e9g\u00e9tale.<\/p>\n","protected":false},"excerpt":{"rendered":"<p>Nos plants de chou fourrager sont disponibles : de fin avril \u00e0 fin octobre Famille : Brassicac\u00e9esNom latin : Brassica oleracea var. viridis L.Vari\u00e9t\u00e9s produites : Cavalier Cultiv\u00e9 pour les nourrir la basse cours. Tr\u00e8s bon rendement. M\u00e9thode de culture des choux fourragers : Chou fourrager \ud83c\udf31 Pr\u00e9sentation : Le chou fourrager est une plante [&hellip;]<\/p>\n","protected":false},"author":1,"featured_media":0,"parent":0,"menu_order":0,"comment_status":"closed","ping_status":"closed","template":"","meta":{"footnotes":""},"class_list":["post-498","page","type-page","status-publish","hentry"],"_links":{"self":[{"href":"http:\/\/lebiopretaplanter.fr\/index.php\/wp-json\/wp\/v2\/pages\/498","targetHints":{"allow":["GET"]}}],"collection":[{"href":"http:\/\/lebiopretaplanter.fr\/index.php\/wp-json\/wp\/v2\/pages"}],"about":[{"href":"http:\/\/lebiopretaplanter.fr\/index.php\/wp-json\/wp\/v2\/types\/page"}],"author":[{"embeddable":true,"href":"http:\/\/lebiopretaplanter.fr\/index.php\/wp-json\/wp\/v2\/users\/1"}],"replies":[{"embeddable":true,"href":"http:\/\/lebiopretaplanter.fr\/index.php\/wp-json\/wp\/v2\/comments?post=498"}],"version-history":[{"count":5,"href":"http:\/\/lebiopretaplanter.fr\/index.php\/wp-json\/wp\/v2\/pages\/498\/revisions"}],"predecessor-version":[{"id":1577,"href":"http:\/\/lebiopretaplanter.fr\/index.php\/wp-json\/wp\/v2\/pages\/498\/revisions\/1577"}],"wp:attachment":[{"href":"http:\/\/lebiopretaplanter.fr\/index.php\/wp-json\/wp\/v2\/media?parent=498"}],"curies":[{"name":"wp","href":"https:\/\/api.w.org\/{rel}","templated":true}]}}