{"id":431,"date":"2024-12-02T20:59:05","date_gmt":"2024-12-02T19:59:05","guid":{"rendered":"http:\/\/lebiopretaplanter.fr\/?page_id=431"},"modified":"2024-12-21T21:46:25","modified_gmt":"2024-12-21T20:46:25","slug":"chou-de-bruxelles","status":"publish","type":"page","link":"http:\/\/lebiopretaplanter.fr\/index.php\/chou-de-bruxelles\/","title":{"rendered":"Chou de Bruxelles"},"content":{"rendered":"\n<h2 class=\"wp-block-heading has-text-align-center\"><strong>Nos plants de chou de Bruxelles sont disponibles : de fin avril \u00e0 mi-juillet<\/strong><\/h2>\n\n\n\n<div class=\"wp-block-group is-layout-constrained wp-block-group-is-layout-constrained\">\n<div class=\"wp-block-group is-layout-constrained wp-block-group-is-layout-constrained\">\n<div class=\"wp-block-columns are-vertically-aligned-center has-background-background-color has-background is-layout-flex wp-container-core-columns-is-layout-28f84493 wp-block-columns-is-layout-flex\">\n<div class=\"wp-block-column is-vertically-aligned-center is-layout-flow wp-block-column-is-layout-flow\" style=\"flex-basis:50%\">\n<div class=\"wp-block-group is-layout-constrained wp-block-group-is-layout-constrained\">\n<div class=\"wp-block-group is-layout-constrained wp-block-group-is-layout-constrained\">\n<div class=\"wp-block-columns is-layout-flex wp-container-core-columns-is-layout-28f84493 wp-block-columns-is-layout-flex\">\n<div class=\"wp-block-column is-layout-flow wp-block-column-is-layout-flow\" style=\"flex-basis:100%\">\n<p style=\"border-style:none;border-width:0px\">Famille : Brassicac\u00e9es<br>Nom latin : <em><em>Brassica oleracea&nbsp;<\/em>var.<em>&nbsp;gemmifera<\/em><\/em> L.<br>Vari\u00e9t\u00e9s produites : Groninger<\/p>\n<\/div>\n<\/div>\n<\/div>\n<\/div>\n<\/div>\n\n\n\n<div class=\"wp-block-column is-vertically-aligned-center is-layout-flow wp-block-column-is-layout-flow\" style=\"flex-basis:50%\">\n<figure class=\"wp-block-image aligncenter size-full is-resized wp-duotone-unset-1\" style=\"margin-right:0;margin-left:0\"><img loading=\"lazy\" decoding=\"async\" width=\"603\" height=\"535\" src=\"http:\/\/lebiopretaplanter.fr\/wp-content\/uploads\/2024\/12\/chou-de-bruxelles-groninger.jpg\" alt=\"\" class=\"wp-image-432\" style=\"width:291px;height:auto\" srcset=\"http:\/\/lebiopretaplanter.fr\/wp-content\/uploads\/2024\/12\/chou-de-bruxelles-groninger.jpg 603w, http:\/\/lebiopretaplanter.fr\/wp-content\/uploads\/2024\/12\/chou-de-bruxelles-groninger-300x266.jpg 300w\" sizes=\"auto, (max-width: 603px) 100vw, 603px\" \/><figcaption class=\"wp-element-caption\">Chou de Bruxelles Groninger<\/figcaption><\/figure>\n<\/div>\n<\/div>\n<\/div>\n<\/div>\n\n\n\n<h1 class=\"wp-block-heading has-text-align-left has-primary-color has-background-background-color has-text-color has-background has-link-color wp-elements-92e53b941ce881da0a323331ca8e6b5d\" style=\"padding-top:var(--wp--preset--spacing--20);padding-right:var(--wp--preset--spacing--20);padding-bottom:var(--wp--preset--spacing--20);padding-left:var(--wp--preset--spacing--20)\">M\u00e9thode de culture des choux de Bruxelles :<\/h1>\n\n\n\n<p class=\"has-text-align-left\">Le chou n&rsquo;appr\u00e9cie pas les sols acides et pauvres. Il craint les carences en Bore.<br>Apport de mati\u00e8re organique compost\u00e9e lors de la plantation. <br>Un arrosage r\u00e9gulier en p\u00e9riode estivale et en p\u00e9riode s\u00e8che est n\u00e9cessaire.<\/p>\n\n\n\n<p>Souvent la cible des altises (petit col\u00e9opt\u00e8re nomm\u00e9 la puce des choux) et des pi\u00e9rides (papillon blanc qui pond sous les feuilles, les chenilles qui \u00e9closent ont un app\u00e9tit d\u00e9mesur\u00e9), une culture sous filet anti insecte \u00e0 maille fine et fortement conseill\u00e9e.<\/p>\n\n\n\n<p>Surveiller r\u00e9guli\u00e8rement pour r\u00e9colter les choux de Bruxelles quand ils sont encore bien fermes, avant qu&rsquo;ils s&rsquo;ouvrent.<\/p>\n\n\n\n<p>Distance de plantation entre les plants : 60cm<\/p>\n","protected":false},"excerpt":{"rendered":"<p>Nos plants de chou de Bruxelles sont disponibles : de fin avril \u00e0 mi-juillet Famille : Brassicac\u00e9esNom latin : Brassica oleracea&nbsp;var.&nbsp;gemmifera L.Vari\u00e9t\u00e9s produites : Groninger M\u00e9thode de culture des choux de Bruxelles : Le chou n&rsquo;appr\u00e9cie pas les sols acides et pauvres. Il craint les carences en Bore.Apport de mati\u00e8re organique compost\u00e9e lors de la [&hellip;]<\/p>\n","protected":false},"author":1,"featured_media":0,"parent":0,"menu_order":0,"comment_status":"closed","ping_status":"closed","template":"","meta":{"footnotes":""},"class_list":["post-431","page","type-page","status-publish","hentry"],"_links":{"self":[{"href":"http:\/\/lebiopretaplanter.fr\/index.php\/wp-json\/wp\/v2\/pages\/431","targetHints":{"allow":["GET"]}}],"collection":[{"href":"http:\/\/lebiopretaplanter.fr\/index.php\/wp-json\/wp\/v2\/pages"}],"about":[{"href":"http:\/\/lebiopretaplanter.fr\/index.php\/wp-json\/wp\/v2\/types\/page"}],"author":[{"embeddable":true,"href":"http:\/\/lebiopretaplanter.fr\/index.php\/wp-json\/wp\/v2\/users\/1"}],"replies":[{"embeddable":true,"href":"http:\/\/lebiopretaplanter.fr\/index.php\/wp-json\/wp\/v2\/comments?post=431"}],"version-history":[{"count":4,"href":"http:\/\/lebiopretaplanter.fr\/index.php\/wp-json\/wp\/v2\/pages\/431\/revisions"}],"predecessor-version":[{"id":673,"href":"http:\/\/lebiopretaplanter.fr\/index.php\/wp-json\/wp\/v2\/pages\/431\/revisions\/673"}],"wp:attachment":[{"href":"http:\/\/lebiopretaplanter.fr\/index.php\/wp-json\/wp\/v2\/media?parent=431"}],"curies":[{"name":"wp","href":"https:\/\/api.w.org\/{rel}","templated":true}]}}