{"id":397,"date":"2024-12-02T19:28:38","date_gmt":"2024-12-02T18:28:38","guid":{"rendered":"http:\/\/lebiopretaplanter.fr\/?page_id=397"},"modified":"2026-03-29T21:09:13","modified_gmt":"2026-03-29T19:09:13","slug":"chou-fleur","status":"publish","type":"page","link":"http:\/\/lebiopretaplanter.fr\/index.php\/chou-fleur\/","title":{"rendered":"Chou Fleur"},"content":{"rendered":"\n<h2 class=\"wp-block-heading has-text-align-center\"><strong>Nos plants de chou fleur sont disponibles : de fin f\u00e9vrier \u00e0 d\u00e9but octobre<\/strong><\/h2>\n\n\n\n<p>Famille : Brassicac\u00e9es<br>Nom latin : <em>Brassica oleracea var. botrytis<\/em> L.<br>Origine : probablement de la Gr\u00e8ce<br>Vari\u00e9t\u00e9s produites : Balthazar, Boule de neige<em>, Marzatico, Odysseus, Tabiro, Violet de Sicile.<\/em><\/p>\n\n\n\n<div class=\"wp-block-columns are-vertically-aligned-center has-background-background-color has-background has-small-font-size is-layout-flex wp-container-core-columns-is-layout-eb630068 wp-block-columns-is-layout-flex\" style=\"margin-top:0;margin-bottom:0;padding-right:0;padding-left:0\">\n<div class=\"wp-block-column is-vertically-aligned-center is-layout-flow wp-block-column-is-layout-flow\" style=\"flex-basis:33%\">\n<figure class=\"wp-block-image aligncenter size-full is-resized wp-duotone-unset-1\"><img loading=\"lazy\" decoding=\"async\" width=\"603\" height=\"535\" src=\"http:\/\/lebiopretaplanter.fr\/wp-content\/uploads\/2024\/12\/chou-fleur-balthazar.jpg\" alt=\"\" class=\"wp-image-398\" style=\"width:290px;height:auto\" srcset=\"http:\/\/lebiopretaplanter.fr\/wp-content\/uploads\/2024\/12\/chou-fleur-balthazar.jpg 603w, http:\/\/lebiopretaplanter.fr\/wp-content\/uploads\/2024\/12\/chou-fleur-balthazar-300x266.jpg 300w\" sizes=\"auto, (max-width: 603px) 100vw, 603px\" \/><figcaption class=\"wp-element-caption\">Chou fleur Balthazar<\/figcaption><\/figure>\n<\/div>\n\n\n\n<div class=\"wp-block-column is-layout-flow wp-block-column-is-layout-flow\" style=\"flex-basis:33%\">\n<figure class=\"wp-block-image aligncenter size-full is-resized wp-duotone-unset-2\"><img loading=\"lazy\" decoding=\"async\" width=\"603\" height=\"535\" src=\"http:\/\/lebiopretaplanter.fr\/wp-content\/uploads\/2024\/12\/chou-fleur-boule-de-neige.jpg\" alt=\"\" class=\"wp-image-399\" style=\"width:290px\" srcset=\"http:\/\/lebiopretaplanter.fr\/wp-content\/uploads\/2024\/12\/chou-fleur-boule-de-neige.jpg 603w, http:\/\/lebiopretaplanter.fr\/wp-content\/uploads\/2024\/12\/chou-fleur-boule-de-neige-300x266.jpg 300w\" sizes=\"auto, (max-width: 603px) 100vw, 603px\" \/><figcaption class=\"wp-element-caption\">Chou fleur Boule de Neige<\/figcaption><\/figure>\n<\/div>\n\n\n\n<div class=\"wp-block-column is-layout-flow wp-block-column-is-layout-flow\" style=\"flex-basis:33%\">\n<figure class=\"wp-block-image aligncenter size-full is-resized wp-duotone-unset-3\"><img loading=\"lazy\" decoding=\"async\" width=\"602\" height=\"535\" src=\"http:\/\/lebiopretaplanter.fr\/wp-content\/uploads\/2024\/12\/chou-fleur-marzatico.jpg\" alt=\"\" class=\"wp-image-400\" style=\"width:290px;height:auto\" srcset=\"http:\/\/lebiopretaplanter.fr\/wp-content\/uploads\/2024\/12\/chou-fleur-marzatico.jpg 602w, http:\/\/lebiopretaplanter.fr\/wp-content\/uploads\/2024\/12\/chou-fleur-marzatico-300x267.jpg 300w\" sizes=\"auto, (max-width: 602px) 100vw, 602px\" \/><figcaption class=\"wp-element-caption\">Chou fleur Marzatico<\/figcaption><\/figure>\n<\/div>\n<\/div>\n\n\n\n<div class=\"wp-block-group is-layout-constrained wp-block-group-is-layout-constrained\">\n<div class=\"wp-block-columns has-background-background-color has-background has-small-font-size is-layout-flex wp-container-core-columns-is-layout-eb630068 wp-block-columns-is-layout-flex\" style=\"margin-top:0;margin-bottom:0;padding-right:0;padding-left:0\">\n<div class=\"wp-block-column is-vertically-aligned-center is-layout-flow wp-block-column-is-layout-flow\" style=\"flex-basis:33%\">\n<figure class=\"wp-block-image aligncenter size-full is-resized wp-duotone-unset-4\"><img loading=\"lazy\" decoding=\"async\" width=\"604\" height=\"535\" src=\"http:\/\/lebiopretaplanter.fr\/wp-content\/uploads\/2024\/12\/chou-fleur-odyssseus.jpg\" alt=\"\" class=\"wp-image-401\" style=\"width:290px\" srcset=\"http:\/\/lebiopretaplanter.fr\/wp-content\/uploads\/2024\/12\/chou-fleur-odyssseus.jpg 604w, http:\/\/lebiopretaplanter.fr\/wp-content\/uploads\/2024\/12\/chou-fleur-odyssseus-300x266.jpg 300w\" sizes=\"auto, (max-width: 604px) 100vw, 604px\" \/><figcaption class=\"wp-element-caption\">Chou fleur Odysseus<\/figcaption><\/figure>\n<\/div>\n\n\n\n<div class=\"wp-block-column is-layout-flow wp-block-column-is-layout-flow\" style=\"flex-basis:33%\">\n<figure class=\"wp-block-image aligncenter size-full is-resized wp-duotone-unset-5\"><img loading=\"lazy\" decoding=\"async\" width=\"604\" height=\"535\" src=\"http:\/\/lebiopretaplanter.fr\/wp-content\/uploads\/2024\/12\/chou-fleur-tabiro.jpg\" alt=\"\" class=\"wp-image-402\" style=\"width:290px\" srcset=\"http:\/\/lebiopretaplanter.fr\/wp-content\/uploads\/2024\/12\/chou-fleur-tabiro.jpg 604w, http:\/\/lebiopretaplanter.fr\/wp-content\/uploads\/2024\/12\/chou-fleur-tabiro-300x266.jpg 300w\" sizes=\"auto, (max-width: 604px) 100vw, 604px\" \/><figcaption class=\"wp-element-caption\">Chou fleur Tabiro<\/figcaption><\/figure>\n<\/div>\n\n\n\n<div class=\"wp-block-column is-layout-flow wp-block-column-is-layout-flow\">\n<figure class=\"wp-block-image aligncenter size-full is-resized\"><img loading=\"lazy\" decoding=\"async\" width=\"604\" height=\"535\" src=\"http:\/\/lebiopretaplanter.fr\/wp-content\/uploads\/2024\/12\/chou-fleur-violet-de-sicile.jpg\" alt=\"\" class=\"wp-image-403\" style=\"width:291px;height:auto\" srcset=\"http:\/\/lebiopretaplanter.fr\/wp-content\/uploads\/2024\/12\/chou-fleur-violet-de-sicile.jpg 604w, http:\/\/lebiopretaplanter.fr\/wp-content\/uploads\/2024\/12\/chou-fleur-violet-de-sicile-300x266.jpg 300w\" sizes=\"auto, (max-width: 604px) 100vw, 604px\" \/><figcaption class=\"wp-element-caption\">Chou fleur Violet de Sicile<\/figcaption><\/figure>\n<\/div>\n<\/div>\n\n\n\n<h1 class=\"wp-block-heading has-text-align-left has-primary-color has-background-background-color has-text-color has-background has-link-color wp-elements-5cbec0b83ba927469333fc7baf3b1001\" style=\"padding-top:var(--wp--preset--spacing--20);padding-right:var(--wp--preset--spacing--20);padding-bottom:var(--wp--preset--spacing--20);padding-left:var(--wp--preset--spacing--20)\">M\u00e9thode de culture des choux fleurs :<\/h1>\n\n\n\n<p>\ud83c\udf31 <strong>Pr\u00e9sentation<\/strong> : Plante bisannuelle cultiv\u00e9e comme annuelle pour sa <strong>t\u00eate blanche comestible<\/strong>, compacte et tendre. Se consomme cuit \u00e0 la vapeur, en gratin, soupe ou saut\u00e9.<\/p>\n\n\n\n<p>\u2600\ufe0f <strong>Exposition<\/strong> : Pr\u00e9f\u00e8re une exposition <strong>ensoleill\u00e9e<\/strong>, tol\u00e8re une l\u00e9g\u00e8re mi-ombre.<\/p>\n\n\n\n<p>\ud83c\udf3f <strong>Sol<\/strong> : N\u2019appr\u00e9cie pas les sols acides ni pauvres et craint le <strong>Bore<\/strong>. Pr\u00e9voir un sol fertile, profond, bien drain\u00e9, avec <strong>compost<\/strong> \u00e0 la plantation.<\/p>\n\n\n\n<p>\ud83d\udca7 <strong>Arrosage<\/strong> : Maintenir le sol <strong>humide<\/strong>, surtout pendant la formation de la t\u00eate.<\/p>\n\n\n\n<p>\ud83d\udee0\ufe0f <strong>Entretien<\/strong> :<\/p>\n\n\n\n<ul class=\"wp-block-list\">\n<li>Surveiller les <strong>altises<\/strong> et <strong>pi\u00e9rides<\/strong> ; culture sous <strong>filet anti-insecte \u00e0 maille fine<\/strong> recommand\u00e9e.<\/li>\n\n\n\n<li><strong>Attention<\/strong>\u202f: une plantation en p\u00e9riode de fortes chaleurs ou des piq\u00fbres d\u2019insectes sur la t\u00eate peuvent forcer le plant \u00e0 <strong>monter rapidement \u00e0 graines<\/strong>.<\/li>\n\n\n\n<li>Lorsque le <strong>bouton floral commence \u00e0 grossir<\/strong>, couvrez-le avec les <strong>feuilles du bas soigneusement coup\u00e9es<\/strong>. Superposez-les pour prot\u00e9ger enti\u00e8rement le c\u0153ur.\n<ul class=\"wp-block-list\">\n<li>Cette couverture emp\u00eache l\u2019eau de p\u00e9n\u00e9trer et prot\u00e8ge la t\u00eate de la lumi\u00e8re, <strong>conservant sa couleur blanche<\/strong>.<\/li>\n\n\n\n<li>Les vari\u00e9t\u00e9s violettes doivent rester expos\u00e9es au soleil pour d\u00e9velopper leur coloration.<\/li>\n<\/ul>\n<\/li>\n<\/ul>\n\n\n\n<p>\ud83c\udf3e <strong>Plantation<\/strong> : Espacer les plants de <strong>60 cm<\/strong>.<\/p>\n\n\n\n<p>\u2702\ufe0f <strong>R\u00e9colte<\/strong> : R\u00e9colter lorsque la t\u00eate est <strong>bien serr\u00e9e et ferme<\/strong>.<\/p>\n\n\n\n<p>\ud83c\udf31 <strong>\u00c0 consommer<\/strong> : Cuit \u00e0 la vapeur, en gratin, po\u00eal\u00e9 ou en soupe.<\/p>\n<\/div>\n","protected":false},"excerpt":{"rendered":"<p>Nos plants de chou fleur sont disponibles : de fin f\u00e9vrier \u00e0 d\u00e9but octobre Famille : Brassicac\u00e9esNom latin : Brassica oleracea var. botrytis L.Origine : probablement de la Gr\u00e8ceVari\u00e9t\u00e9s produites : Balthazar, Boule de neige, Marzatico, Odysseus, Tabiro, Violet de Sicile. M\u00e9thode de culture des choux fleurs : \ud83c\udf31 Pr\u00e9sentation : Plante bisannuelle cultiv\u00e9e comme [&hellip;]<\/p>\n","protected":false},"author":1,"featured_media":0,"parent":0,"menu_order":0,"comment_status":"closed","ping_status":"closed","template":"","meta":{"footnotes":""},"class_list":["post-397","page","type-page","status-publish","hentry"],"_links":{"self":[{"href":"http:\/\/lebiopretaplanter.fr\/index.php\/wp-json\/wp\/v2\/pages\/397","targetHints":{"allow":["GET"]}}],"collection":[{"href":"http:\/\/lebiopretaplanter.fr\/index.php\/wp-json\/wp\/v2\/pages"}],"about":[{"href":"http:\/\/lebiopretaplanter.fr\/index.php\/wp-json\/wp\/v2\/types\/page"}],"author":[{"embeddable":true,"href":"http:\/\/lebiopretaplanter.fr\/index.php\/wp-json\/wp\/v2\/users\/1"}],"replies":[{"embeddable":true,"href":"http:\/\/lebiopretaplanter.fr\/index.php\/wp-json\/wp\/v2\/comments?post=397"}],"version-history":[{"count":6,"href":"http:\/\/lebiopretaplanter.fr\/index.php\/wp-json\/wp\/v2\/pages\/397\/revisions"}],"predecessor-version":[{"id":1574,"href":"http:\/\/lebiopretaplanter.fr\/index.php\/wp-json\/wp\/v2\/pages\/397\/revisions\/1574"}],"wp:attachment":[{"href":"http:\/\/lebiopretaplanter.fr\/index.php\/wp-json\/wp\/v2\/media?parent=397"}],"curies":[{"name":"wp","href":"https:\/\/api.w.org\/{rel}","templated":true}]}}