{"id":329,"date":"2024-12-02T14:58:03","date_gmt":"2024-12-02T13:58:03","guid":{"rendered":"http:\/\/lebiopretaplanter.fr\/?page_id=329"},"modified":"2026-03-29T19:29:30","modified_gmt":"2026-03-29T17:29:30","slug":"shiso-ou-perilla","status":"publish","type":"page","link":"http:\/\/lebiopretaplanter.fr\/index.php\/shiso-ou-perilla\/","title":{"rendered":"Shiso ou Perilla"},"content":{"rendered":"\n<h2 class=\"wp-block-heading has-text-align-center\"><strong>Nos plants de shiso sont disponibles : de d\u00e9but avril \u00e0 fin juillet<\/strong><\/h2>\n\n\n\n<div class=\"wp-block-columns are-vertically-aligned-center has-background-background-color has-background has-small-font-size is-layout-flex wp-container-core-columns-is-layout-eb630068 wp-block-columns-is-layout-flex\" style=\"margin-top:0;margin-bottom:0;padding-right:0;padding-left:0\">\n<div class=\"wp-block-column is-vertically-aligned-center is-layout-flow wp-block-column-is-layout-flow\" style=\"flex-basis:50%\">\n<p>Famille : Lamiac\u00e9es<br>Nom latin : <em>Perilla frutescens<\/em> L.<br>Origine : de l&rsquo;Asie du Sud-Est<br>Vari\u00e9t\u00e9s produites : <em>Pourpre <\/em>et<em> Cor\u00e9enne bicolore<\/em><\/p>\n<\/div>\n\n\n\n<div class=\"wp-block-column is-vertically-aligned-center is-layout-flow wp-block-column-is-layout-flow\" style=\"flex-basis:25%\">\n<figure class=\"wp-block-image alignleft size-full is-resized wp-duotone-unset-1\"><img loading=\"lazy\" decoding=\"async\" width=\"604\" height=\"534\" src=\"http:\/\/lebiopretaplanter.fr\/wp-content\/uploads\/2024\/12\/SHISO-POURPRE.jpg\" alt=\"\" class=\"wp-image-330\" style=\"width:290px\" srcset=\"http:\/\/lebiopretaplanter.fr\/wp-content\/uploads\/2024\/12\/SHISO-POURPRE.jpg 604w, http:\/\/lebiopretaplanter.fr\/wp-content\/uploads\/2024\/12\/SHISO-POURPRE-300x265.jpg 300w\" sizes=\"auto, (max-width: 604px) 100vw, 604px\" \/><figcaption class=\"wp-element-caption\">Shiso ou P\u00e9rilla pourpre<\/figcaption><\/figure>\n<\/div>\n\n\n\n<div class=\"wp-block-column is-layout-flow wp-block-column-is-layout-flow\" style=\"flex-basis:25%\">\n<figure class=\"wp-block-image alignleft size-full is-resized\"><img loading=\"lazy\" decoding=\"async\" width=\"604\" height=\"534\" src=\"http:\/\/lebiopretaplanter.fr\/wp-content\/uploads\/2024\/12\/SHISO-COREEN.jpg\" alt=\"\" class=\"wp-image-331\" style=\"width:290px;height:auto\" srcset=\"http:\/\/lebiopretaplanter.fr\/wp-content\/uploads\/2024\/12\/SHISO-COREEN.jpg 604w, http:\/\/lebiopretaplanter.fr\/wp-content\/uploads\/2024\/12\/SHISO-COREEN-300x265.jpg 300w\" sizes=\"auto, (max-width: 604px) 100vw, 604px\" \/><figcaption class=\"wp-element-caption\">Shiso ou P\u00e9rilla de Cor\u00e9e bicolore<\/figcaption><\/figure>\n<\/div>\n<\/div>\n\n\n\n<h1 class=\"wp-block-heading has-text-align-center has-primary-color has-background-background-color has-text-color has-background has-link-color wp-elements-bf63c4a737ab137566a358591153ed54\" style=\"padding-top:var(--wp--preset--spacing--20);padding-right:var(--wp--preset--spacing--20);padding-bottom:var(--wp--preset--spacing--20);padding-left:var(--wp--preset--spacing--20)\">En terme Chinois : \u00ab\u00a0Plante violette qui fait revivre\u00a0\u00bb<\/h1>\n\n\n\n<p class=\"has-text-align-center\">Des saveurs extraordinaires m\u00ealant basilic, poivre, anis, m\u00e9lisse, cannelle et menthe.<br>En plus d&rsquo;\u00eatre pourvus de multiples parfums, ces plantes de toute beaut\u00e9 sublimeront un coin de potager.<\/p>\n\n\n\n<p class=\"has-text-align-center\">Ce sont les feuilles qui sont consomm\u00e9es. En jus, cisel\u00e9es dans une salade, ajout\u00e9es \u00e0 un plat en fin de cuisson&#8230;<br>A utiliser comme du basilic ou du persil, les shisos feront voyager vos papilles !<br>Couramment consomm\u00e9s en Asie en tant que salade, condiment et aromate.<\/p>\n\n\n\n<p class=\"has-text-align-center\">Antiallergique connu de fa\u00e7on empirique au Japon et en Chine.<br><\/p>\n\n\n\n<h1 class=\"wp-block-heading has-text-align-left has-primary-color has-background-background-color has-text-color has-background has-link-color wp-elements-615d0e0eaba52c1122441c3b814e9caf\" style=\"padding-top:var(--wp--preset--spacing--20);padding-right:var(--wp--preset--spacing--20);padding-bottom:var(--wp--preset--spacing--20);padding-left:var(--wp--preset--spacing--20)\">M\u00e9thode de culture de la p\u00e9rilla<\/h1>\n\n\n\n<p>\ud83c\udf31 <strong>Pr\u00e9sentation<\/strong> : La perilla commun\u00e9ment nomm\u00e9e Shiso, est une plante aromatique originaire d\u2019Asie, pris\u00e9e pour ses feuilles au go\u00fbt unique.<\/p>\n\n\n\n<p>\u2600\ufe0f <strong>Exposition<\/strong> : Le shiso pr\u00e9f\u00e8re une exposition ensoleill\u00e9e \u00e0 mi-ombrag\u00e9e, prot\u00e9g\u00e9e des vents forts.<\/p>\n\n\n\n<p>\ud83c\udf3f <strong>Sol<\/strong> : Le shiso appr\u00e9cie un sol riche en mati\u00e8re organique, l\u00e9ger, bien drain\u00e9 et frais. Un apport de compost avant la plantation favorise une croissance vigoureuse.<\/p>\n\n\n\n<p>\ud83c\udf3e <strong>Plantation<\/strong> : distance entre les plants : 25 \u00e0 30 cm. Planter les plants en pleine terre ou en pot, en veillant \u00e0 bien espacer pour permettre le d\u00e9veloppement des feuilles.<\/p>\n\n\n\n<p>\ud83d\udca7 <strong>Arrosage<\/strong> : Maintenir le sol l\u00e9g\u00e8rement humide, surtout en p\u00e9riode chaude. Arroser r\u00e9guli\u00e8rement sans exc\u00e8s pour \u00e9viter les maladies.<\/p>\n\n\n\n<p>\ud83d\udee0\ufe0f <strong>Entretien<\/strong> :<\/p>\n\n\n\n<ul class=\"wp-block-list\">\n<li>Biner et d\u00e9sherber r\u00e9guli\u00e8rement<\/li>\n\n\n\n<li>Surveiller l\u2019humidit\u00e9 du sol<\/li>\n\n\n\n<li>Apporter du compost si n\u00e9cessaire<\/li>\n\n\n\n<li>Tailler \u00e9ventuellement les feuilles pour stimuler la production<\/li>\n<\/ul>\n\n\n\n<p>\u2702\ufe0f <strong>R\u00e9colte<\/strong> : R\u00e9colter les feuilles au fur et \u00e0 mesure de leur croissance. Pr\u00e9lever les feuilles ext\u00e9rieures pour prolonger la production. Les feuilles peuvent \u00eatre utilis\u00e9es fra\u00eeches ou s\u00e9ch\u00e9es pour parfumer vos plats.<\/p>\n","protected":false},"excerpt":{"rendered":"<p>Nos plants de shiso sont disponibles : de d\u00e9but avril \u00e0 fin juillet Famille : Lamiac\u00e9esNom latin : Perilla frutescens L.Origine : de l&rsquo;Asie du Sud-EstVari\u00e9t\u00e9s produites : Pourpre et Cor\u00e9enne bicolore En terme Chinois : \u00ab\u00a0Plante violette qui fait revivre\u00a0\u00bb Des saveurs extraordinaires m\u00ealant basilic, poivre, anis, m\u00e9lisse, cannelle et menthe.En plus d&rsquo;\u00eatre pourvus [&hellip;]<\/p>\n","protected":false},"author":1,"featured_media":0,"parent":0,"menu_order":0,"comment_status":"closed","ping_status":"closed","template":"","meta":{"footnotes":""},"class_list":["post-329","page","type-page","status-publish","hentry"],"_links":{"self":[{"href":"http:\/\/lebiopretaplanter.fr\/index.php\/wp-json\/wp\/v2\/pages\/329","targetHints":{"allow":["GET"]}}],"collection":[{"href":"http:\/\/lebiopretaplanter.fr\/index.php\/wp-json\/wp\/v2\/pages"}],"about":[{"href":"http:\/\/lebiopretaplanter.fr\/index.php\/wp-json\/wp\/v2\/types\/page"}],"author":[{"embeddable":true,"href":"http:\/\/lebiopretaplanter.fr\/index.php\/wp-json\/wp\/v2\/users\/1"}],"replies":[{"embeddable":true,"href":"http:\/\/lebiopretaplanter.fr\/index.php\/wp-json\/wp\/v2\/comments?post=329"}],"version-history":[{"count":8,"href":"http:\/\/lebiopretaplanter.fr\/index.php\/wp-json\/wp\/v2\/pages\/329\/revisions"}],"predecessor-version":[{"id":1517,"href":"http:\/\/lebiopretaplanter.fr\/index.php\/wp-json\/wp\/v2\/pages\/329\/revisions\/1517"}],"wp:attachment":[{"href":"http:\/\/lebiopretaplanter.fr\/index.php\/wp-json\/wp\/v2\/media?parent=329"}],"curies":[{"name":"wp","href":"https:\/\/api.w.org\/{rel}","templated":true}]}}