{"id":298,"date":"2024-12-02T11:29:24","date_gmt":"2024-12-02T10:29:24","guid":{"rendered":"http:\/\/lebiopretaplanter.fr\/?page_id=298"},"modified":"2026-03-29T20:55:48","modified_gmt":"2026-03-29T18:55:48","slug":"coriandre","status":"publish","type":"page","link":"http:\/\/lebiopretaplanter.fr\/index.php\/coriandre\/","title":{"rendered":"Coriandre"},"content":{"rendered":"\n<h2 class=\"wp-block-heading has-text-align-center\"><strong>Nos plants de coriandre sont disponibles : de fin f\u00e9vrier \u00e0 fin mai puis d\u00e9but juillet puis septembre<\/strong><\/h2>\n\n\n\n<div class=\"wp-block-columns are-vertically-aligned-center has-background-background-color has-background is-layout-flex wp-container-core-columns-is-layout-28f84493 wp-block-columns-is-layout-flex\">\n<div class=\"wp-block-column is-vertically-aligned-center is-layout-flow wp-block-column-is-layout-flow\" style=\"flex-basis:50%\">\n<div class=\"wp-block-group is-layout-constrained wp-block-group-is-layout-constrained\">\n<div class=\"wp-block-group is-layout-constrained wp-block-group-is-layout-constrained\">\n<div class=\"wp-block-columns is-layout-flex wp-container-core-columns-is-layout-28f84493 wp-block-columns-is-layout-flex\">\n<div class=\"wp-block-column is-layout-flow wp-block-column-is-layout-flow\" style=\"flex-basis:100%\">\n<p style=\"border-style:none;border-width:0px\">Famille : Apiac\u00e9es<br>Nom latin : Coriandrum sativum&nbsp;L<br>Origine : de l&rsquo;Est du bassin m\u00e9diterran\u00e9en.<br>Vari\u00e9t\u00e9 produite : <em>\u00e0 petites graines<\/em><\/p>\n<\/div>\n<\/div>\n<\/div>\n<\/div>\n<\/div>\n\n\n\n<div class=\"wp-block-column is-vertically-aligned-center is-layout-flow wp-block-column-is-layout-flow\" style=\"flex-basis:50%\">\n<figure class=\"wp-block-image aligncenter size-full is-resized wp-duotone-unset-1\" style=\"margin-right:0;margin-left:0\"><img loading=\"lazy\" decoding=\"async\" width=\"604\" height=\"532\" src=\"http:\/\/lebiopretaplanter.fr\/wp-content\/uploads\/2024\/12\/coriandre.jpg\" alt=\"\" class=\"wp-image-299\" style=\"width:291px;height:auto\" srcset=\"http:\/\/lebiopretaplanter.fr\/wp-content\/uploads\/2024\/12\/coriandre.jpg 604w, http:\/\/lebiopretaplanter.fr\/wp-content\/uploads\/2024\/12\/coriandre-300x264.jpg 300w\" sizes=\"auto, (max-width: 604px) 100vw, 604px\" \/><\/figure>\n<\/div>\n<\/div>\n\n\n\n<h1 class=\"wp-block-heading has-text-align-center has-primary-color has-background-background-color has-text-color has-background has-link-color wp-elements-fe07f51ea62ee72fda188e044f7c2bf4\" style=\"padding-top:var(--wp--preset--spacing--20);padding-right:var(--wp--preset--spacing--20);padding-bottom:var(--wp--preset--spacing--20);padding-left:var(--wp--preset--spacing--20)\">L&rsquo;incontournable aromate de la cuisine orientale<\/h1>\n\n\n\n<p class=\"has-text-align-center\">\u00c9tonnante origine que celle du mot Coriandre. Elle vient du grec k\u00f4ris qui \u00e9tait le nom de la punaise. <br>L&rsquo;allusion \u00e0 l&rsquo;odeur d\u00e9gag\u00e9e par l&rsquo;insecte n&rsquo;est pas dirig\u00e9e vers l&rsquo;ar\u00f4me d\u00e9licat des graines mais \u00e0 celle des feuilles froiss\u00e9es.<br>Certaines personnes sont incommod\u00e9es par l&rsquo;utilisation des feuilles en cuisine alors que d&rsquo;autres adore.<\/p>\n\n\n\n<p class=\"has-text-align-center\">On retrouve ses feuilles dans la cuisine indienne et asiatique.<br>Mais ce sont surtout ses graines qui sont utilis\u00e9es broy\u00e9es ou enti\u00e8res dans la cuisine orientale et occidentale.<\/p>\n\n\n\n<p class=\"has-text-align-center\">Les propri\u00e9t\u00e9s m\u00e9dicinales des graines de coriandre sont :<br>antidiarrh\u00e9ique, antispasmodique, ap\u00e9ritif, carminatif, digestif, stimulant, stomachique<br>Source : \u00ab\u00a0Plantes m\u00e9dicinales mode d&#8217;emploi\u00a0\u00bb d&rsquo;Olivier Escuder \u00e9dition Ulmer<\/p>\n\n\n\n<p><\/p>\n\n\n\n<h1 class=\"wp-block-heading has-text-align-left has-primary-color has-background-background-color has-text-color has-background has-link-color wp-elements-5b60afc2ecbb35c74997a03eb61b405a\" style=\"padding-top:var(--wp--preset--spacing--20);padding-right:var(--wp--preset--spacing--20);padding-bottom:var(--wp--preset--spacing--20);padding-left:var(--wp--preset--spacing--20)\">M\u00e9thode de culture de la coriandre<\/h1>\n\n\n\n<p class=\"has-text-align-left\">\ud83c\udf31 <strong>Pr\u00e9sentation<\/strong> : La coriandre est une <strong>plante annuelle<\/strong>, incontournable dans la cuisine orientale et asiatique.<\/p>\n\n\n\n<p class=\"has-text-align-left\">\u2600\ufe0f <strong>Exposition<\/strong> : La coriandre tol\u00e8re le froid et peut \u00eatre cultiv\u00e9e toute l\u2019ann\u00e9e si elle est prot\u00e9g\u00e9e des fortes gel\u00e9es. Pour une r\u00e9colte de feuilles plus longue, privil\u00e9gier un emplacement <strong>mi-ombrag\u00e9<\/strong>, ce qui ralentit la mont\u00e9e \u00e0 graines.<\/p>\n\n\n\n<p>\ud83c\udf3f <strong>Sol<\/strong> : La coriandre n\u2019est pas exigeante, mais elle pr\u00e9f\u00e8re un sol fertile, l\u00e9ger et bien drain\u00e9, avec un apport de compost bien d\u00e9compos\u00e9 si n\u00e9cessaire.<\/p>\n\n\n\n<p>\ud83c\udf3e <strong>Plantation<\/strong> : Planter les plants en pleine terre ou en jardini\u00e8re, en espa\u00e7ant <strong>les plants de 25 cm<\/strong> pour leur permettre de bien se d\u00e9velopper.<\/p>\n\n\n\n<p>\ud83d\udca7 <strong>Arrosage<\/strong> : Maintenir le sol <strong>humide<\/strong>, sans exc\u00e8s, surtout en p\u00e9riode de croissance active.<\/p>\n\n\n\n<p>\ud83d\udee0\ufe0f <strong>Entretien<\/strong> :<\/p>\n\n\n\n<ul class=\"wp-block-list\">\n<li>Biner et d\u00e9sherber autour des plants<\/li>\n\n\n\n<li>Surveiller l\u2019humidit\u00e9 du sol<\/li>\n\n\n\n<li>Retirer les feuilles ab\u00eem\u00e9es pour stimuler la croissance<\/li>\n<\/ul>\n\n\n\n<p>\u2702\ufe0f <strong>R\u00e9colte<\/strong> :<\/p>\n\n\n\n<ul class=\"wp-block-list\">\n<li><strong>Feuilles<\/strong> : r\u00e9colter r\u00e9guli\u00e8rement pour prolonger la production et \u00e9viter la mont\u00e9e en graines<\/li>\n\n\n\n<li><strong>Graines<\/strong> : r\u00e9colter lorsqu\u2019elles sont compl\u00e8tement s\u00e8ches, de couleur gris\u00e2tre. Elles peuvent se conserver plusieurs ann\u00e9es.<\/li>\n<\/ul>\n\n\n\n<p>\ud83c\udf31 <strong>\u00c0 consommer<\/strong> : Les feuilles se consomment fra\u00eeches dans les salades, sauces ou plats cuisin\u00e9s. Les graines apportent saveur et ar\u00f4me aux plats orientaux, currys, marinades et p\u00e2tisseries.<\/p>\n","protected":false},"excerpt":{"rendered":"<p>Nos plants de coriandre sont disponibles : de fin f\u00e9vrier \u00e0 fin mai puis d\u00e9but juillet puis septembre Famille : Apiac\u00e9esNom latin : Coriandrum sativum&nbsp;LOrigine : de l&rsquo;Est du bassin m\u00e9diterran\u00e9en.Vari\u00e9t\u00e9 produite : \u00e0 petites graines L&rsquo;incontournable aromate de la cuisine orientale \u00c9tonnante origine que celle du mot Coriandre. Elle vient du grec k\u00f4ris qui [&hellip;]<\/p>\n","protected":false},"author":1,"featured_media":0,"parent":0,"menu_order":0,"comment_status":"closed","ping_status":"closed","template":"","meta":{"footnotes":""},"class_list":["post-298","page","type-page","status-publish","hentry"],"_links":{"self":[{"href":"http:\/\/lebiopretaplanter.fr\/index.php\/wp-json\/wp\/v2\/pages\/298","targetHints":{"allow":["GET"]}}],"collection":[{"href":"http:\/\/lebiopretaplanter.fr\/index.php\/wp-json\/wp\/v2\/pages"}],"about":[{"href":"http:\/\/lebiopretaplanter.fr\/index.php\/wp-json\/wp\/v2\/types\/page"}],"author":[{"embeddable":true,"href":"http:\/\/lebiopretaplanter.fr\/index.php\/wp-json\/wp\/v2\/users\/1"}],"replies":[{"embeddable":true,"href":"http:\/\/lebiopretaplanter.fr\/index.php\/wp-json\/wp\/v2\/comments?post=298"}],"version-history":[{"count":11,"href":"http:\/\/lebiopretaplanter.fr\/index.php\/wp-json\/wp\/v2\/pages\/298\/revisions"}],"predecessor-version":[{"id":1565,"href":"http:\/\/lebiopretaplanter.fr\/index.php\/wp-json\/wp\/v2\/pages\/298\/revisions\/1565"}],"wp:attachment":[{"href":"http:\/\/lebiopretaplanter.fr\/index.php\/wp-json\/wp\/v2\/media?parent=298"}],"curies":[{"name":"wp","href":"https:\/\/api.w.org\/{rel}","templated":true}]}}