{"id":287,"date":"2024-12-02T10:06:48","date_gmt":"2024-12-02T09:06:48","guid":{"rendered":"http:\/\/lebiopretaplanter.fr\/?page_id=287"},"modified":"2026-03-29T22:03:27","modified_gmt":"2026-03-29T20:03:27","slug":"armoise-annuelle","status":"publish","type":"page","link":"http:\/\/lebiopretaplanter.fr\/index.php\/armoise-annuelle\/","title":{"rendered":"Artemisia Annua"},"content":{"rendered":"\n<h2 class=\"wp-block-heading has-text-align-center\"><strong>Nos plants d&rsquo;armoise annuelle sont disponibles : de d\u00e9but mars \u00e0 fin juin.<\/strong><\/h2>\n\n\n\n<div class=\"wp-block-group is-layout-constrained wp-block-group-is-layout-constrained\">\n<div class=\"wp-block-columns are-vertically-aligned-center has-background-background-color has-background is-layout-flex wp-container-core-columns-is-layout-28f84493 wp-block-columns-is-layout-flex\">\n<div class=\"wp-block-column is-vertically-aligned-center is-layout-flow wp-block-column-is-layout-flow\" style=\"flex-basis:50%\">\n<div class=\"wp-block-group is-layout-constrained wp-block-group-is-layout-constrained\">\n<div class=\"wp-block-group is-layout-constrained wp-block-group-is-layout-constrained\">\n<div class=\"wp-block-columns is-layout-flex wp-container-core-columns-is-layout-28f84493 wp-block-columns-is-layout-flex\">\n<div class=\"wp-block-column is-layout-flow wp-block-column-is-layout-flow\" style=\"flex-basis:100%\">\n<p style=\"border-style:none;border-width:0px\">Famille : Ast\u00e9rac\u00e9es<br>Nom latin : <em>Artemisia annua<\/em>&nbsp;L.<br>Origine : de l&rsquo;Eurasie et d&rsquo;Afrique du nord.<br>Vari\u00e9t\u00e9 produite : Artemisia ou Armoise annuelle<\/p>\n<\/div>\n<\/div>\n<\/div>\n<\/div>\n<\/div>\n\n\n\n<div class=\"wp-block-column is-vertically-aligned-center is-layout-flow wp-block-column-is-layout-flow\" style=\"flex-basis:50%\">\n<figure class=\"wp-block-image aligncenter size-full is-resized wp-duotone-unset-1\" style=\"margin-right:0;margin-left:0\"><img loading=\"lazy\" decoding=\"async\" width=\"606\" height=\"538\" src=\"http:\/\/lebiopretaplanter.fr\/wp-content\/uploads\/2024\/12\/armoise-annuelle.jpg\" alt=\"\" class=\"wp-image-288\" style=\"width:291px;height:auto\" srcset=\"http:\/\/lebiopretaplanter.fr\/wp-content\/uploads\/2024\/12\/armoise-annuelle.jpg 606w, http:\/\/lebiopretaplanter.fr\/wp-content\/uploads\/2024\/12\/armoise-annuelle-300x266.jpg 300w\" sizes=\"auto, (max-width: 606px) 100vw, 606px\" \/><\/figure>\n<\/div>\n<\/div>\n<\/div>\n\n\n\n<h1 class=\"wp-block-heading has-text-align-center has-primary-color has-background-background-color has-text-color has-background has-link-color wp-elements-04ce716fbc29e04ced4b46de3ca55d63\" style=\"margin-top:0;margin-right:var(--wp--preset--spacing--20);margin-bottom:0;margin-left:var(--wp--preset--spacing--20);padding-top:var(--wp--preset--spacing--20);padding-right:var(--wp--preset--spacing--20);padding-bottom:var(--wp--preset--spacing--20);padding-left:var(--wp--preset--spacing--20)\">Dans la pharmacop\u00e9e depuis plus de 2000 ans<\/h1>\n\n\n\n<p class=\"has-text-align-center\">Elle est largement utilis\u00e9e en m\u00e9decines traditionnelles Chinoise et Africaine.<br><a href=\"https:\/\/fr.wikipedia.org\/wiki\/Armoise_annuelle\">https:\/\/fr.wikipedia.org\/wiki\/Armoise_annuelle<\/a><\/p>\n\n\n\n<h1 class=\"wp-block-heading has-text-align-left has-primary-color has-background-background-color has-text-color has-background has-link-color wp-elements-9bfd972f010e9d223ef9964693c6c626\" style=\"padding-top:var(--wp--preset--spacing--20);padding-right:var(--wp--preset--spacing--20);padding-bottom:var(--wp--preset--spacing--20);padding-left:var(--wp--preset--spacing--20)\">M\u00e9thode de culture de l&rsquo;armoise annuelle<\/h1>\n\n\n\n<p>P\ud83c\udf31 <strong>Pr\u00e9sentation<\/strong> : L\u2019<strong>Artemisia annua<\/strong> est une <strong>plante annuelle<\/strong>, originaire d\u2019Asie, connue pour ses <strong>feuilles aromatiques et m\u00e9dicinales<\/strong>. Elle est particuli\u00e8rement reconnue pour ses propri\u00e9t\u00e9s antiparasitaires et antipaludiques dans la m\u00e9decine traditionnelle et scientifique. Ses feuilles d\u00e9gagent un parfum caract\u00e9ristique, l\u00e9g\u00e8rement sucr\u00e9 et amer.<\/p>\n\n\n\n<p>\u2600\ufe0f <strong>Exposition<\/strong> : Pr\u00e9f\u00e8re une <strong>exposition ensoleill\u00e9e<\/strong>, prot\u00e9g\u00e9e des vents forts pour favoriser une croissance vigoureuse.<\/p>\n\n\n\n<p>\ud83c\udf3f <strong>Sol<\/strong> : Appr\u00e9cie un sol <strong>l\u00e9ger, bien drain\u00e9 et fertile<\/strong>, enrichi de compost au moment de la plantation. Elle tol\u00e8re les sols pauvres mais se d\u00e9veloppe mieux dans un sol riche en mati\u00e8re organique.<\/p>\n\n\n\n<p>\ud83d\udca7 <strong>Arrosage<\/strong> : Arroser <strong>mod\u00e9r\u00e9ment<\/strong>, en maintenant le sol l\u00e9g\u00e8rement humide mais sans exc\u00e8s. La plante tol\u00e8re de courtes p\u00e9riodes de s\u00e9cheresse.<\/p>\n\n\n\n<p>\ud83d\udee0\ufe0f <strong>Entretien<\/strong> :<\/p>\n\n\n\n<ul class=\"wp-block-list\">\n<li>Supprimer les feuilles ab\u00eem\u00e9es ou malades.<\/li>\n\n\n\n<li>Tailler l\u00e9g\u00e8rement pour stimuler la ramification et favoriser le d\u00e9veloppement de jeunes pousses aromatiques.<\/li>\n\n\n\n<li>Prot\u00e9ger des fortes gel\u00e9es, car c\u2019est une annuelle g\u00e9live.<\/li>\n<\/ul>\n\n\n\n<p>\ud83c\udf3e <strong>Plantation<\/strong> : Espacer les plants de <strong>30 \u00e0 40 cm<\/strong> pour permettre un bon d\u00e9veloppement et une circulation de l\u2019air suffisante.<\/p>\n\n\n\n<p>\u2702\ufe0f <strong>R\u00e9colte<\/strong> : R\u00e9colter les <strong>feuilles et sommit\u00e9s fleuries avant la floraison compl\u00e8te<\/strong> pour obtenir le maximum d\u2019ar\u00f4mes et de principes actifs.<\/p>\n\n\n\n<p>\ud83c\udf31 <strong>\u00c0 consommer<\/strong> : Infusions, d\u00e9coctions ou pr\u00e9parations m\u00e9dicinales, en respectant les doses recommand\u00e9es.<\/p>\n","protected":false},"excerpt":{"rendered":"<p>Nos plants d&rsquo;armoise annuelle sont disponibles : de d\u00e9but mars \u00e0 fin juin. Famille : Ast\u00e9rac\u00e9esNom latin : Artemisia annua&nbsp;L.Origine : de l&rsquo;Eurasie et d&rsquo;Afrique du nord.Vari\u00e9t\u00e9 produite : Artemisia ou Armoise annuelle Dans la pharmacop\u00e9e depuis plus de 2000 ans Elle est largement utilis\u00e9e en m\u00e9decines traditionnelles Chinoise et Africaine.https:\/\/fr.wikipedia.org\/wiki\/Armoise_annuelle M\u00e9thode de culture de [&hellip;]<\/p>\n","protected":false},"author":1,"featured_media":0,"parent":0,"menu_order":0,"comment_status":"closed","ping_status":"closed","template":"","meta":{"footnotes":""},"class_list":["post-287","page","type-page","status-publish","hentry"],"_links":{"self":[{"href":"http:\/\/lebiopretaplanter.fr\/index.php\/wp-json\/wp\/v2\/pages\/287","targetHints":{"allow":["GET"]}}],"collection":[{"href":"http:\/\/lebiopretaplanter.fr\/index.php\/wp-json\/wp\/v2\/pages"}],"about":[{"href":"http:\/\/lebiopretaplanter.fr\/index.php\/wp-json\/wp\/v2\/types\/page"}],"author":[{"embeddable":true,"href":"http:\/\/lebiopretaplanter.fr\/index.php\/wp-json\/wp\/v2\/users\/1"}],"replies":[{"embeddable":true,"href":"http:\/\/lebiopretaplanter.fr\/index.php\/wp-json\/wp\/v2\/comments?post=287"}],"version-history":[{"count":17,"href":"http:\/\/lebiopretaplanter.fr\/index.php\/wp-json\/wp\/v2\/pages\/287\/revisions"}],"predecessor-version":[{"id":1603,"href":"http:\/\/lebiopretaplanter.fr\/index.php\/wp-json\/wp\/v2\/pages\/287\/revisions\/1603"}],"wp:attachment":[{"href":"http:\/\/lebiopretaplanter.fr\/index.php\/wp-json\/wp\/v2\/media?parent=287"}],"curies":[{"name":"wp","href":"https:\/\/api.w.org\/{rel}","templated":true}]}}