{"id":176,"date":"2024-11-11T18:12:08","date_gmt":"2024-11-11T17:12:08","guid":{"rendered":"http:\/\/lebiopretaplanter.fr\/?page_id=176"},"modified":"2026-04-27T13:42:38","modified_gmt":"2026-04-27T11:42:38","slug":"plants-disponibles","status":"publish","type":"page","link":"http:\/\/lebiopretaplanter.fr\/index.php\/plants-disponibles\/","title":{"rendered":"Plants Disponibles"},"content":{"rendered":"\n<h2 class=\"wp-block-heading has-text-align-center has-medium-font-size\"><strong>LES TABLEAUX DES PLANTS DISPONIBLES SONT MIS \u00c0 JOUR CHAQUE SEMAINE<\/strong><\/h2>\n\n\n\n<p class=\"has-text-align-center\"><img loading=\"lazy\" decoding=\"async\" height=\"16\" width=\"16\" alt=\"\ud83c\udf31\" src=\"https:\/\/static.xx.fbcdn.net\/images\/emoji.php\/v9\/t69\/1\/16\/1f331.png\"><img loading=\"lazy\" decoding=\"async\" height=\"16\" width=\"16\" alt=\"\ud83c\udf38\" src=\"https:\/\/static.xx.fbcdn.net\/images\/emoji.php\/v9\/tf0\/1\/16\/1f338.png\"> Bonjour \u00e0 toutes et \u00e0 tous !<\/p>\n\n\n\n<p>Voici la liste des plants disponibles cette semaine, du lundi 27 avril au dimanche 3 mai.<\/p>\n\n\n\n<p><img loading=\"lazy\" decoding=\"async\" height=\"16\" width=\"16\" alt=\"\ud83d\udccd\" src=\"https:\/\/static.xx.fbcdn.net\/images\/emoji.php\/v9\/t2d\/1\/16\/1f4cd.png\"> Nous serons pr\u00e9sents sur le march\u00e9 de Foix le 1er mai.<\/p>\n\n\n\n<p><img loading=\"lazy\" decoding=\"async\" height=\"16\" width=\"16\" alt=\"\ud83e\uddfa\" src=\"https:\/\/static.xx.fbcdn.net\/images\/emoji.php\/v9\/tcc\/1\/16\/1f9fa.png\"> Pensez \u00e0 apporter votre cagette ou votre cabas pour transporter vos plants en toute simplicit\u00e9.<\/p>\n\n\n\n<p class=\"has-text-align-center\">Au plaisir de vous retrouver tr\u00e8s bient\u00f4t ! <img loading=\"lazy\" decoding=\"async\" height=\"16\" width=\"16\" alt=\"\ud83c\udf1e\" src=\"https:\/\/static.xx.fbcdn.net\/images\/emoji.php\/v9\/t5f\/1\/16\/1f31e.png\"><\/p>\n\n\n\n<div class=\"wp-block-group is-nowrap is-layout-flex wp-container-core-group-is-layout-6c531013 wp-block-group-is-layout-flex\">\n<figure data-wp-context=\"{&quot;imageId&quot;:&quot;69f26c4626110&quot;}\" data-wp-interactive=\"core\/image\" data-wp-key=\"69f26c4626110\" class=\"wp-block-image size-full is-resized wp-lightbox-container\"><img loading=\"lazy\" decoding=\"async\" width=\"1547\" height=\"2054\" data-wp-class--hide=\"state.isContentHidden\" data-wp-class--show=\"state.isContentVisible\" data-wp-init=\"callbacks.setButtonStyles\" data-wp-on--click=\"actions.showLightbox\" data-wp-on--load=\"callbacks.setButtonStyles\" data-wp-on-window--resize=\"callbacks.setButtonStyles\" src=\"http:\/\/lebiopretaplanter.fr\/wp-content\/uploads\/2026\/04\/liste-plants-vente-par-semaine-2026-1-3.jpeg\" alt=\"\" class=\"wp-image-1636\" style=\"width:755px;height:auto\" srcset=\"http:\/\/lebiopretaplanter.fr\/wp-content\/uploads\/2026\/04\/liste-plants-vente-par-semaine-2026-1-3.jpeg 1547w, http:\/\/lebiopretaplanter.fr\/wp-content\/uploads\/2026\/04\/liste-plants-vente-par-semaine-2026-1-3-226x300.jpeg 226w, http:\/\/lebiopretaplanter.fr\/wp-content\/uploads\/2026\/04\/liste-plants-vente-par-semaine-2026-1-3-771x1024.jpeg 771w, http:\/\/lebiopretaplanter.fr\/wp-content\/uploads\/2026\/04\/liste-plants-vente-par-semaine-2026-1-3-768x1020.jpeg 768w, http:\/\/lebiopretaplanter.fr\/wp-content\/uploads\/2026\/04\/liste-plants-vente-par-semaine-2026-1-3-1157x1536.jpeg 1157w, http:\/\/lebiopretaplanter.fr\/wp-content\/uploads\/2026\/04\/liste-plants-vente-par-semaine-2026-1-3-1542x2048.jpeg 1542w\" sizes=\"auto, (max-width: 1547px) 100vw, 1547px\" \/><button\n\t\t\tclass=\"lightbox-trigger\"\n\t\t\ttype=\"button\"\n\t\t\taria-haspopup=\"dialog\"\n\t\t\taria-label=\"Agrandir\"\n\t\t\tdata-wp-init=\"callbacks.initTriggerButton\"\n\t\t\tdata-wp-on--click=\"actions.showLightbox\"\n\t\t\tdata-wp-style--right=\"state.imageButtonRight\"\n\t\t\tdata-wp-style--top=\"state.imageButtonTop\"\n\t\t>\n\t\t\t<svg xmlns=\"http:\/\/www.w3.org\/2000\/svg\" width=\"12\" height=\"12\" fill=\"none\" viewBox=\"0 0 12 12\">\n\t\t\t\t<path fill=\"#fff\" d=\"M2 0a2 2 0 0 0-2 2v2h1.5V2a.5.5 0 0 1 .5-.5h2V0H2Zm2 10.5H2a.5.5 0 0 1-.5-.5V8H0v2a2 2 0 0 0 2 2h2v-1.5ZM8 12v-1.5h2a.5.5 0 0 0 .5-.5V8H12v2a2 2 0 0 1-2 2H8Zm2-12a2 2 0 0 1 2 2v2h-1.5V2a.5.5 0 0 0-.5-.5H8V0h2Z\" \/>\n\t\t\t<\/svg>\n\t\t<\/button><\/figure>\n\n\n\n<figure data-wp-context=\"{&quot;imageId&quot;:&quot;69f26c462651f&quot;}\" data-wp-interactive=\"core\/image\" data-wp-key=\"69f26c462651f\" class=\"wp-block-image size-full is-resized wp-lightbox-container\"><img loading=\"lazy\" decoding=\"async\" width=\"1521\" height=\"1831\" data-wp-class--hide=\"state.isContentHidden\" data-wp-class--show=\"state.isContentVisible\" data-wp-init=\"callbacks.setButtonStyles\" data-wp-on--click=\"actions.showLightbox\" data-wp-on--load=\"callbacks.setButtonStyles\" data-wp-on-window--resize=\"callbacks.setButtonStyles\" src=\"http:\/\/lebiopretaplanter.fr\/wp-content\/uploads\/2026\/04\/liste-plants-vente-par-semaine-2026-2-2.jpg\" alt=\"\" class=\"wp-image-1637\" style=\"width:755px;height:auto\" srcset=\"http:\/\/lebiopretaplanter.fr\/wp-content\/uploads\/2026\/04\/liste-plants-vente-par-semaine-2026-2-2.jpg 1521w, http:\/\/lebiopretaplanter.fr\/wp-content\/uploads\/2026\/04\/liste-plants-vente-par-semaine-2026-2-2-249x300.jpg 249w, http:\/\/lebiopretaplanter.fr\/wp-content\/uploads\/2026\/04\/liste-plants-vente-par-semaine-2026-2-2-851x1024.jpg 851w, http:\/\/lebiopretaplanter.fr\/wp-content\/uploads\/2026\/04\/liste-plants-vente-par-semaine-2026-2-2-768x925.jpg 768w, http:\/\/lebiopretaplanter.fr\/wp-content\/uploads\/2026\/04\/liste-plants-vente-par-semaine-2026-2-2-1276x1536.jpg 1276w\" sizes=\"auto, (max-width: 1521px) 100vw, 1521px\" \/><button\n\t\t\tclass=\"lightbox-trigger\"\n\t\t\ttype=\"button\"\n\t\t\taria-haspopup=\"dialog\"\n\t\t\taria-label=\"Agrandir\"\n\t\t\tdata-wp-init=\"callbacks.initTriggerButton\"\n\t\t\tdata-wp-on--click=\"actions.showLightbox\"\n\t\t\tdata-wp-style--right=\"state.imageButtonRight\"\n\t\t\tdata-wp-style--top=\"state.imageButtonTop\"\n\t\t>\n\t\t\t<svg xmlns=\"http:\/\/www.w3.org\/2000\/svg\" width=\"12\" height=\"12\" fill=\"none\" viewBox=\"0 0 12 12\">\n\t\t\t\t<path fill=\"#fff\" d=\"M2 0a2 2 0 0 0-2 2v2h1.5V2a.5.5 0 0 1 .5-.5h2V0H2Zm2 10.5H2a.5.5 0 0 1-.5-.5V8H0v2a2 2 0 0 0 2 2h2v-1.5ZM8 12v-1.5h2a.5.5 0 0 0 .5-.5V8H12v2a2 2 0 0 1-2 2H8Zm2-12a2 2 0 0 1 2 2v2h-1.5V2a.5.5 0 0 0-.5-.5H8V0h2Z\" \/>\n\t\t\t<\/svg>\n\t\t<\/button><\/figure>\n\n\n\n<figure data-wp-context=\"{&quot;imageId&quot;:&quot;69f26c46268a2&quot;}\" data-wp-interactive=\"core\/image\" data-wp-key=\"69f26c46268a2\" class=\"wp-block-image size-large wp-lightbox-container\"><img loading=\"lazy\" decoding=\"async\" width=\"1024\" height=\"849\" data-wp-class--hide=\"state.isContentHidden\" data-wp-class--show=\"state.isContentVisible\" data-wp-init=\"callbacks.setButtonStyles\" data-wp-on--click=\"actions.showLightbox\" data-wp-on--load=\"callbacks.setButtonStyles\" data-wp-on-window--resize=\"callbacks.setButtonStyles\" src=\"http:\/\/lebiopretaplanter.fr\/wp-content\/uploads\/2026\/04\/liste-plants-vente-par-semaine-2026-3-2-1024x849.jpg\" alt=\"\" class=\"wp-image-1638\" srcset=\"http:\/\/lebiopretaplanter.fr\/wp-content\/uploads\/2026\/04\/liste-plants-vente-par-semaine-2026-3-2-1024x849.jpg 1024w, http:\/\/lebiopretaplanter.fr\/wp-content\/uploads\/2026\/04\/liste-plants-vente-par-semaine-2026-3-2-300x249.jpg 300w, http:\/\/lebiopretaplanter.fr\/wp-content\/uploads\/2026\/04\/liste-plants-vente-par-semaine-2026-3-2-768x636.jpg 768w, http:\/\/lebiopretaplanter.fr\/wp-content\/uploads\/2026\/04\/liste-plants-vente-par-semaine-2026-3-2.jpg 1523w\" sizes=\"auto, (max-width: 1024px) 100vw, 1024px\" \/><button\n\t\t\tclass=\"lightbox-trigger\"\n\t\t\ttype=\"button\"\n\t\t\taria-haspopup=\"dialog\"\n\t\t\taria-label=\"Agrandir\"\n\t\t\tdata-wp-init=\"callbacks.initTriggerButton\"\n\t\t\tdata-wp-on--click=\"actions.showLightbox\"\n\t\t\tdata-wp-style--right=\"state.imageButtonRight\"\n\t\t\tdata-wp-style--top=\"state.imageButtonTop\"\n\t\t>\n\t\t\t<svg xmlns=\"http:\/\/www.w3.org\/2000\/svg\" width=\"12\" height=\"12\" fill=\"none\" viewBox=\"0 0 12 12\">\n\t\t\t\t<path fill=\"#fff\" d=\"M2 0a2 2 0 0 0-2 2v2h1.5V2a.5.5 0 0 1 .5-.5h2V0H2Zm2 10.5H2a.5.5 0 0 1-.5-.5V8H0v2a2 2 0 0 0 2 2h2v-1.5ZM8 12v-1.5h2a.5.5 0 0 0 .5-.5V8H12v2a2 2 0 0 1-2 2H8Zm2-12a2 2 0 0 1 2 2v2h-1.5V2a.5.5 0 0 0-.5-.5H8V0h2Z\" \/>\n\t\t\t<\/svg>\n\t\t<\/button><\/figure>\n<\/div>\n\n\n\n<h2 class=\"wp-block-heading has-text-align-center has-medium-font-size\"><strong>LES PAIEMENTS SE FONT EN ESP\u00c8CES OU PAR CH\u00c8QUE D\u00c8S R\u00c9CEPTION DES PLANTS.<\/strong><\/h2>\n\n\n\n<figure class=\"wp-block-image aligncenter size-large is-resized\"><img loading=\"lazy\" decoding=\"async\" width=\"1024\" height=\"768\" src=\"http:\/\/lebiopretaplanter.fr\/wp-content\/uploads\/2024\/11\/DSC02925-1024x768.jpg\" alt=\"\" class=\"wp-image-178\" style=\"width:755px;height:auto\" srcset=\"http:\/\/lebiopretaplanter.fr\/wp-content\/uploads\/2024\/11\/DSC02925-1024x768.jpg 1024w, http:\/\/lebiopretaplanter.fr\/wp-content\/uploads\/2024\/11\/DSC02925-300x225.jpg 300w, http:\/\/lebiopretaplanter.fr\/wp-content\/uploads\/2024\/11\/DSC02925-768x576.jpg 768w, http:\/\/lebiopretaplanter.fr\/wp-content\/uploads\/2024\/11\/DSC02925-1536x1152.jpg 1536w, http:\/\/lebiopretaplanter.fr\/wp-content\/uploads\/2024\/11\/DSC02925-2048x1536.jpg 2048w\" sizes=\"auto, (max-width: 1024px) 100vw, 1024px\" \/><\/figure>\n\n\n\n<p><\/p>\n","protected":false},"excerpt":{"rendered":"<p>LES TABLEAUX DES PLANTS DISPONIBLES SONT MIS \u00c0 JOUR CHAQUE SEMAINE Bonjour \u00e0 toutes et \u00e0 tous ! Voici la liste des plants disponibles cette semaine, du lundi 27 avril au dimanche 3 mai. Nous serons pr\u00e9sents sur le march\u00e9 de Foix le 1er mai. Pensez \u00e0 apporter votre cagette ou votre cabas pour transporter [&hellip;]<\/p>\n","protected":false},"author":1,"featured_media":0,"parent":0,"menu_order":1,"comment_status":"closed","ping_status":"closed","template":"","meta":{"footnotes":""},"class_list":["post-176","page","type-page","status-publish","hentry"],"_links":{"self":[{"href":"http:\/\/lebiopretaplanter.fr\/index.php\/wp-json\/wp\/v2\/pages\/176","targetHints":{"allow":["GET"]}}],"collection":[{"href":"http:\/\/lebiopretaplanter.fr\/index.php\/wp-json\/wp\/v2\/pages"}],"about":[{"href":"http:\/\/lebiopretaplanter.fr\/index.php\/wp-json\/wp\/v2\/types\/page"}],"author":[{"embeddable":true,"href":"http:\/\/lebiopretaplanter.fr\/index.php\/wp-json\/wp\/v2\/users\/1"}],"replies":[{"embeddable":true,"href":"http:\/\/lebiopretaplanter.fr\/index.php\/wp-json\/wp\/v2\/comments?post=176"}],"version-history":[{"count":63,"href":"http:\/\/lebiopretaplanter.fr\/index.php\/wp-json\/wp\/v2\/pages\/176\/revisions"}],"predecessor-version":[{"id":1639,"href":"http:\/\/lebiopretaplanter.fr\/index.php\/wp-json\/wp\/v2\/pages\/176\/revisions\/1639"}],"wp:attachment":[{"href":"http:\/\/lebiopretaplanter.fr\/index.php\/wp-json\/wp\/v2\/media?parent=176"}],"curies":[{"name":"wp","href":"https:\/\/api.w.org\/{rel}","templated":true}]}}