{"id":129,"date":"2024-11-11T13:51:18","date_gmt":"2024-11-11T12:51:18","guid":{"rendered":"http:\/\/lebiopretaplanter.fr\/?page_id=129"},"modified":"2025-03-16T21:43:52","modified_gmt":"2025-03-16T20:43:52","slug":"contact","status":"publish","type":"page","link":"http:\/\/lebiopretaplanter.fr\/index.php\/contact\/","title":{"rendered":"Contact"},"content":{"rendered":"\n<p>Nous sommes joignables par mail : <strong>contact@lebiopretaplanter.fr<\/strong><\/p>\n\n\n\n<p>Pour toute question, remarque ou demande d&rsquo;information, merci de nous contacter par mail. R\u00e9ponse sous 24h.<\/p>\n\n\n\n<p>Nous ne sommes pas joignables par t\u00e9l\u00e9phone, trop occup\u00e9s \u00e0 produire, \u00e0 vous conseiller et \u00e0 vous servir.<\/p>\n\n\n\n<p>Ouverts sur place \u00e0 la p\u00e9pini\u00e8re : <a href=\"http:\/\/lebiopretaplanter.fr\/index.php\/points-de-vente-2\/\" data-type=\"page\" data-id=\"86\">HORAIRES et ADRESSE<\/a><\/p>\n\n\n\n<p><strong>Adresse du si\u00e8ge pour l&rsquo;envoi de courrier par voie postale<\/strong><br>GAEC Le Bio Pr\u00eat \u00e0 Planter<br>336 route du Sabarth\u00e8s<br>09120 Mont\u00e9gut-Plantaurel<br>France<\/p>\n\n\n\n<p><strong>Attention : Les paiements se font en esp\u00e8ces ou par ch\u00e8que \u00e0 r\u00e9ception des plants. Pas de CB.<\/strong><\/p>\n\n\n\n<figure class=\"wp-block-image aligncenter size-large is-resized\"><img loading=\"lazy\" decoding=\"async\" width=\"1024\" height=\"768\" src=\"http:\/\/lebiopretaplanter.fr\/wp-content\/uploads\/2024\/11\/DSC02921-1024x768.jpg\" alt=\"\" class=\"wp-image-198\" style=\"width:601px;height:auto\" srcset=\"http:\/\/lebiopretaplanter.fr\/wp-content\/uploads\/2024\/11\/DSC02921-1024x768.jpg 1024w, http:\/\/lebiopretaplanter.fr\/wp-content\/uploads\/2024\/11\/DSC02921-300x225.jpg 300w, http:\/\/lebiopretaplanter.fr\/wp-content\/uploads\/2024\/11\/DSC02921-768x576.jpg 768w, http:\/\/lebiopretaplanter.fr\/wp-content\/uploads\/2024\/11\/DSC02921-1536x1152.jpg 1536w, http:\/\/lebiopretaplanter.fr\/wp-content\/uploads\/2024\/11\/DSC02921-2048x1536.jpg 2048w\" sizes=\"auto, (max-width: 1024px) 100vw, 1024px\" \/><figcaption class=\"wp-element-caption\">aquarelle d&rsquo;une petite partie de notre production<\/figcaption><\/figure>\n","protected":false},"excerpt":{"rendered":"<p>Nous sommes joignables par mail : contact@lebiopretaplanter.fr Pour toute question, remarque ou demande d&rsquo;information, merci de nous contacter par mail. R\u00e9ponse sous 24h. Nous ne sommes pas joignables par t\u00e9l\u00e9phone, trop occup\u00e9s \u00e0 produire, \u00e0 vous conseiller et \u00e0 vous servir. Ouverts sur place \u00e0 la p\u00e9pini\u00e8re : HORAIRES et ADRESSE Adresse du si\u00e8ge pour [&hellip;]<\/p>\n","protected":false},"author":1,"featured_media":0,"parent":0,"menu_order":3,"comment_status":"closed","ping_status":"closed","template":"","meta":{"footnotes":""},"class_list":["post-129","page","type-page","status-publish","hentry"],"_links":{"self":[{"href":"http:\/\/lebiopretaplanter.fr\/index.php\/wp-json\/wp\/v2\/pages\/129","targetHints":{"allow":["GET"]}}],"collection":[{"href":"http:\/\/lebiopretaplanter.fr\/index.php\/wp-json\/wp\/v2\/pages"}],"about":[{"href":"http:\/\/lebiopretaplanter.fr\/index.php\/wp-json\/wp\/v2\/types\/page"}],"author":[{"embeddable":true,"href":"http:\/\/lebiopretaplanter.fr\/index.php\/wp-json\/wp\/v2\/users\/1"}],"replies":[{"embeddable":true,"href":"http:\/\/lebiopretaplanter.fr\/index.php\/wp-json\/wp\/v2\/comments?post=129"}],"version-history":[{"count":8,"href":"http:\/\/lebiopretaplanter.fr\/index.php\/wp-json\/wp\/v2\/pages\/129\/revisions"}],"predecessor-version":[{"id":941,"href":"http:\/\/lebiopretaplanter.fr\/index.php\/wp-json\/wp\/v2\/pages\/129\/revisions\/941"}],"wp:attachment":[{"href":"http:\/\/lebiopretaplanter.fr\/index.php\/wp-json\/wp\/v2\/media?parent=129"}],"curies":[{"name":"wp","href":"https:\/\/api.w.org\/{rel}","templated":true}]}}