{"id":1190,"date":"2025-03-12T11:02:48","date_gmt":"2025-03-12T10:02:48","guid":{"rendered":"http:\/\/lebiopretaplanter.fr\/?page_id=1190"},"modified":"2026-03-29T21:41:33","modified_gmt":"2026-03-29T19:41:33","slug":"laitues","status":"publish","type":"page","link":"http:\/\/lebiopretaplanter.fr\/index.php\/laitues\/","title":{"rendered":"Laitues"},"content":{"rendered":"\n<h2 class=\"wp-block-heading has-text-align-center\"><strong>Nos plants de laitues sont disponibles : de d\u00e9but mars \u00e0 fin octobre<\/strong><\/h2>\n\n\n\n<p>Famille : Ast\u00e9rac\u00e9es<br>Noms latin : <em>Lactuca sativa L.<\/em><br>Origine : R\u00e9gion m\u00e9diterran\u00e9enne et Asie occidentale<br>Vari\u00e9t\u00e9s produites : diff\u00e9rentes et adapt\u00e9es \u00e0 chaque saison; toute l&rsquo;ann\u00e9e une large choix de :<\/p>\n\n\n\n<h1 class=\"wp-block-heading has-text-align-center has-primary-color has-background-background-color has-text-color has-background has-link-color has-x-large-font-size wp-elements-f428aba19369b78014369da39558b2fc\" style=\"border-radius:0px;margin-top:0;margin-right:0;margin-bottom:0;margin-left:0;padding-top:var(--wp--preset--spacing--30);padding-right:var(--wp--preset--spacing--30);padding-bottom:var(--wp--preset--spacing--30);padding-left:var(--wp--preset--spacing--30)\">Batavia, Pomm\u00e9e Beurre, Feuille de ch\u00eane, Romaine et Sucrine<\/h1>\n\n\n\n<div class=\"wp-block-group is-content-justification-center is-nowrap is-layout-flex wp-container-core-group-is-layout-9193781b wp-block-group-is-layout-flex\">\n<figure class=\"wp-block-image aligncenter size-full is-resized wp-duotone-unset-1\"><img loading=\"lazy\" decoding=\"async\" width=\"606\" height=\"535\" src=\"http:\/\/lebiopretaplanter.fr\/wp-content\/uploads\/2025\/03\/batavia-blonde.jpg\" alt=\"\" class=\"wp-image-1191\" style=\"width:290px;height:auto\" srcset=\"http:\/\/lebiopretaplanter.fr\/wp-content\/uploads\/2025\/03\/batavia-blonde.jpg 606w, http:\/\/lebiopretaplanter.fr\/wp-content\/uploads\/2025\/03\/batavia-blonde-300x265.jpg 300w\" sizes=\"auto, (max-width: 606px) 100vw, 606px\" \/><figcaption class=\"wp-element-caption\">batavia blonde<\/figcaption><\/figure>\n\n\n\n<figure class=\"wp-block-image aligncenter size-full is-resized wp-duotone-unset-2\"><img loading=\"lazy\" decoding=\"async\" width=\"606\" height=\"534\" src=\"http:\/\/lebiopretaplanter.fr\/wp-content\/uploads\/2025\/03\/batavia-iceberg.jpg\" alt=\"\" class=\"wp-image-1192\" style=\"width:290px;height:auto\" srcset=\"http:\/\/lebiopretaplanter.fr\/wp-content\/uploads\/2025\/03\/batavia-iceberg.jpg 606w, http:\/\/lebiopretaplanter.fr\/wp-content\/uploads\/2025\/03\/batavia-iceberg-300x264.jpg 300w\" sizes=\"auto, (max-width: 606px) 100vw, 606px\" \/><figcaption class=\"wp-element-caption\">batavia iceberg<\/figcaption><\/figure>\n\n\n\n<figure class=\"wp-block-image aligncenter size-full is-resized wp-duotone-unset-3\"><img loading=\"lazy\" decoding=\"async\" width=\"606\" height=\"535\" src=\"http:\/\/lebiopretaplanter.fr\/wp-content\/uploads\/2025\/03\/batavia-rouge.jpg\" alt=\"\" class=\"wp-image-1193\" style=\"width:290px;height:auto\" srcset=\"http:\/\/lebiopretaplanter.fr\/wp-content\/uploads\/2025\/03\/batavia-rouge.jpg 606w, http:\/\/lebiopretaplanter.fr\/wp-content\/uploads\/2025\/03\/batavia-rouge-300x265.jpg 300w\" sizes=\"auto, (max-width: 606px) 100vw, 606px\" \/><figcaption class=\"wp-element-caption\">batavia rouge<\/figcaption><\/figure>\n<\/div>\n\n\n\n<div class=\"wp-block-group is-content-justification-center is-nowrap is-layout-flex wp-container-core-group-is-layout-9193781b wp-block-group-is-layout-flex\">\n<figure class=\"wp-block-image aligncenter size-full is-resized wp-duotone-unset-4\"><img loading=\"lazy\" decoding=\"async\" width=\"606\" height=\"535\" src=\"http:\/\/lebiopretaplanter.fr\/wp-content\/uploads\/2025\/03\/pommee-beurre-blonde.jpg\" alt=\"\" class=\"wp-image-1198\" style=\"width:290px;height:auto\" srcset=\"http:\/\/lebiopretaplanter.fr\/wp-content\/uploads\/2025\/03\/pommee-beurre-blonde.jpg 606w, http:\/\/lebiopretaplanter.fr\/wp-content\/uploads\/2025\/03\/pommee-beurre-blonde-300x265.jpg 300w\" sizes=\"auto, (max-width: 606px) 100vw, 606px\" \/><figcaption class=\"wp-element-caption\">pomm\u00e9e beurre blonde<\/figcaption><\/figure>\n\n\n\n<figure class=\"wp-block-image aligncenter size-full is-resized wp-duotone-unset-5\"><img loading=\"lazy\" decoding=\"async\" width=\"604\" height=\"535\" src=\"http:\/\/lebiopretaplanter.fr\/wp-content\/uploads\/2025\/03\/pommee-beurre-rouge.jpg\" alt=\"\" class=\"wp-image-1199\" style=\"width:290px;height:auto\" srcset=\"http:\/\/lebiopretaplanter.fr\/wp-content\/uploads\/2025\/03\/pommee-beurre-rouge.jpg 604w, http:\/\/lebiopretaplanter.fr\/wp-content\/uploads\/2025\/03\/pommee-beurre-rouge-300x266.jpg 300w\" sizes=\"auto, (max-width: 604px) 100vw, 604px\" \/><figcaption class=\"wp-element-caption\">pomm\u00e9e beurre rouge<\/figcaption><\/figure>\n<\/div>\n\n\n\n<div class=\"wp-block-group is-content-justification-center is-nowrap is-layout-flex wp-container-core-group-is-layout-9193781b wp-block-group-is-layout-flex\">\n<figure class=\"wp-block-image aligncenter size-full is-resized wp-duotone-unset-6\"><img loading=\"lazy\" decoding=\"async\" width=\"604\" height=\"533\" src=\"http:\/\/lebiopretaplanter.fr\/wp-content\/uploads\/2025\/03\/cressonnette-du-maroc.jpg\" alt=\"\" class=\"wp-image-1195\" style=\"width:290px;height:auto\" srcset=\"http:\/\/lebiopretaplanter.fr\/wp-content\/uploads\/2025\/03\/cressonnette-du-maroc.jpg 604w, http:\/\/lebiopretaplanter.fr\/wp-content\/uploads\/2025\/03\/cressonnette-du-maroc-300x265.jpg 300w\" sizes=\"auto, (max-width: 604px) 100vw, 604px\" \/><figcaption class=\"wp-element-caption\">cressonnette du Maroc<\/figcaption><\/figure>\n\n\n\n<figure class=\"wp-block-image aligncenter size-full is-resized wp-duotone-unset-7\"><img loading=\"lazy\" decoding=\"async\" width=\"603\" height=\"534\" src=\"http:\/\/lebiopretaplanter.fr\/wp-content\/uploads\/2025\/03\/feuille-de-chene-rouge.jpg\" alt=\"\" class=\"wp-image-1196\" style=\"width:290px;height:auto\" srcset=\"http:\/\/lebiopretaplanter.fr\/wp-content\/uploads\/2025\/03\/feuille-de-chene-rouge.jpg 603w, http:\/\/lebiopretaplanter.fr\/wp-content\/uploads\/2025\/03\/feuille-de-chene-rouge-300x266.jpg 300w\" sizes=\"auto, (max-width: 603px) 100vw, 603px\" \/><figcaption class=\"wp-element-caption\">feuille de ch\u00eane rouge<\/figcaption><\/figure>\n\n\n\n<figure class=\"wp-block-image aligncenter size-full is-resized wp-duotone-unset-8\"><img loading=\"lazy\" decoding=\"async\" width=\"604\" height=\"533\" src=\"http:\/\/lebiopretaplanter.fr\/wp-content\/uploads\/2025\/03\/feuille-de-chene-blonde.jpg\" alt=\"\" class=\"wp-image-1197\" style=\"width:290px;height:auto\" srcset=\"http:\/\/lebiopretaplanter.fr\/wp-content\/uploads\/2025\/03\/feuille-de-chene-blonde.jpg 604w, http:\/\/lebiopretaplanter.fr\/wp-content\/uploads\/2025\/03\/feuille-de-chene-blonde-300x265.jpg 300w\" sizes=\"auto, (max-width: 604px) 100vw, 604px\" \/><figcaption class=\"wp-element-caption\">feuille de ch\u00eane blonde<\/figcaption><\/figure>\n<\/div>\n\n\n\n<div class=\"wp-block-group is-content-justification-center is-nowrap is-layout-flex wp-container-core-group-is-layout-9193781b wp-block-group-is-layout-flex\">\n<figure class=\"wp-block-image aligncenter size-full is-resized wp-duotone-unset-9\"><img loading=\"lazy\" decoding=\"async\" width=\"606\" height=\"535\" src=\"http:\/\/lebiopretaplanter.fr\/wp-content\/uploads\/2025\/03\/romaine-truitee.jpg\" alt=\"\" class=\"wp-image-1200\" style=\"width:290px;height:auto\" srcset=\"http:\/\/lebiopretaplanter.fr\/wp-content\/uploads\/2025\/03\/romaine-truitee.jpg 606w, http:\/\/lebiopretaplanter.fr\/wp-content\/uploads\/2025\/03\/romaine-truitee-300x265.jpg 300w\" sizes=\"auto, (max-width: 606px) 100vw, 606px\" \/><figcaption class=\"wp-element-caption\">romaine truit\u00e9e<\/figcaption><\/figure>\n\n\n\n<figure class=\"wp-block-image aligncenter size-full is-resized wp-duotone-unset-10\"><img loading=\"lazy\" decoding=\"async\" width=\"606\" height=\"535\" src=\"http:\/\/lebiopretaplanter.fr\/wp-content\/uploads\/2025\/03\/sucrine.jpg\" alt=\"\" class=\"wp-image-1201\" style=\"width:290px;height:auto\" srcset=\"http:\/\/lebiopretaplanter.fr\/wp-content\/uploads\/2025\/03\/sucrine.jpg 606w, http:\/\/lebiopretaplanter.fr\/wp-content\/uploads\/2025\/03\/sucrine-300x265.jpg 300w\" sizes=\"auto, (max-width: 606px) 100vw, 606px\" \/><figcaption class=\"wp-element-caption\">sucrine<\/figcaption><\/figure>\n<\/div>\n\n\n\n<div class=\"wp-block-group is-layout-constrained wp-block-group-is-layout-constrained\">\n<h1 class=\"wp-block-heading has-text-align-left has-primary-color has-background-background-color has-text-color has-background has-link-color wp-elements-dcc9a95fafbe240101df59d607c62ed6\" style=\"padding-top:var(--wp--preset--spacing--20);padding-right:var(--wp--preset--spacing--20);padding-bottom:var(--wp--preset--spacing--20);padding-left:var(--wp--preset--spacing--20)\">M\u00e9thode de culture des laitues :<\/h1>\n<\/div>\n\n\n\n<p>\ud83c\udf31 <strong>Pr\u00e9sentation<\/strong> : La laitue est une <strong>plante annuelle<\/strong>, tr\u00e8s appr\u00e9ci\u00e9e pour ses feuilles croquantes et tendres. Elle se consomme crue, en salade, sandwichs ou garnitures, et se d\u00e9cline en de nombreuses vari\u00e9t\u00e9s (batavia, romaine, feuille de ch\u00eane, etc.).<\/p>\n\n\n\n<p>\u2600\ufe0f <strong>Exposition<\/strong> : La laitue pr\u00e9f\u00e8re une exposition ensoleill\u00e9e \u00e0 mi-ombrag\u00e9e. En \u00e9t\u00e9, un peu d\u2019ombre aide \u00e0 \u00e9viter la mont\u00e9e rapide en graines et le go\u00fbt amer.<\/p>\n\n\n\n<p>\ud83c\udf3f <strong>Sol<\/strong> : Elle se d\u00e9veloppe dans un sol fertile, l\u00e9ger, frais et bien drain\u00e9. Un apport de compost bien d\u00e9compos\u00e9 avant la plantation favorise une croissance r\u00e9guli\u00e8re et des feuilles tendres.<\/p>\n\n\n\n<p>\ud83c\udf3e <strong>Plantation<\/strong> : Planter les plants en pleine terre ou en jardini\u00e8re, en espa\u00e7ant les plants de 20 \u00e0 30 cm selon les vari\u00e9t\u00e9s. Espacer les rangs de 25 \u00e0 35 cm pour un bon d\u00e9veloppement.<\/p>\n\n\n\n<p>\ud83d\udca7 <strong>Arrosage<\/strong> : Maintenir le sol humide, surtout pendant la croissance des feuilles, sans exc\u00e8s pour \u00e9viter le pourrissement et la mont\u00e9e en graines pr\u00e9matur\u00e9e.<\/p>\n\n\n\n<p>\ud83d\udee0\ufe0f <strong>Entretien<\/strong> :<\/p>\n\n\n\n<ul class=\"wp-block-list\">\n<li>Biner et d\u00e9sherber autour des plants<\/li>\n\n\n\n<li>Surveiller les <strong>gast\u00e9ropodes (limaces et escargots)<\/strong> qui peuvent ab\u00eemer les jeunes feuilles et c\u0153urs.<\/li>\n\n\n\n<li>Surveiller l\u2019humidit\u00e9 du sol<\/li>\n\n\n\n<li>Retirer les feuilles ab\u00eem\u00e9es pour stimuler la production<\/li>\n<\/ul>\n\n\n\n<p>\u2702\ufe0f <strong>R\u00e9colte<\/strong> : R\u00e9colter les feuilles ext\u00e9rieures au fur et \u00e0 mesure pour prolonger la production, ou couper toute la plante \u00e0 maturit\u00e9 selon la vari\u00e9t\u00e9.<\/p>\n\n\n\n<p>\ud83c\udf31 <strong>\u00c0 consommer<\/strong> : La laitue se consomme crue en salade, sandwichs ou garnitures. Certaines vari\u00e9t\u00e9s peuvent \u00eatre l\u00e9g\u00e8rement saut\u00e9es ou incorpor\u00e9es dans des soupes l\u00e9g\u00e8res.<\/p>\n","protected":false},"excerpt":{"rendered":"<p>Nos plants de laitues sont disponibles : de d\u00e9but mars \u00e0 fin octobre Famille : Ast\u00e9rac\u00e9esNoms latin : Lactuca sativa L.Origine : R\u00e9gion m\u00e9diterran\u00e9enne et Asie occidentaleVari\u00e9t\u00e9s produites : diff\u00e9rentes et adapt\u00e9es \u00e0 chaque saison; toute l&rsquo;ann\u00e9e une large choix de : Batavia, Pomm\u00e9e Beurre, Feuille de ch\u00eane, Romaine et Sucrine M\u00e9thode de culture des [&hellip;]<\/p>\n","protected":false},"author":1,"featured_media":0,"parent":0,"menu_order":0,"comment_status":"closed","ping_status":"closed","template":"","meta":{"footnotes":""},"class_list":["post-1190","page","type-page","status-publish","hentry"],"_links":{"self":[{"href":"http:\/\/lebiopretaplanter.fr\/index.php\/wp-json\/wp\/v2\/pages\/1190","targetHints":{"allow":["GET"]}}],"collection":[{"href":"http:\/\/lebiopretaplanter.fr\/index.php\/wp-json\/wp\/v2\/pages"}],"about":[{"href":"http:\/\/lebiopretaplanter.fr\/index.php\/wp-json\/wp\/v2\/types\/page"}],"author":[{"embeddable":true,"href":"http:\/\/lebiopretaplanter.fr\/index.php\/wp-json\/wp\/v2\/users\/1"}],"replies":[{"embeddable":true,"href":"http:\/\/lebiopretaplanter.fr\/index.php\/wp-json\/wp\/v2\/comments?post=1190"}],"version-history":[{"count":5,"href":"http:\/\/lebiopretaplanter.fr\/index.php\/wp-json\/wp\/v2\/pages\/1190\/revisions"}],"predecessor-version":[{"id":1580,"href":"http:\/\/lebiopretaplanter.fr\/index.php\/wp-json\/wp\/v2\/pages\/1190\/revisions\/1580"}],"wp:attachment":[{"href":"http:\/\/lebiopretaplanter.fr\/index.php\/wp-json\/wp\/v2\/media?parent=1190"}],"curies":[{"name":"wp","href":"https:\/\/api.w.org\/{rel}","templated":true}]}}