{"id":1133,"date":"2025-02-17T22:02:00","date_gmt":"2025-02-17T21:02:00","guid":{"rendered":"http:\/\/lebiopretaplanter.fr\/?page_id=1133"},"modified":"2025-02-17T22:02:00","modified_gmt":"2025-02-17T21:02:00","slug":"murier-sans-epines","status":"publish","type":"page","link":"http:\/\/lebiopretaplanter.fr\/index.php\/murier-sans-epines\/","title":{"rendered":"M\u00fbrier sans \u00e9pines"},"content":{"rendered":"\n<h2 class=\"wp-block-heading has-text-align-center\"><strong>Nos plants de m\u00fbrier sans \u00e9pines sont disponibles : \u00e0 partir d<\/strong>&lsquo;<strong>avril<\/strong><\/h2>\n\n\n\n<p>Famille : Rosac\u00e9es<br>Nom latin : <em>Rubus fruticosus<\/em><br>Vari\u00e9t\u00e9s produites : black satin<\/p>\n\n\n\n<div style=\"height:19px\" aria-hidden=\"true\" class=\"wp-block-spacer\"><\/div>\n\n\n\n<div class=\"wp-block-group is-content-justification-center is-nowrap is-layout-flex wp-container-core-group-is-layout-23441af8 wp-block-group-is-layout-flex\">\n<figure class=\"wp-block-image aligncenter size-full is-resized wp-duotone-unset-1\"><img loading=\"lazy\" decoding=\"async\" width=\"604\" height=\"532\" src=\"http:\/\/lebiopretaplanter.fr\/wp-content\/uploads\/2025\/02\/murier-balck-satin.jpg\" alt=\"\" class=\"wp-image-1134\" style=\"width:290px;height:auto\" srcset=\"http:\/\/lebiopretaplanter.fr\/wp-content\/uploads\/2025\/02\/murier-balck-satin.jpg 604w, http:\/\/lebiopretaplanter.fr\/wp-content\/uploads\/2025\/02\/murier-balck-satin-300x264.jpg 300w\" sizes=\"auto, (max-width: 604px) 100vw, 604px\" \/><figcaption class=\"wp-element-caption\">m\u00fbrier sans \u00e9pines \u00ab\u00a0black satin\u00a0\u00bb<\/figcaption><\/figure>\n<\/div>\n\n\n\n<div class=\"wp-block-group is-layout-constrained wp-block-group-is-layout-constrained\">\n<h1 class=\"wp-block-heading has-text-align-center has-primary-color has-background-background-color has-text-color has-background has-link-color wp-elements-440d473600cee45c196062246b0f3681\" style=\"padding-top:0;padding-bottom:0\">Caract\u00e9ristiques de cette vari\u00e9t\u00e9 :<\/h1>\n\n\n\n<p><strong>Black satin<\/strong><br>Plante sans \u00e9pines produisant des fruits noirs sucr\u00e9s et juteux, parfaits pour la consommation fra\u00eeche ou la transformation. Elle se distingue par sa croissance vigoureuse et son port compact, ce qui la rend id\u00e9ale pour les petits jardins ou les cultures en pot.<\/p>\n\n\n\n<h1 class=\"wp-block-heading has-text-align-left has-primary-color has-background-background-color has-text-color has-background has-link-color wp-elements-6249e901334c7aa20dca3309200c84c8\" style=\"padding-top:var(--wp--preset--spacing--20);padding-right:var(--wp--preset--spacing--20);padding-bottom:var(--wp--preset--spacing--20);padding-left:var(--wp--preset--spacing--20)\">M\u00e9thode de culture des m\u00fbriers :<\/h1>\n\n\n\n<p>Choisir un endroit ensoleill\u00e9 \u00e0 mi-ombrag\u00e9. Pr\u00e9f\u00e8re un sol bien drain\u00e9, riche en mati\u00e8re organique, l\u00e9g\u00e8rement acide \u00e0 neutre (pH 5,5 \u00e0 7).<\/p>\n<\/div>\n\n\n\n<p>Espacer les plants de 1,5 \u00e0 2 m\u00e8tres.<\/p>\n\n\n\n<p>Taille l\u00e9g\u00e8re apr\u00e8s la r\u00e9colte pour favoriser une nouvelle pousse et maintenir une forme compacte.<\/p>\n\n\n\n<p>C&rsquo;est une plante robuste et facile \u00e0 entretenir, id\u00e9ale pour les jardiniers qui souhaitent des m\u00fbres sans \u00e9pines !<\/p>\n","protected":false},"excerpt":{"rendered":"<p>Nos plants de m\u00fbrier sans \u00e9pines sont disponibles : \u00e0 partir d&lsquo;avril Famille : Rosac\u00e9esNom latin : Rubus fruticosusVari\u00e9t\u00e9s produites : black satin Caract\u00e9ristiques de cette vari\u00e9t\u00e9 : Black satinPlante sans \u00e9pines produisant des fruits noirs sucr\u00e9s et juteux, parfaits pour la consommation fra\u00eeche ou la transformation. Elle se distingue par sa croissance vigoureuse et [&hellip;]<\/p>\n","protected":false},"author":1,"featured_media":0,"parent":0,"menu_order":0,"comment_status":"closed","ping_status":"closed","template":"","meta":{"footnotes":""},"class_list":["post-1133","page","type-page","status-publish","hentry"],"_links":{"self":[{"href":"http:\/\/lebiopretaplanter.fr\/index.php\/wp-json\/wp\/v2\/pages\/1133","targetHints":{"allow":["GET"]}}],"collection":[{"href":"http:\/\/lebiopretaplanter.fr\/index.php\/wp-json\/wp\/v2\/pages"}],"about":[{"href":"http:\/\/lebiopretaplanter.fr\/index.php\/wp-json\/wp\/v2\/types\/page"}],"author":[{"embeddable":true,"href":"http:\/\/lebiopretaplanter.fr\/index.php\/wp-json\/wp\/v2\/users\/1"}],"replies":[{"embeddable":true,"href":"http:\/\/lebiopretaplanter.fr\/index.php\/wp-json\/wp\/v2\/comments?post=1133"}],"version-history":[{"count":1,"href":"http:\/\/lebiopretaplanter.fr\/index.php\/wp-json\/wp\/v2\/pages\/1133\/revisions"}],"predecessor-version":[{"id":1135,"href":"http:\/\/lebiopretaplanter.fr\/index.php\/wp-json\/wp\/v2\/pages\/1133\/revisions\/1135"}],"wp:attachment":[{"href":"http:\/\/lebiopretaplanter.fr\/index.php\/wp-json\/wp\/v2\/media?parent=1133"}],"curies":[{"name":"wp","href":"https:\/\/api.w.org\/{rel}","templated":true}]}}