{"id":1111,"date":"2025-02-17T20:15:55","date_gmt":"2025-02-17T19:15:55","guid":{"rendered":"http:\/\/lebiopretaplanter.fr\/?page_id=1111"},"modified":"2026-03-29T20:11:57","modified_gmt":"2026-03-29T18:11:57","slug":"framboisiers","status":"publish","type":"page","link":"http:\/\/lebiopretaplanter.fr\/index.php\/framboisiers\/","title":{"rendered":"Framboisier"},"content":{"rendered":"\n<h2 class=\"wp-block-heading has-text-align-center\"><strong>Nos plants de framboisier sont disponibles : \u00e0 partir d<\/strong>&lsquo;<strong>avril<\/strong><\/h2>\n\n\n\n<p>Famille : Rosac\u00e9es<br>Nom latin : <em>Rubus idaeus<\/em><br>Vari\u00e9t\u00e9s produites : fall gold, h\u00e9ritage<\/p>\n\n\n\n<div style=\"height:19px\" aria-hidden=\"true\" class=\"wp-block-spacer\"><\/div>\n\n\n\n<div class=\"wp-block-group is-content-justification-center is-nowrap is-layout-flex wp-container-core-group-is-layout-23441af8 wp-block-group-is-layout-flex\">\n<figure class=\"wp-block-image aligncenter size-full is-resized wp-duotone-unset-1\"><img loading=\"lazy\" decoding=\"async\" width=\"604\" height=\"535\" src=\"http:\/\/lebiopretaplanter.fr\/wp-content\/uploads\/2025\/02\/framboisier-fall-gold.jpg\" alt=\"\" class=\"wp-image-1112\" style=\"width:290px;height:auto\" srcset=\"http:\/\/lebiopretaplanter.fr\/wp-content\/uploads\/2025\/02\/framboisier-fall-gold.jpg 604w, http:\/\/lebiopretaplanter.fr\/wp-content\/uploads\/2025\/02\/framboisier-fall-gold-300x266.jpg 300w\" sizes=\"auto, (max-width: 604px) 100vw, 604px\" \/><figcaption class=\"wp-element-caption\">framboise \u00ab\u00a0fall gold\u00a0\u00bb<\/figcaption><\/figure>\n\n\n\n<figure class=\"wp-block-image aligncenter size-full is-resized wp-duotone-unset-2\"><img loading=\"lazy\" decoding=\"async\" width=\"604\" height=\"533\" src=\"http:\/\/lebiopretaplanter.fr\/wp-content\/uploads\/2025\/02\/framboisier-heritage.jpg\" alt=\"\" class=\"wp-image-1113\" style=\"width:290px;height:auto\" srcset=\"http:\/\/lebiopretaplanter.fr\/wp-content\/uploads\/2025\/02\/framboisier-heritage.jpg 604w, http:\/\/lebiopretaplanter.fr\/wp-content\/uploads\/2025\/02\/framboisier-heritage-300x265.jpg 300w\" sizes=\"auto, (max-width: 604px) 100vw, 604px\" \/><figcaption class=\"wp-element-caption\">framboise \u00ab\u00a0h\u00e9ritage\u00a0\u00bb<\/figcaption><\/figure>\n<\/div>\n\n\n\n<div class=\"wp-block-group is-layout-constrained wp-block-group-is-layout-constrained\">\n<h1 class=\"wp-block-heading has-text-align-center has-primary-color has-background-background-color has-text-color has-background has-link-color wp-elements-f7f8f4bd735ae554afcf758ceb2a5feb\" style=\"padding-top:0;padding-bottom:0\">Caract\u00e9ristiques des vari\u00e9t\u00e9s :<\/h1>\n\n\n\n<p><strong>Fall gold<\/strong><br>Demi-saison \u00e0 tardif. Remontant. <\/p>\n\n\n\n<p>Gros fruits jaunes ros\u00e9s tr\u00e8s sucr\u00e9s.<\/p>\n\n\n\n<p><strong>H\u00e9ritage<\/strong><br>Demi-saison \u00e0 tardif. Remontant.<\/p>\n\n\n\n<p>Vari\u00e9t\u00e9 tr\u00e8s vigoureuse autorisant une cueillette \u00e0 la bonne hauteur. L\u00e9g\u00e8rement \u00e9pineuse et drageonnant fortement, elle poss\u00e8de une excellente r\u00e9sistance aux maladies. Fruits abondants \u00e0 l&rsquo;ar\u00f4me moins prononc\u00e9 que fall gold. Ils sont de taille moyenne mais ont une tr\u00e8s bonne tenue apr\u00e8s cueillette, \u00e0 conseiller pour les p\u00e2tisseries ou la cong\u00e9lation.<\/p>\n\n\n\n<h1 class=\"wp-block-heading has-text-align-left has-primary-color has-background-background-color has-text-color has-background has-link-color wp-elements-68ae9d0e946f2951d33e6f7e97d8ce62\" style=\"padding-top:var(--wp--preset--spacing--20);padding-right:var(--wp--preset--spacing--20);padding-bottom:var(--wp--preset--spacing--20);padding-left:var(--wp--preset--spacing--20)\">M\u00e9thode de culture des framboisiers :<\/h1>\n\n\n\n<p>\ud83c\udf31 <strong>Pr\u00e9sentation<\/strong> : Le framboisier est une <strong>plante vivace<\/strong>, arbuste fruitier cultiv\u00e9 pour ses baies rouges, roses ou jaunes, sucr\u00e9es et parfum\u00e9es. Il se consomme frais, en confiture, jus, coulis ou desserts.<\/p>\n\n\n\n<p>\u2600\ufe0f <strong>Exposition<\/strong> : Le framboisier pr\u00e9f\u00e8re une exposition ensoleill\u00e9e pour une fructification optimale, mais tol\u00e8re une mi-ombre l\u00e9g\u00e8re.<\/p>\n\n\n\n<p>\ud83c\udf3f <strong>Sol<\/strong> : Il appr\u00e9cie un sol fertile, frais, bien drain\u00e9 et l\u00e9g\u00e8rement acide \u00e0 neutre. Un apport de compost bien d\u00e9compos\u00e9 au moment de la plantation favorise un enracinement rapide et une production abondante.<\/p>\n\n\n\n<p>\ud83c\udf3e <strong>Plantation<\/strong> : Planter les plants en pleine terre, en espa\u00e7ant chaque pied de 60 \u00e0 80 cm et les rangs de 1,2 \u00e0 1,5 m\u00e8tre pour permettre le d\u00e9veloppement des tiges. Creuser un trou suffisant pour accueillir la motte et arroser g\u00e9n\u00e9reusement apr\u00e8s plantation.<\/p>\n\n\n\n<p>\ud83d\udca7 <strong>Arrosage<\/strong> : Maintenir le sol humide surtout la premi\u00e8re ann\u00e9e pour favoriser l\u2019enracinement. \u00c9viter l\u2019eau stagnante qui pourrait provoquer la pourriture des racines.<\/p>\n\n\n\n<p>\ud83d\udee0\ufe0f <strong>Entretien<\/strong> :<\/p>\n\n\n\n<ul class=\"wp-block-list\">\n<li>Palisser ou soutenir les tiges pour faciliter la r\u00e9colte et \u00e9viter les chutes de fruits<\/li>\n\n\n\n<li>Tailler chaque ann\u00e9e apr\u00e8s la r\u00e9colte pour \u00e9liminer les tiges anciennes et stimuler la production de nouvelles tiges<\/li>\n\n\n\n<li>Biner et d\u00e9sherber autour des plants<\/li>\n\n\n\n<li>Apporter du compost ou un engrais \u00e9quilibr\u00e9 si n\u00e9cessaire<\/li>\n<\/ul>\n\n\n\n<p>\u2702\ufe0f <strong>R\u00e9colte<\/strong> : R\u00e9colter les fruits lorsqu\u2019ils sont bien color\u00e9s et se d\u00e9tachent facilement. Cueillir r\u00e9guli\u00e8rement pour prolonger la production et favoriser l\u2019apparition de nouvelles framboises.<\/p>\n\n\n\n<p>\ud83c\udf31 <strong>\u00c0 consommer<\/strong> : Les framboises se consomment fra\u00eeches, en confiture, jus, coulis, desserts ou plats sucr\u00e9s. Leur saveur sucr\u00e9e et parfum\u00e9e est id\u00e9ale pour de nombreuses pr\u00e9parations culinaires.<\/p>\n<\/div>\n","protected":false},"excerpt":{"rendered":"<p>Nos plants de framboisier sont disponibles : \u00e0 partir d&lsquo;avril Famille : Rosac\u00e9esNom latin : Rubus idaeusVari\u00e9t\u00e9s produites : fall gold, h\u00e9ritage Caract\u00e9ristiques des vari\u00e9t\u00e9s : Fall goldDemi-saison \u00e0 tardif. Remontant. Gros fruits jaunes ros\u00e9s tr\u00e8s sucr\u00e9s. H\u00e9ritageDemi-saison \u00e0 tardif. Remontant. Vari\u00e9t\u00e9 tr\u00e8s vigoureuse autorisant une cueillette \u00e0 la bonne hauteur. L\u00e9g\u00e8rement \u00e9pineuse et drageonnant [&hellip;]<\/p>\n","protected":false},"author":1,"featured_media":0,"parent":0,"menu_order":0,"comment_status":"closed","ping_status":"closed","template":"","meta":{"footnotes":""},"class_list":["post-1111","page","type-page","status-publish","hentry"],"_links":{"self":[{"href":"http:\/\/lebiopretaplanter.fr\/index.php\/wp-json\/wp\/v2\/pages\/1111","targetHints":{"allow":["GET"]}}],"collection":[{"href":"http:\/\/lebiopretaplanter.fr\/index.php\/wp-json\/wp\/v2\/pages"}],"about":[{"href":"http:\/\/lebiopretaplanter.fr\/index.php\/wp-json\/wp\/v2\/types\/page"}],"author":[{"embeddable":true,"href":"http:\/\/lebiopretaplanter.fr\/index.php\/wp-json\/wp\/v2\/users\/1"}],"replies":[{"embeddable":true,"href":"http:\/\/lebiopretaplanter.fr\/index.php\/wp-json\/wp\/v2\/comments?post=1111"}],"version-history":[{"count":5,"href":"http:\/\/lebiopretaplanter.fr\/index.php\/wp-json\/wp\/v2\/pages\/1111\/revisions"}],"predecessor-version":[{"id":1552,"href":"http:\/\/lebiopretaplanter.fr\/index.php\/wp-json\/wp\/v2\/pages\/1111\/revisions\/1552"}],"wp:attachment":[{"href":"http:\/\/lebiopretaplanter.fr\/index.php\/wp-json\/wp\/v2\/media?parent=1111"}],"curies":[{"name":"wp","href":"https:\/\/api.w.org\/{rel}","templated":true}]}}